{"id":910,"date":"2017-03-27T09:02:45","date_gmt":"2017-03-27T08:02:45","guid":{"rendered":"http:\/\/www.lekaridnes.cz\/?page_id=910"},"modified":"2019-01-28T15:04:09","modified_gmt":"2019-01-28T14:04:09","slug":"porodnicka-analgezie-a-anestezie","status":"publish","type":"page","link":"https:\/\/www.lekaridnes.cz\/index.php\/vzdelavani\/vzdelavani-2017\/porodnicka-analgezie-a-anestezie\/","title":{"rendered":"Porodnick\u00e1 analgezie a anestezie 2017"},"content":{"rendered":"<p><strong>Dne 25.3. 2017 &nbsp;prob\u011bhl &nbsp;64. intenzivn\u00ed postgradu\u00e1ln\u00ed kurz Porodnick\u00e1 analgezie a anestezie na p\u016fd\u011b Gynekologicko- porodnick\u00e9 kliniky 1. LF UK a VFN v Praze.<br \/>\n<\/strong><\/p>\n<p>64. postgradu\u00e1ln\u00edho kurzu se z\u00fa\u010dastnilo 120 \u00fa\u010dastn\u00edk\u016f z \u0159ad l\u00e9ka\u0159\u016f specialist\u016f , porodn\u00edch asistentek i studentek porodn\u00ed asistence a v pr\u016fb\u011bhu cel\u00e9ho dne se sezn\u00e1mili s posledn\u00edmi novinkami z oblasti porodnick\u00e9 analgezie a anestezie.<\/p>\n<p><strong>Tento kurz Porodnick\u00e1 analgezie a anestezie je organizov\u00e1n bez p\u0159est\u00e1vky 25 let,&nbsp;<\/strong><strong>za&nbsp;\u010dtvrtstolet\u00ed &nbsp;zde nalezlo vzd\u011bl\u00e1n\u00ed v\u00edce ne\u017e 2.500 l\u00e9ka\u0159\u016f (porodnici, anesteziologov\u00e9, pediat\u0159i)&nbsp;a porodn\u00ed asistentky&nbsp;<\/strong><strong>z cel\u00e9 \u010cesk\u00e9 republiky a Slovenska.&nbsp;&nbsp;<\/strong><\/p>\n<p><strong>Odborn\u00fd garant:<br \/>\n<\/strong>prof. MUDr. Anton\u00edn Pa\u0159\u00edzek, CSc.<br \/>\np\u0159edseda Sekce analgezie a intenzivn\u00ed medic\u00edny v porodnictv\u00ed&nbsp;p\u0159i \u010cGPS \u010cLS JEP<\/p>\n<p><strong>Po\u0159\u00e1dali:<br \/>\n<\/strong>Gynekologicko\u2013porodnick\u00e1 klinika 1. LF UK a VFN v Praze<br \/>\nSekce analgezie a intenzivn\u00ed medic\u00edny v porodnictv\u00ed&nbsp;p\u0159i \u010cGPS \u010cLS JEP<br \/>\nSekce porodnick\u00e9 anestezie a analgezie p\u0159i \u010cSARIM \u010cLS JEP<br \/>\n\u010cesk\u00e1 spole\u010dnost porodn\u00edch asistentek (\u010cSPA)<br \/>\nAesculap Akademie<\/p>\n<p><strong>Program:<br \/>\n<\/strong><strong><a href=\"http:\/\/www.lekaridnes.cz\/wp-content\/uploads\/2017\/03\/PAA_25_03_2017_program_f-1.pdf\">Porodnick\u00e1 analgezie a anestezie 25.3.2017<\/a><\/strong><\/p>\n<p><strong>Hlavn\u00edm partnerem akce:<\/strong><\/p>\n<p><a href=\"http:\/\/www.vzp.cz\">V\u0161eobecn\u00e1 zdravotn\u00ed poji\u0161\u0165ovna \u010cesk\u00e9 republiky<\/a><br \/>\n<a href=\"http:\/\/www.lekaridnes.cz\/wp-content\/uploads\/2017\/03\/VZP.jpg\" target=\"_blank\" rel=\"noopener www.vzp.cz\"><img loading=\"lazy\" decoding=\"async\" class=\"alignnone wp-image-912 size-medium\" src=\"http:\/\/www.lekaridnes.cz\/wp-content\/uploads\/2017\/03\/VZP-300x168.jpg\" alt=\"\" width=\"300\" height=\"168\" srcset=\"https:\/\/www.lekaridnes.cz\/wp-content\/uploads\/2017\/03\/VZP-300x168.jpg 300w, https:\/\/www.lekaridnes.cz\/wp-content\/uploads\/2017\/03\/VZP-768x431.jpg 768w, https:\/\/www.lekaridnes.cz\/wp-content\/uploads\/2017\/03\/VZP-1024x575.jpg 1024w, https:\/\/www.lekaridnes.cz\/wp-content\/uploads\/2017\/03\/VZP.jpg 1286w\" sizes=\"auto, (max-width: 300px) 100vw, 300px\" \/><\/a><\/p>\n<p><strong>Fotogalerie:<\/strong><\/p>\n<div id='gallery-1' class='gallery galleryid-910 gallery-columns-3 gallery-size-medium'><figure class='gallery-item'>\n\t\t\t<div class='gallery-icon landscape'>\n\t\t\t\t<a href='https:\/\/www.lekaridnes.cz\/index.php\/vzdelavani\/vzdelavani-2017\/porodnicka-analgezie-a-anestezie\/attachment\/3\/'><img loading=\"lazy\" decoding=\"async\" width=\"300\" height=\"225\" src=\"https:\/\/www.lekaridnes.cz\/wp-content\/uploads\/2017\/03\/3-300x225.jpg\" class=\"attachment-medium size-medium\" alt=\"\" srcset=\"https:\/\/www.lekaridnes.cz\/wp-content\/uploads\/2017\/03\/3-300x225.jpg 300w, https:\/\/www.lekaridnes.cz\/wp-content\/uploads\/2017\/03\/3-768x576.jpg 768w, https:\/\/www.lekaridnes.cz\/wp-content\/uploads\/2017\/03\/3-1024x768.jpg 1024w\" sizes=\"auto, (max-width: 300px) 100vw, 300px\" \/><\/a>\n\t\t\t<\/div><\/figure><figure class='gallery-item'>\n\t\t\t<div class='gallery-icon landscape'>\n\t\t\t\t<a href='https:\/\/www.lekaridnes.cz\/index.php\/vzdelavani\/vzdelavani-2017\/porodnicka-analgezie-a-anestezie\/attachment\/2\/'><img loading=\"lazy\" decoding=\"async\" width=\"300\" height=\"225\" src=\"https:\/\/www.lekaridnes.cz\/wp-content\/uploads\/2017\/03\/2-300x225.jpg\" class=\"attachment-medium size-medium\" alt=\"\" srcset=\"https:\/\/www.lekaridnes.cz\/wp-content\/uploads\/2017\/03\/2-300x225.jpg 300w, https:\/\/www.lekaridnes.cz\/wp-content\/uploads\/2017\/03\/2-768x576.jpg 768w, https:\/\/www.lekaridnes.cz\/wp-content\/uploads\/2017\/03\/2-1024x768.jpg 1024w\" sizes=\"auto, (max-width: 300px) 100vw, 300px\" \/><\/a>\n\t\t\t<\/div><\/figure><figure class='gallery-item'>\n\t\t\t<div class='gallery-icon landscape'>\n\t\t\t\t<a href='https:\/\/www.lekaridnes.cz\/index.php\/vzdelavani\/vzdelavani-2017\/porodnicka-analgezie-a-anestezie\/attachment\/5\/'><img loading=\"lazy\" decoding=\"async\" width=\"300\" height=\"225\" src=\"https:\/\/www.lekaridnes.cz\/wp-content\/uploads\/2017\/03\/5-300x225.jpg\" class=\"attachment-medium size-medium\" alt=\"\" srcset=\"https:\/\/www.lekaridnes.cz\/wp-content\/uploads\/2017\/03\/5-300x225.jpg 300w, https:\/\/www.lekaridnes.cz\/wp-content\/uploads\/2017\/03\/5-768x576.jpg 768w, https:\/\/www.lekaridnes.cz\/wp-content\/uploads\/2017\/03\/5-1024x768.jpg 1024w\" sizes=\"auto, (max-width: 300px) 100vw, 300px\" \/><\/a>\n\t\t\t<\/div><\/figure>\n\t\t<\/div>\n\n<p>&nbsp;<\/p>\n","protected":false},"excerpt":{"rendered":"<p>Dne 25.3. 2017 &nbsp;prob\u011bhl &nbsp;64. intenzivn\u00ed postgradu\u00e1ln\u00ed kurz Porodnick\u00e1 analgezie a anestezie na p\u016fd\u011b Gynekologicko- porodnick\u00e9 kliniky 1. LF UK a VFN v Praze. 64. postgradu\u00e1ln\u00edho kurzu se z\u00fa\u010dastnilo 120 \u00fa\u010dastn\u00edk\u016f z \u0159ad l\u00e9ka\u0159\u016f specialist\u016f , porodn\u00edch asistentek i studentek<\/p>\n","protected":false},"author":2,"featured_media":0,"parent":2067,"menu_order":-4,"comment_status":"closed","ping_status":"closed","template":"","meta":{"footnotes":""},"class_list":["post-910","page","type-page","status-publish","hentry","","tg-column-two"],"_links":{"self":[{"href":"https:\/\/www.lekaridnes.cz\/index.php\/wp-json\/wp\/v2\/pages\/910","targetHints":{"allow":["GET"]}}],"collection":[{"href":"https:\/\/www.lekaridnes.cz\/index.php\/wp-json\/wp\/v2\/pages"}],"about":[{"href":"https:\/\/www.lekaridnes.cz\/index.php\/wp-json\/wp\/v2\/types\/page"}],"author":[{"embeddable":true,"href":"https:\/\/www.lekaridnes.cz\/index.php\/wp-json\/wp\/v2\/users\/2"}],"replies":[{"embeddable":true,"href":"https:\/\/www.lekaridnes.cz\/index.php\/wp-json\/wp\/v2\/comments?post=910"}],"version-history":[{"count":14,"href":"https:\/\/www.lekaridnes.cz\/index.php\/wp-json\/wp\/v2\/pages\/910\/revisions"}],"predecessor-version":[{"id":2079,"href":"https:\/\/www.lekaridnes.cz\/index.php\/wp-json\/wp\/v2\/pages\/910\/revisions\/2079"}],"up":[{"embeddable":true,"href":"https:\/\/www.lekaridnes.cz\/index.php\/wp-json\/wp\/v2\/pages\/2067"}],"wp:attachment":[{"href":"https:\/\/www.lekaridnes.cz\/index.php\/wp-json\/wp\/v2\/media?parent=910"}],"curies":[{"name":"wp","href":"https:\/\/api.w.org\/{rel}","templated":true}]}}