{"id":893,"date":"2017-03-23T11:46:42","date_gmt":"2017-03-23T10:46:42","guid":{"rendered":"http:\/\/www.lekaridnes.cz\/?page_id=893"},"modified":"2026-01-28T11:20:24","modified_gmt":"2026-01-28T10:20:24","slug":"vzdelavani","status":"publish","type":"page","link":"https:\/\/www.lekaridnes.cz\/index.php\/vzdelavani\/","title":{"rendered":"Vzd\u011bl\u00e1v\u00e1n\u00ed"},"content":{"rendered":"<p><!--more--><\/p>\n<p style=\"text-align: left;\"><strong><span style=\"font-size: 14pt;\">P\u0159ehled kongres\u016f, konferenc\u00ed a semin\u00e1\u0159\u016f pro l\u00e9ka\u0159e\u00a0i nel\u00e9ka\u0159sk\u00e1 povol\u00e1n\u00ed\u00a0<\/span><\/strong><strong><span style=\"font-size: 14pt;\">na rok 2026<\/span><\/strong><\/p>\n<table style=\"border-color: #000000; width: 101.897%; height: 131px;\">\n<tbody>\n<tr style=\"height: 10px;\">\n<td style=\"width: 21.3793%; height: 10px; background-color: #eba610; text-align: center;\">\u00a02026<\/td>\n<td style=\"width: 50.7924%; height: 10px; background-color: #eba610; text-align: center;\">Popis akce<\/td>\n<td style=\"width: 14.3215%; height: 10px; background-color: #eba610; text-align: center;\">M\u00edsto kon\u00e1n\u00ed<\/td>\n<td style=\"width: 27.5125%; height: 10px; background-color: #eba610; text-align: center;\">Detail akce<\/td>\n<\/tr>\n<tr style=\"height: 20px;\">\n<td style=\"width: 21.3793%; height: 20px;\">16. ledna<\/td>\n<td style=\"width: 50.7924%; height: 20px;\">Obezita a t\u011bhotenstv\u00ed<\/td>\n<td style=\"width: 14.3215%; height: 20px; text-align: center;\">Praha<\/td>\n<td style=\"width: 27.5125%; height: 20px; text-align: center;\"><a href=\"https:\/\/www.lekaridnes.cz\/index.php\/vzdelavani\/vzdelavani-2026\/obezita-a-tehotenstvi\/\">Detail<\/a><\/td>\n<\/tr>\n<tr style=\"height: 20px;\">\n<td style=\"width: 21.3793%; height: 20px;\">28. b\u0159ezna<\/td>\n<td style=\"width: 50.7924%; height: 20px;\">71. Apolin\u00e1\u0159sk\u00fd kurz porodnick\u00e9 analgezie a anestezie<\/td>\n<td style=\"width: 14.3215%; height: 20px; text-align: center;\">Praha<\/td>\n<td style=\"width: 27.5125%; height: 20px; text-align: center;\"><a href=\"https:\/\/www.lekaridnes.cz\/index.php\/vzdelavani\/vzdelavani-2026\/71-apolinarsky-kurz-porodnicke-analgezie-a-anestezie\/\">Detail<\/a><\/td>\n<\/tr>\n<tr style=\"height: 41px;\">\n<td style=\"width: 21.3793%; height: 41px;\">9 \u2013 11. dubna<\/td>\n<td style=\"width: 50.7924%; height: 41px;\">XL. Celost\u00e1tn\u00ed konference perinatologie a fetomatern\u00e1ln\u00ed medic\u00edny \u2013 \u0160temberovy dny<\/td>\n<td style=\"width: 14.3215%; height: 41px; text-align: center;\">Praha<\/td>\n<td style=\"width: 27.5125%; height: 41px; text-align: center;\"><a href=\"https:\/\/cgps.cz\/akce\/xli-celostatni-konference-sekce-perinatologie-a-fetomaternalni-mediciny-stemberovy-dny\/\">Detail<\/a><\/td>\n<\/tr>\n<tr style=\"height: 20px;\">\n<td style=\"width: 21.3793%; height: 20px;\">28. kv\u011btna \u2013 30. kv\u011btna<\/td>\n<td style=\"width: 50.7924%; height: 20px;\">Kongres \u010cGPS \u010cLS JEP s mezin\u00e1rodn\u00ed \u00fa\u010dast\u00ed<\/td>\n<td style=\"width: 14.3215%; height: 20px; text-align: center;\">Karlovy Vary<\/td>\n<td style=\"width: 27.5125%; height: 20px; text-align: center;\"><a href=\"http:\/\/xn--kongres%20gps%20ls%20jep%20s%20mezinrodn%20ast-k0d49cga06df3aga4a\/\">Detail<\/a><\/td>\n<\/tr>\n<tr style=\"height: 20px;\">\n<td style=\"width: 21.3793%; height: 20px;\">11. \u2013 12. prosince<\/td>\n<td style=\"width: 50.7924%; height: 20px;\">Kritick\u00e9 stavy v porodnictv\u00ed a Simula\u010dn\u00ed den<\/td>\n<td style=\"width: 14.3215%; height: 20px; text-align: center;\">Praha<\/td>\n<td style=\"width: 27.5125%; height: 20px; text-align: center;\">Detail<\/td>\n<\/tr>\n<\/tbody>\n<\/table>\n\n\n<p><\/p>\n","protected":false},"excerpt":{"rendered":"","protected":false},"author":2,"featured_media":900,"parent":0,"menu_order":6,"comment_status":"closed","ping_status":"closed","template":"","meta":{"footnotes":""},"class_list":["post-893","page","type-page","status-publish","has-post-thumbnail","hentry","","tg-column-two"],"_links":{"self":[{"href":"https:\/\/www.lekaridnes.cz\/index.php\/wp-json\/wp\/v2\/pages\/893","targetHints":{"allow":["GET"]}}],"collection":[{"href":"https:\/\/www.lekaridnes.cz\/index.php\/wp-json\/wp\/v2\/pages"}],"about":[{"href":"https:\/\/www.lekaridnes.cz\/index.php\/wp-json\/wp\/v2\/types\/page"}],"author":[{"embeddable":true,"href":"https:\/\/www.lekaridnes.cz\/index.php\/wp-json\/wp\/v2\/users\/2"}],"replies":[{"embeddable":true,"href":"https:\/\/www.lekaridnes.cz\/index.php\/wp-json\/wp\/v2\/comments?post=893"}],"version-history":[{"count":147,"href":"https:\/\/www.lekaridnes.cz\/index.php\/wp-json\/wp\/v2\/pages\/893\/revisions"}],"predecessor-version":[{"id":6324,"href":"https:\/\/www.lekaridnes.cz\/index.php\/wp-json\/wp\/v2\/pages\/893\/revisions\/6324"}],"wp:featuredmedia":[{"embeddable":true,"href":"https:\/\/www.lekaridnes.cz\/index.php\/wp-json\/wp\/v2\/media\/900"}],"wp:attachment":[{"href":"https:\/\/www.lekaridnes.cz\/index.php\/wp-json\/wp\/v2\/media?parent=893"}],"curies":[{"name":"wp","href":"https:\/\/api.w.org\/{rel}","templated":true}]}}