{"id":731,"date":"2017-01-11T13:09:57","date_gmt":"2017-01-11T12:09:57","guid":{"rendered":"http:\/\/lekari.3sixty.eu\/?page_id=731"},"modified":"2019-01-28T15:03:23","modified_gmt":"2019-01-28T14:03:23","slug":"kriticke-stavy-v-porodnictvi-2016","status":"publish","type":"page","link":"https:\/\/www.lekaridnes.cz\/index.php\/vzdelavani\/vzdelavani-2016\/kriticke-stavy-v-porodnictvi-2016\/","title":{"rendered":"Kritick\u00e9 stavy v porodnictv\u00ed 2016"},"content":{"rendered":"<p><strong>Dne 10. 12. prob\u011bhl kongres pod n\u00e1zvem Kritick\u00e9 stavy v porodnictv\u00ed v nov\u00e9 budov\u011b N\u00e1rodn\u00edho muzea v Praze.<br \/>\n<\/strong><\/p>\n<p>V&nbsp;leto\u0161n\u00edm roce se kongresu z\u00fa\u010dastnilo &nbsp;p\u0159es 450 \u00fa\u010dastn\u00edk\u016f z \u0159ad l\u00e9ka\u0159\u016f a porodn\u00edch asistentek.<br \/>\nP\u0159ednesen\u00e9 p\u0159\u00edsp\u011bvky zam\u011b\u0159en\u00e9 na novinky z&nbsp;oboru a za\u0159azen\u00e9 dva obs\u00e1hl\u00e9 bloky kazuistik p\u0159isp\u011bly ke zd\u00e1rn\u00e9mu pr\u016fb\u011bhu akce. Na z\u00e1klad\u011b prvn\u00edch ohlas\u016f byl program pro poslucha\u010de velmi zaj\u00edmav\u00fd a cel\u00fd kongres hodnot\u00ed pozitivn\u011b a oce\u0148uj\u00ed jako p\u0159\u00ednosn\u00fd.<\/p>\n<p><strong>Po\u0159adatel:<br \/>\n<\/strong>Gynekologicko \u2013 porodnick\u00e1 klinika 1. LF UK a VFN v Praze<br \/>\nSekce analgezie a anestezie v porodnictv\u00ed pri \u010cGPS \u010cLS JEP<br \/>\n\u010cesk\u00e1 spole\u010dnost porodn\u00edch asistentek<br \/>\nAesculap academie<\/p>\n<p><strong>Garant:<\/strong><br \/>\nprof. MUDr. Anton\u00edn Pa\u0159\u00edzek, CSc.<br \/>\n<em>p\u0159edseda&nbsp;Sekce analgezie a anestezie v porodnictv\u00ed pri \u010cGPS \u010cLS JE<\/em>P<\/p>\n<p><strong>Z\u00e1\u0161tita:<br \/>\n<\/strong>prof. MUDr. Tom\u00e1\u0161 Zima, DrSc., MBA<br \/>\n<em>rektor Univerzity Karlovy v Praze<\/em><\/p>\n<p><strong>Program:<\/strong><\/p>\n<p><strong><a href=\"http:\/\/www.lekaridnes.cz\/wp-content\/uploads\/2017\/01\/KS_2016_Program.pdf\">Program Kritick\u00e9 stavy 2016<\/a><\/strong><\/p>\n<p><strong>Prezentace:<\/strong><\/p>\n<p><strong><a href=\"http:\/\/www.lekaridnes.cz\/wp-content\/uploads\/2017\/01\/00-Uvod-Parizek-KS-2016.pdf\">\u00davod Kritick\u00e9 stavy 2016<\/a><\/strong><em><br \/>\n<\/em><em>Anton\u00edn Pa\u0159\u00edzek<\/em><\/p>\n<p><strong>Mate\u0159sk\u00e1 a perinat\u00e1ln\u00ed mortalita<\/strong><\/p>\n<p><a href=\"http:\/\/www.lekaridnes.cz\/wp-content\/uploads\/2017\/01\/01-Dolensk\u00e1.pdf\"><strong>Pro\u010d dnes matky um\u00edraj\u00ed ve Velk\u00e9 Brit\u00e1nii<\/strong><\/a><br \/>\n<em>Sylva Dolensk\u00e1<\/em><\/p>\n<p><strong><a href=\"http:\/\/www.lekaridnes.cz\/wp-content\/uploads\/2017\/01\/02-Velebil.pdf\">Mate\u0159sk\u00e1 mortalita v \u010cR<\/a><br \/>\n<\/strong><em>Petr Velebil<\/em><\/p>\n<p><strong><a href=\"http:\/\/www.lekaridnes.cz\/wp-content\/uploads\/2017\/01\/03-Velebil.pdf\">Perinat\u00e1ln\u00ed mortalita <\/a><br \/>\n<\/strong><em>Petr Velebil<\/em><\/p>\n<p><em>Kazuistiky I.<\/em><\/p>\n<p><strong><a href=\"http:\/\/www.lekaridnes.cz\/wp-content\/uploads\/2017\/01\/05-Beranek.pdf\">Zavanelliho man\u00e9vr<\/a><\/strong><br \/>\n<em>Petr Ber\u00e1nek<\/em><\/p>\n<p><strong><a href=\"http:\/\/www.lekaridnes.cz\/wp-content\/uploads\/2017\/01\/04-Zemanova.pdf\">Fet\u00e1ln\u00ed hemorhagie s \u00famrt\u00edm plodu<\/a><\/strong><em><strong><br \/>\n<\/strong>Zemanov\u00e1<\/em><\/p>\n<p><strong><a href=\"http:\/\/www.lekaridnes.cz\/wp-content\/uploads\/2017\/01\/32-Srytrova.pdf\">Akutn\u00ed c\u00edsa\u0159sk\u00fd \u0159ez u t\u011bhotn\u00e9 s n\u00e1dorem mozku<\/a><\/strong><br \/>\n<em>\u0160rytrov\u00e1<\/em><\/p>\n<p><strong><a href=\"http:\/\/www.lekaridnes.cz\/wp-content\/uploads\/2017\/01\/33-Zizka.pdf\">Ruptura d\u011blohy po p\u0159edchoz\u00edm c\u00edsa\u0159sk\u00e9m \u0159ezu, korpor\u00e1ln\u00ed hysterektomie<\/a><\/strong><br \/>\n<em>Zden\u011bk \u017di\u017eka<\/em><\/p>\n<p><strong>P\u0159ed\u010dasn\u00fd porod &#8211; nejz\u00e1va\u017en\u011bj\u0161\u00ed perinatologick\u00fd probl\u00e9m sou\u010dasnosti<\/strong><\/p>\n<p><strong><a href=\"http:\/\/www.lekaridnes.cz\/wp-content\/uploads\/2017\/01\/08-Koucky.pdf\">P\u0159ed\u010dasn\u00fd porod<\/a><\/strong><br \/>\n<em>Michal Kouck\u00fd<\/em><\/p>\n<p><strong><a href=\"http:\/\/www.lekaridnes.cz\/wp-content\/uploads\/2017\/01\/09-Blaha.pdf\">Sepse v porodnictv\u00ed<\/a><br \/>\n<\/strong><em>Jan Bl\u00e1ha<\/em><\/p>\n<p><strong><a href=\"http:\/\/www.lekaridnes.cz\/wp-content\/uploads\/2017\/01\/10-Sebron.pdf\">Infekce v t\u011bhotenstv\u00ed ohro\u017euj\u00edc\u00ed novorozence<\/a><\/strong><br \/>\n<em>V\u00e1clav Sebro\u0148<\/em><\/p>\n<p><strong><a href=\"http:\/\/www.lekaridnes.cz\/wp-content\/uploads\/2017\/01\/11-Ad\u00e1mkova.pdf\">\u00daskal\u00ed ATB l\u00e9\u010dby v t\u011bhotenstv\u00ed a \u0161estined\u011bl\u00ed<\/a><\/strong><br \/>\n<em>V\u00e1clava Ad\u00e1mkov\u00e1<\/em><\/p>\n<p><strong>Intern\u00ed choroby v t\u011bhotenstv\u00ed<\/strong><\/p>\n<p><strong><a href=\"http:\/\/www.lekaridnes.cz\/wp-content\/uploads\/2017\/01\/13-Zelinka.pdf\">L\u00e9\u010dba hypertenze v t\u011bhotenstv\u00ed<\/a><br \/>\n<\/strong><em>Tom\u00e1\u0161 Zelinka<\/em><\/p>\n<p><strong><a href=\"http:\/\/www.lekaridnes.cz\/wp-content\/uploads\/2017\/01\/14-Trunecka.pdf\">Hepatopathie v t\u011bhotenstv\u00ed<\/a><br \/>\n<\/strong><em>Pavel Trune\u010dka<\/em><\/p>\n<p><strong><a href=\"http:\/\/www.lekaridnes.cz\/wp-content\/uploads\/2017\/01\/15-Jindrova.pdf\">Akutn\u00ed intoxikace drogami<\/a><br \/>\n<\/strong><em>Barbora Jindrov\u00e1<\/em><\/p>\n<p><strong>Plod jako pacient<\/strong><\/p>\n<p><strong><a href=\"http:\/\/www.lekaridnes.cz\/wp-content\/uploads\/2017\/01\/17-Zizka.pdf\">Hypotrofick\u00fd plod &#8211; kdy ukon\u010dit t\u011bhotenstv\u00ed?<\/a><br \/>\n<\/strong><em>Zden\u011bk \u017di\u017eka<\/em><\/p>\n<p><strong><a href=\"http:\/\/www.lekaridnes.cz\/wp-content\/uploads\/2017\/01\/18_-Dystokie-ramenek-Parizek-Zahumensk_2016.pdf\">Dystokie ramenek<\/a><\/strong><em><strong><br \/>\n<\/strong>Josef Z\u00e1humensk\u00fd<\/em><\/p>\n<p><strong><a href=\"http:\/\/www.lekaridnes.cz\/wp-content\/uploads\/2017\/01\/20-\u010ciha\u0159.pdf\">Dom\u00e1c\u00ed porod<\/a><br \/>\n<\/strong><em>Martin \u010ciha\u0159<\/em><\/p>\n<p><strong><a href=\"http:\/\/www.lekaridnes.cz\/wp-content\/uploads\/2017\/01\/19-Parizek-Domaci-porod.pdf\">Dom\u00e1ci porod<\/a><br \/>\n<\/strong><em>Anton\u00edn Pa\u0159\u00edzek<\/em><\/p>\n<p><strong><a href=\"http:\/\/www.lekaridnes.cz\/wp-content\/uploads\/2017\/01\/21-Li\u0161ka-resusc-novor.pdf\">Resuscitace novorozence<\/a><\/strong><em><strong><br \/>\n<\/strong>Karel Li\u0161ka<\/em><\/p>\n<p><strong>Peripart\u00e1ln\u00ed \u017eivot ohro\u017euj\u00edc\u00ed krv\u00e1cen\u00ed<\/strong><\/p>\n<p><strong><a href=\"http:\/\/www.lekaridnes.cz\/wp-content\/uploads\/2017\/01\/MUDr.-Pa\u0159\u00edzek-Peripart\u00e1ln\u00ed-\u017eivot-ohro\u017euj\u00edc\u00ed-krv\u00e1cen\u00ed.pdf\">Peripart\u00e1ln\u00ed \u017eivot ohro\u017euj\u00edc\u00ed krv\u00e1cen\u00ed<\/a><\/strong><em><br \/>\nAnton\u00edn Pa\u0159\u00edzek<\/em><\/p>\n<p><strong><a href=\"http:\/\/www.lekaridnes.cz\/wp-content\/uploads\/2017\/01\/Parizek.pdf\">Hypotonie d\u011blo\u017en\u00ed&nbsp;<\/a><\/strong><em><strong><br \/>\n<\/strong>Michal Kouck\u00fd<\/em><\/p>\n<p><a href=\"http:\/\/www.lekaridnes.cz\/wp-content\/uploads\/2017\/01\/MUDr.-Zik\u00e1n-Placenta-accreta-percreta.pdf\"><strong>Placenta accreta-percreta<\/strong><\/a><br \/>\n<em>Michal Zik\u00e1n<\/em><\/p>\n<p><strong><a href=\"http:\/\/www.lekaridnes.cz\/wp-content\/uploads\/2017\/01\/29-Dr\u00e1bkov\u00e1.pdf\">Li\u0161\u00ed se kritick\u00e9 stavy t\u011bhotn\u00fdch od nezletil\u00fdch a\u017e po zral\u00fd v\u011bk?<\/a><br \/>\n<\/strong><em>Jarmila Dr\u00e1bkov\u00e1<\/em><\/p>\n<p><strong>Embolick\u00e9 p\u0159\u00edhody v t\u011bhotenstv\u00ed&nbsp;<\/strong><\/p>\n<p><strong><a href=\"http:\/\/www.lekaridnes.cz\/wp-content\/uploads\/2017\/01\/Embolie-plodovou-vodou-2016.pdf\">Embolie plodovou vodou&nbsp;<\/a><\/strong><i><strong><br \/>\n<\/strong>Anton\u00edn Pa\u0159\u00edzek<\/i><\/p>\n<p><em>Kazuistiky II.<\/em><\/p>\n<p><strong><a href=\"http:\/\/www.lekaridnes.cz\/wp-content\/uploads\/2017\/01\/31-Simjak.pdf\">Perimort\u00e1ln\u00ed c\u00edsa\u0159sk\u00fd \u0159ez<\/a><\/strong><br \/>\n<em>Patrik \u0160imj\u00e1k<\/em><\/p>\n<p><a href=\"http:\/\/www.lekaridnes.cz\/wp-content\/uploads\/2017\/01\/Parizek-1.pdf\"><strong>&nbsp;Li\u0161\u00ed se kritick\u00e9 stavy &nbsp;t\u011bhotn\u00fdch od nezletil\u00fdch a\u017e po zral\u00fd v\u011bk? Kardiopulmon\u00e1ln\u00ed resuscitace v t\u011bhotenstv\u00ed<\/strong>&nbsp;<\/a><br \/>\n<em>Jarmila Dr\u00e1bkov\u00e1<\/em><\/p>\n<p><strong><a href=\"http:\/\/www.lekaridnes.cz\/wp-content\/uploads\/2017\/01\/MUDr.-Zikan-Z\u00e1stava-krv\u00e1cen\u00ed-v-gynekologick\u00e9-otev\u0159en\u00e9-operativ\u011b.pdf\">Z\u00e1stava krv\u00e1cen\u00ed v gynekologick\u00e9 otev\u0159en\u00e9 operativ\u011b<\/a><\/strong><br \/>\n<em>Michal Zik\u00e1n<br \/>\n<\/em><\/p>\n<p><strong>Z\u00e1v\u011br<\/strong><\/p>\n<p><strong><a href=\"http:\/\/www.lekaridnes.cz\/wp-content\/uploads\/2017\/01\/34-Zaver-Parizek-KS-2016.pdf\">Z\u00e1v\u011br Kritick\u00e9 stavy 2016<\/a><\/strong><br \/>\n<i>Anton\u00edn Pa\u0159\u00edzek<\/i><\/p>\n<p><strong>Fotogalerie:<\/strong><\/p>\n<div id='gallery-1' class='gallery galleryid-731 gallery-columns-3 gallery-size-medium'><figure class='gallery-item'>\n\t\t\t<div class='gallery-icon landscape'>\n\t\t\t\t<a href='https:\/\/www.lekaridnes.cz\/index.php\/vzdelavani\/vzdelavani-2016\/kriticke-stavy-v-porodnictvi-2016\/jkrl9175a\/'><img loading=\"lazy\" decoding=\"async\" width=\"300\" height=\"200\" src=\"https:\/\/www.lekaridnes.cz\/wp-content\/uploads\/2017\/01\/JKRL9175a-300x200.jpg\" class=\"attachment-medium size-medium\" alt=\"\" srcset=\"https:\/\/www.lekaridnes.cz\/wp-content\/uploads\/2017\/01\/JKRL9175a-300x200.jpg 300w, https:\/\/www.lekaridnes.cz\/wp-content\/uploads\/2017\/01\/JKRL9175a-768x512.jpg 768w, https:\/\/www.lekaridnes.cz\/wp-content\/uploads\/2017\/01\/JKRL9175a.jpg 1000w\" sizes=\"auto, (max-width: 300px) 100vw, 300px\" \/><\/a>\n\t\t\t<\/div><\/figure><figure class='gallery-item'>\n\t\t\t<div class='gallery-icon landscape'>\n\t\t\t\t<a href='https:\/\/www.lekaridnes.cz\/index.php\/vzdelavani\/vzdelavani-2016\/kriticke-stavy-v-porodnictvi-2016\/jkrl9186a\/'><img loading=\"lazy\" decoding=\"async\" width=\"300\" height=\"200\" src=\"https:\/\/www.lekaridnes.cz\/wp-content\/uploads\/2017\/01\/JKRL9186a-300x200.jpg\" class=\"attachment-medium size-medium\" alt=\"\" srcset=\"https:\/\/www.lekaridnes.cz\/wp-content\/uploads\/2017\/01\/JKRL9186a-300x200.jpg 300w, https:\/\/www.lekaridnes.cz\/wp-content\/uploads\/2017\/01\/JKRL9186a-768x512.jpg 768w, https:\/\/www.lekaridnes.cz\/wp-content\/uploads\/2017\/01\/JKRL9186a.jpg 1000w\" sizes=\"auto, (max-width: 300px) 100vw, 300px\" \/><\/a>\n\t\t\t<\/div><\/figure><figure class='gallery-item'>\n\t\t\t<div class='gallery-icon landscape'>\n\t\t\t\t<a href='https:\/\/www.lekaridnes.cz\/index.php\/vzdelavani\/vzdelavani-2016\/kriticke-stavy-v-porodnictvi-2016\/jkrl9189a\/'><img loading=\"lazy\" decoding=\"async\" width=\"300\" height=\"200\" src=\"https:\/\/www.lekaridnes.cz\/wp-content\/uploads\/2017\/01\/JKRL9189a-300x200.jpg\" class=\"attachment-medium size-medium\" alt=\"\" srcset=\"https:\/\/www.lekaridnes.cz\/wp-content\/uploads\/2017\/01\/JKRL9189a-300x200.jpg 300w, https:\/\/www.lekaridnes.cz\/wp-content\/uploads\/2017\/01\/JKRL9189a-768x512.jpg 768w, https:\/\/www.lekaridnes.cz\/wp-content\/uploads\/2017\/01\/JKRL9189a.jpg 1000w\" sizes=\"auto, (max-width: 300px) 100vw, 300px\" \/><\/a>\n\t\t\t<\/div><\/figure><figure class='gallery-item'>\n\t\t\t<div class='gallery-icon landscape'>\n\t\t\t\t<a href='https:\/\/www.lekaridnes.cz\/index.php\/vzdelavani\/vzdelavani-2016\/kriticke-stavy-v-porodnictvi-2016\/jkrl9199nn\/'><img loading=\"lazy\" decoding=\"async\" width=\"300\" height=\"200\" src=\"https:\/\/www.lekaridnes.cz\/wp-content\/uploads\/2017\/01\/JKRL9199nn-300x200.jpg\" class=\"attachment-medium size-medium\" alt=\"\" srcset=\"https:\/\/www.lekaridnes.cz\/wp-content\/uploads\/2017\/01\/JKRL9199nn-300x200.jpg 300w, https:\/\/www.lekaridnes.cz\/wp-content\/uploads\/2017\/01\/JKRL9199nn-768x512.jpg 768w, https:\/\/www.lekaridnes.cz\/wp-content\/uploads\/2017\/01\/JKRL9199nn.jpg 1000w\" sizes=\"auto, (max-width: 300px) 100vw, 300px\" \/><\/a>\n\t\t\t<\/div><\/figure><figure class='gallery-item'>\n\t\t\t<div class='gallery-icon landscape'>\n\t\t\t\t<a href='https:\/\/www.lekaridnes.cz\/index.php\/vzdelavani\/vzdelavani-2016\/kriticke-stavy-v-porodnictvi-2016\/jkrl9203a\/'><img loading=\"lazy\" decoding=\"async\" width=\"300\" height=\"200\" src=\"https:\/\/www.lekaridnes.cz\/wp-content\/uploads\/2017\/01\/JKRL9203a-300x200.jpg\" class=\"attachment-medium size-medium\" alt=\"\" srcset=\"https:\/\/www.lekaridnes.cz\/wp-content\/uploads\/2017\/01\/JKRL9203a-300x200.jpg 300w, https:\/\/www.lekaridnes.cz\/wp-content\/uploads\/2017\/01\/JKRL9203a-768x512.jpg 768w, https:\/\/www.lekaridnes.cz\/wp-content\/uploads\/2017\/01\/JKRL9203a.jpg 1000w\" sizes=\"auto, (max-width: 300px) 100vw, 300px\" \/><\/a>\n\t\t\t<\/div><\/figure><figure class='gallery-item'>\n\t\t\t<div class='gallery-icon landscape'>\n\t\t\t\t<a href='https:\/\/www.lekaridnes.cz\/index.php\/vzdelavani\/vzdelavani-2016\/kriticke-stavy-v-porodnictvi-2016\/jkrl9223a\/'><img loading=\"lazy\" decoding=\"async\" width=\"300\" height=\"200\" src=\"https:\/\/www.lekaridnes.cz\/wp-content\/uploads\/2017\/01\/JKRL9223a-300x200.jpg\" class=\"attachment-medium size-medium\" alt=\"\" srcset=\"https:\/\/www.lekaridnes.cz\/wp-content\/uploads\/2017\/01\/JKRL9223a-300x200.jpg 300w, https:\/\/www.lekaridnes.cz\/wp-content\/uploads\/2017\/01\/JKRL9223a-768x512.jpg 768w, https:\/\/www.lekaridnes.cz\/wp-content\/uploads\/2017\/01\/JKRL9223a.jpg 1000w\" sizes=\"auto, (max-width: 300px) 100vw, 300px\" \/><\/a>\n\t\t\t<\/div><\/figure><figure class='gallery-item'>\n\t\t\t<div class='gallery-icon landscape'>\n\t\t\t\t<a href='https:\/\/www.lekaridnes.cz\/index.php\/vzdelavani\/vzdelavani-2016\/kriticke-stavy-v-porodnictvi-2016\/jkrl9258a\/'><img loading=\"lazy\" decoding=\"async\" width=\"300\" height=\"200\" src=\"https:\/\/www.lekaridnes.cz\/wp-content\/uploads\/2017\/01\/JKRL9258a-300x200.jpg\" class=\"attachment-medium size-medium\" alt=\"\" srcset=\"https:\/\/www.lekaridnes.cz\/wp-content\/uploads\/2017\/01\/JKRL9258a-300x200.jpg 300w, https:\/\/www.lekaridnes.cz\/wp-content\/uploads\/2017\/01\/JKRL9258a-768x512.jpg 768w, https:\/\/www.lekaridnes.cz\/wp-content\/uploads\/2017\/01\/JKRL9258a.jpg 1000w\" sizes=\"auto, (max-width: 300px) 100vw, 300px\" \/><\/a>\n\t\t\t<\/div><\/figure><figure class='gallery-item'>\n\t\t\t<div class='gallery-icon landscape'>\n\t\t\t\t<a href='https:\/\/www.lekaridnes.cz\/index.php\/vzdelavani\/vzdelavani-2016\/kriticke-stavy-v-porodnictvi-2016\/jkrl9261a\/'><img loading=\"lazy\" decoding=\"async\" width=\"300\" height=\"200\" src=\"https:\/\/www.lekaridnes.cz\/wp-content\/uploads\/2017\/01\/JKRL9261a-300x200.jpg\" class=\"attachment-medium size-medium\" alt=\"\" srcset=\"https:\/\/www.lekaridnes.cz\/wp-content\/uploads\/2017\/01\/JKRL9261a-300x200.jpg 300w, https:\/\/www.lekaridnes.cz\/wp-content\/uploads\/2017\/01\/JKRL9261a-768x512.jpg 768w, https:\/\/www.lekaridnes.cz\/wp-content\/uploads\/2017\/01\/JKRL9261a.jpg 1000w\" sizes=\"auto, (max-width: 300px) 100vw, 300px\" \/><\/a>\n\t\t\t<\/div><\/figure><figure class='gallery-item'>\n\t\t\t<div class='gallery-icon landscape'>\n\t\t\t\t<a href='https:\/\/www.lekaridnes.cz\/index.php\/vzdelavani\/vzdelavani-2016\/kriticke-stavy-v-porodnictvi-2016\/jkrl9302a\/'><img loading=\"lazy\" decoding=\"async\" width=\"300\" height=\"200\" src=\"https:\/\/www.lekaridnes.cz\/wp-content\/uploads\/2017\/01\/JKRL9302a-300x200.jpg\" class=\"attachment-medium size-medium\" alt=\"\" srcset=\"https:\/\/www.lekaridnes.cz\/wp-content\/uploads\/2017\/01\/JKRL9302a-300x200.jpg 300w, https:\/\/www.lekaridnes.cz\/wp-content\/uploads\/2017\/01\/JKRL9302a-768x512.jpg 768w, https:\/\/www.lekaridnes.cz\/wp-content\/uploads\/2017\/01\/JKRL9302a.jpg 1000w\" sizes=\"auto, (max-width: 300px) 100vw, 300px\" \/><\/a>\n\t\t\t<\/div><\/figure><figure class='gallery-item'>\n\t\t\t<div class='gallery-icon landscape'>\n\t\t\t\t<a href='https:\/\/www.lekaridnes.cz\/index.php\/vzdelavani\/vzdelavani-2016\/kriticke-stavy-v-porodnictvi-2016\/jkrl9289a\/'><img loading=\"lazy\" decoding=\"async\" width=\"300\" height=\"200\" src=\"https:\/\/www.lekaridnes.cz\/wp-content\/uploads\/2017\/01\/JKRL9289a-300x200.jpg\" class=\"attachment-medium size-medium\" alt=\"\" srcset=\"https:\/\/www.lekaridnes.cz\/wp-content\/uploads\/2017\/01\/JKRL9289a-300x200.jpg 300w, https:\/\/www.lekaridnes.cz\/wp-content\/uploads\/2017\/01\/JKRL9289a-768x512.jpg 768w, https:\/\/www.lekaridnes.cz\/wp-content\/uploads\/2017\/01\/JKRL9289a.jpg 1000w\" sizes=\"auto, (max-width: 300px) 100vw, 300px\" \/><\/a>\n\t\t\t<\/div><\/figure><figure class='gallery-item'>\n\t\t\t<div class='gallery-icon landscape'>\n\t\t\t\t<a href='https:\/\/www.lekaridnes.cz\/index.php\/vzdelavani\/vzdelavani-2016\/kriticke-stavy-v-porodnictvi-2016\/jkrl9291a\/'><img loading=\"lazy\" decoding=\"async\" width=\"300\" height=\"200\" src=\"https:\/\/www.lekaridnes.cz\/wp-content\/uploads\/2017\/01\/JKRL9291a-300x200.jpg\" class=\"attachment-medium size-medium\" alt=\"\" srcset=\"https:\/\/www.lekaridnes.cz\/wp-content\/uploads\/2017\/01\/JKRL9291a-300x200.jpg 300w, https:\/\/www.lekaridnes.cz\/wp-content\/uploads\/2017\/01\/JKRL9291a-768x512.jpg 768w, https:\/\/www.lekaridnes.cz\/wp-content\/uploads\/2017\/01\/JKRL9291a.jpg 1000w\" sizes=\"auto, (max-width: 300px) 100vw, 300px\" \/><\/a>\n\t\t\t<\/div><\/figure><figure class='gallery-item'>\n\t\t\t<div class='gallery-icon landscape'>\n\t\t\t\t<a href='https:\/\/www.lekaridnes.cz\/index.php\/vzdelavani\/vzdelavani-2016\/kriticke-stavy-v-porodnictvi-2016\/jkrl9292a\/'><img loading=\"lazy\" decoding=\"async\" width=\"300\" height=\"200\" src=\"https:\/\/www.lekaridnes.cz\/wp-content\/uploads\/2017\/01\/JKRL9292a-300x200.jpg\" class=\"attachment-medium size-medium\" alt=\"\" srcset=\"https:\/\/www.lekaridnes.cz\/wp-content\/uploads\/2017\/01\/JKRL9292a-300x200.jpg 300w, https:\/\/www.lekaridnes.cz\/wp-content\/uploads\/2017\/01\/JKRL9292a-768x512.jpg 768w, https:\/\/www.lekaridnes.cz\/wp-content\/uploads\/2017\/01\/JKRL9292a.jpg 1000w\" sizes=\"auto, (max-width: 300px) 100vw, 300px\" \/><\/a>\n\t\t\t<\/div><\/figure><figure class='gallery-item'>\n\t\t\t<div class='gallery-icon landscape'>\n\t\t\t\t<a href='https:\/\/www.lekaridnes.cz\/index.php\/vzdelavani\/vzdelavani-2016\/kriticke-stavy-v-porodnictvi-2016\/jkrl9296a\/'><img loading=\"lazy\" decoding=\"async\" width=\"300\" height=\"200\" src=\"https:\/\/www.lekaridnes.cz\/wp-content\/uploads\/2017\/01\/JKRL9296a-300x200.jpg\" class=\"attachment-medium size-medium\" alt=\"\" srcset=\"https:\/\/www.lekaridnes.cz\/wp-content\/uploads\/2017\/01\/JKRL9296a-300x200.jpg 300w, https:\/\/www.lekaridnes.cz\/wp-content\/uploads\/2017\/01\/JKRL9296a-768x512.jpg 768w, https:\/\/www.lekaridnes.cz\/wp-content\/uploads\/2017\/01\/JKRL9296a.jpg 1000w\" sizes=\"auto, (max-width: 300px) 100vw, 300px\" \/><\/a>\n\t\t\t<\/div><\/figure><figure class='gallery-item'>\n\t\t\t<div class='gallery-icon landscape'>\n\t\t\t\t<a href='https:\/\/www.lekaridnes.cz\/index.php\/vzdelavani\/vzdelavani-2016\/kriticke-stavy-v-porodnictvi-2016\/jkrl0023a\/'><img loading=\"lazy\" decoding=\"async\" width=\"300\" height=\"200\" src=\"https:\/\/www.lekaridnes.cz\/wp-content\/uploads\/2017\/01\/JKRL0023a-300x200.jpg\" class=\"attachment-medium size-medium\" alt=\"\" srcset=\"https:\/\/www.lekaridnes.cz\/wp-content\/uploads\/2017\/01\/JKRL0023a-300x200.jpg 300w, https:\/\/www.lekaridnes.cz\/wp-content\/uploads\/2017\/01\/JKRL0023a-768x512.jpg 768w, https:\/\/www.lekaridnes.cz\/wp-content\/uploads\/2017\/01\/JKRL0023a.jpg 1000w\" sizes=\"auto, (max-width: 300px) 100vw, 300px\" \/><\/a>\n\t\t\t<\/div><\/figure><figure class='gallery-item'>\n\t\t\t<div class='gallery-icon landscape'>\n\t\t\t\t<a href='https:\/\/www.lekaridnes.cz\/index.php\/vzdelavani\/vzdelavani-2016\/kriticke-stavy-v-porodnictvi-2016\/jkrl9378a\/'><img loading=\"lazy\" decoding=\"async\" width=\"300\" height=\"200\" src=\"https:\/\/www.lekaridnes.cz\/wp-content\/uploads\/2017\/01\/JKRL9378a-300x200.jpg\" class=\"attachment-medium size-medium\" alt=\"\" srcset=\"https:\/\/www.lekaridnes.cz\/wp-content\/uploads\/2017\/01\/JKRL9378a-300x200.jpg 300w, https:\/\/www.lekaridnes.cz\/wp-content\/uploads\/2017\/01\/JKRL9378a-768x512.jpg 768w, https:\/\/www.lekaridnes.cz\/wp-content\/uploads\/2017\/01\/JKRL9378a.jpg 1000w\" sizes=\"auto, (max-width: 300px) 100vw, 300px\" \/><\/a>\n\t\t\t<\/div><\/figure>\n\t\t<\/div>\n\n<p>&nbsp;<\/p>\n<p>&nbsp;<\/p>\n<p>&nbsp;<\/p>\n<p>&nbsp;<\/p>\n<p>&nbsp;<\/p>\n<p>&nbsp;<\/p>\n<p>&nbsp;<\/p>\n<p>&nbsp;<\/p>\n<p>&nbsp;<\/p>\n<p>&nbsp;<\/p>\n<p>&nbsp;<\/p>\n<p>&nbsp;<\/p>\n<p>&nbsp;<\/p>\n<p>&nbsp;<\/p>\n<p>&nbsp;<\/p>\n<p>&nbsp;<\/p>\n<p>&nbsp;<\/p>\n<p>&nbsp;<\/p>\n<p>&nbsp;<\/p>\n<p>&nbsp;<\/p>\n<p>&nbsp;<\/p>\n<p><strong>Fotogalerie:<\/strong><\/p>\n<p>&nbsp;<\/p>\n","protected":false},"excerpt":{"rendered":"<p>Dne 10. 12. prob\u011bhl kongres pod n\u00e1zvem Kritick\u00e9 stavy v porodnictv\u00ed v nov\u00e9 budov\u011b N\u00e1rodn\u00edho muzea v Praze. V&nbsp;leto\u0161n\u00edm roce se kongresu z\u00fa\u010dastnilo &nbsp;p\u0159es 450 \u00fa\u010dastn\u00edk\u016f z \u0159ad l\u00e9ka\u0159\u016f a porodn\u00edch asistentek. P\u0159ednesen\u00e9 p\u0159\u00edsp\u011bvky zam\u011b\u0159en\u00e9 na novinky z&nbsp;oboru a za\u0159azen\u00e9<\/p>\n","protected":false},"author":2,"featured_media":0,"parent":2071,"menu_order":2,"comment_status":"closed","ping_status":"closed","template":"","meta":{"footnotes":""},"class_list":["post-731","page","type-page","status-publish","hentry","","tg-column-two"],"_links":{"self":[{"href":"https:\/\/www.lekaridnes.cz\/index.php\/wp-json\/wp\/v2\/pages\/731","targetHints":{"allow":["GET"]}}],"collection":[{"href":"https:\/\/www.lekaridnes.cz\/index.php\/wp-json\/wp\/v2\/pages"}],"about":[{"href":"https:\/\/www.lekaridnes.cz\/index.php\/wp-json\/wp\/v2\/types\/page"}],"author":[{"embeddable":true,"href":"https:\/\/www.lekaridnes.cz\/index.php\/wp-json\/wp\/v2\/users\/2"}],"replies":[{"embeddable":true,"href":"https:\/\/www.lekaridnes.cz\/index.php\/wp-json\/wp\/v2\/comments?post=731"}],"version-history":[{"count":35,"href":"https:\/\/www.lekaridnes.cz\/index.php\/wp-json\/wp\/v2\/pages\/731\/revisions"}],"predecessor-version":[{"id":2077,"href":"https:\/\/www.lekaridnes.cz\/index.php\/wp-json\/wp\/v2\/pages\/731\/revisions\/2077"}],"up":[{"embeddable":true,"href":"https:\/\/www.lekaridnes.cz\/index.php\/wp-json\/wp\/v2\/pages\/2071"}],"wp:attachment":[{"href":"https:\/\/www.lekaridnes.cz\/index.php\/wp-json\/wp\/v2\/media?parent=731"}],"curies":[{"name":"wp","href":"https:\/\/api.w.org\/{rel}","templated":true}]}}