{"id":6359,"date":"2026-04-23T13:30:15","date_gmt":"2026-04-23T12:30:15","guid":{"rendered":"https:\/\/www.lekaridnes.cz\/?page_id=6359"},"modified":"2026-04-23T14:24:48","modified_gmt":"2026-04-23T13:24:48","slug":"kriticke-stavy-v-porodnictvi-2026","status":"publish","type":"page","link":"https:\/\/www.lekaridnes.cz\/index.php\/vzdelavani\/vzdelavani-2026\/kriticke-stavy-v-porodnictvi-2026\/","title":{"rendered":"Kritick\u00e9 stavy v porodnictv\u00ed 2026"},"content":{"rendered":"\n<p><strong>V\u00e1\u017een\u00e9 kolegyn\u011b, v\u00e1\u017een\u00ed kolegov\u00e9,<\/strong><\/p>\n\n\n\n<p>dovolte mi, abych V\u00e1s srde\u010dn\u011b pozval na konferenci <strong>Kritick\u00e9 stavy v porodnictv\u00ed 2026<\/strong>, kter\u00e1 se uskute\u010dn\u00ed ve dnech <strong>11. a 12. prosince 2026<\/strong> v <strong>Nov\u00e9 budov\u011b N\u00e1rodn\u00edho muzea v Praze<\/strong>.<\/p>\n\n\n\n<p>Po velmi \u00fasp\u011b\u0161n\u00e9m ro\u010dn\u00edku v roce 2024, kdy byla konference poprv\u00e9 koncipov\u00e1na jako dvoudenn\u00ed, jsme se rozhodli v tomto form\u00e1tu pokra\u010dovat i letos.<\/p>\n\n\n\n<p><strong>Prvn\u00ed den (p\u00e1tek 11. prosince)<\/strong> bude v\u011bnov\u00e1n praktick\u00fdm simulac\u00edm kritick\u00fdch stav\u016f v porodnictv\u00ed. Tyto simulace nab\u00eddnou \u00fa\u010dastn\u00edk\u016fm jedine\u010dnou p\u0159\u00edle\u017eitost procvi\u010dit si a zdokonalit sv\u00e9 dovednosti v realistick\u00fdch situac\u00edch. Kapacita simula\u010dn\u00edch workshop\u016f je omezena na <strong>100 \u00fa\u010dastn\u00edk\u016f<\/strong>, co\u017e umo\u017en\u00ed individu\u00e1ln\u00ed p\u0159\u00edstup a maxim\u00e1ln\u00ed efektivitu v\u00fduky.<\/p>\n\n\n\n<p><strong>Druh\u00fd den (sobota 12. prosince)<\/strong> bude zam\u011b\u0159en na odborn\u00e9 p\u0159edn\u00e1\u0161ky, diskuse a prezentace kazuistik. Program zahrnuje n\u011bkolik tematick\u00fdch blok\u016f s mezioborov\u00fdmi p\u0159\u00edsp\u011bvky p\u0159edn\u00edch odborn\u00edk\u016f. T\u00e9mata pokr\u00fdvaj\u00ed aktu\u00e1ln\u00ed v\u011bdeck\u00e9 poznatky i praktick\u00e9 zku\u0161enosti z oblasti akutn\u00ed medic\u00edny v porodnictv\u00ed, v\u010detn\u011b problematiky perinat\u00e1ln\u00ed mortality, p\u0159ed\u010dasn\u00e9ho porodu, intern\u00edch onemocn\u011bn\u00ed v t\u011bhotenstv\u00ed \u010di \u017eivot ohro\u017euj\u00edc\u00edch stav\u016f matky a plodu. Diskuse a panelov\u00e9 debaty poskytnou prostor pro sd\u00edlen\u00ed zku\u0161enost\u00ed a inspiraci k dal\u0161\u00edmu zlep\u0161ov\u00e1n\u00ed p\u00e9\u010de o t\u011bhotn\u00e9 \u017eeny a novorozence.<\/p>\n\n\n\n<p>Konference je ur\u010dena \u0161irok\u00e9mu spektru zdravotnick\u00fdch pracovn\u00edk\u016f \u2013 zejm\u00e9na porodn\u00edk\u016fm, anesteziolog\u016fm, neonatolog\u016fm, porodn\u00edm asistentk\u00e1m, zdravotn\u00edm sestr\u00e1m a z\u00e1chran\u00e1\u0159\u016fm. V\u011b\u0159\u00edme, \u017ee konference p\u0159inese v\u0161em \u00fa\u010dastn\u00edk\u016fm \u0159adu cenn\u00fdch poznatk\u016f a podn\u011bt\u016f vyu\u017eiteln\u00fdch v ka\u017edodenn\u00ed praxi. T\u011b\u0161\u00edme na Va\u0161i \u00fa\u010dast a na spole\u010dn\u00e9 setk\u00e1n\u00ed v prosinci.<\/p>\n\n\n\n<p>Vzd\u011bl\u00e1vac\u00ed akce jsou po\u0159\u00e1dany dle Stavovsk\u00e9ho p\u0159edpisu \u010cLK \u010d. 16 a budou za\u0159azeny do kreditn\u00edho syst\u00e9mu celo\u017eivotn\u00edho vzd\u011bl\u00e1v\u00e1n\u00ed l\u00e9ka\u0159\u016f.&nbsp;<\/p>\n\n\n\n<p><strong>Kritick\u00e9 stavy v praxi 2026<\/strong>&nbsp;\u2013 11. prosince 2026 \u2013 v\u00fd\u0161e p\u0159id\u011blen\u00fdch kredit\u016f 6.<\/p>\n\n\n\n<p><strong>Kritick\u00e9 stavy v porodnictv\u00ed 2026<\/strong>&nbsp;\u2013 12. prosince 2026 \u2013 v\u00fd\u0161e p\u0159id\u011blen\u00fdch kredit\u016f 6.<\/p>\n\n\n\n<p>S p\u0159\u00e1telsk\u00fdm pozdravem<\/p>\n\n\n\n<p>Prof. MUDr. Anton\u00edn Pa\u0159\u00edzek, CSc.<br>Klinika gynekologie, porodnictv\u00ed a neonatologie 1. LF UK a VFN v Praze<br>Apolin\u00e1\u0159sk\u00e1 18, Praha 2<\/p>\n\n\n\n<p><a href=\"https:\/\/www.lekaridnes.cz\/index.php\/vzdelavani\/vzdelavani-2026\/kriticke-stavy-v-porodnictvi-2026\/registrace-2\/\" data-type=\"link\" data-id=\"https:\/\/www.lekaridnes.cz\/index.php\/vzdelavani\/vzdelavani-2026\/kriticke-stavy-v-porodnictvi-2026\/registrace-2\/\"><strong>REGISTRACE<\/strong><\/a><\/p>\n\n\n\n<p><\/p>\n","protected":false},"excerpt":{"rendered":"<p>V\u00e1\u017een\u00e9 kolegyn\u011b, v\u00e1\u017een\u00ed kolegov\u00e9, dovolte mi, abych V\u00e1s srde\u010dn\u011b pozval na konferenci Kritick\u00e9 stavy v porodnictv\u00ed 2026, kter\u00e1 se uskute\u010dn\u00ed ve dnech 11. a 12. prosince 2026 v Nov\u00e9 budov\u011b N\u00e1rodn\u00edho muzea v Praze. Po velmi \u00fasp\u011b\u0161n\u00e9m ro\u010dn\u00edku v roce<\/p>\n","protected":false},"author":4,"featured_media":0,"parent":6199,"menu_order":-5,"comment_status":"closed","ping_status":"closed","template":"","meta":{"footnotes":""},"class_list":["post-6359","page","type-page","status-publish","hentry","","tg-column-two"],"_links":{"self":[{"href":"https:\/\/www.lekaridnes.cz\/index.php\/wp-json\/wp\/v2\/pages\/6359","targetHints":{"allow":["GET"]}}],"collection":[{"href":"https:\/\/www.lekaridnes.cz\/index.php\/wp-json\/wp\/v2\/pages"}],"about":[{"href":"https:\/\/www.lekaridnes.cz\/index.php\/wp-json\/wp\/v2\/types\/page"}],"author":[{"embeddable":true,"href":"https:\/\/www.lekaridnes.cz\/index.php\/wp-json\/wp\/v2\/users\/4"}],"replies":[{"embeddable":true,"href":"https:\/\/www.lekaridnes.cz\/index.php\/wp-json\/wp\/v2\/comments?post=6359"}],"version-history":[{"count":7,"href":"https:\/\/www.lekaridnes.cz\/index.php\/wp-json\/wp\/v2\/pages\/6359\/revisions"}],"predecessor-version":[{"id":6378,"href":"https:\/\/www.lekaridnes.cz\/index.php\/wp-json\/wp\/v2\/pages\/6359\/revisions\/6378"}],"up":[{"embeddable":true,"href":"https:\/\/www.lekaridnes.cz\/index.php\/wp-json\/wp\/v2\/pages\/6199"}],"wp:attachment":[{"href":"https:\/\/www.lekaridnes.cz\/index.php\/wp-json\/wp\/v2\/media?parent=6359"}],"curies":[{"name":"wp","href":"https:\/\/api.w.org\/{rel}","templated":true}]}}