{"id":6320,"date":"2026-01-28T11:06:24","date_gmt":"2026-01-28T10:06:24","guid":{"rendered":"https:\/\/www.lekaridnes.cz\/?page_id=6320"},"modified":"2026-03-26T13:49:00","modified_gmt":"2026-03-26T12:49:00","slug":"71-apolinarsky-kurz-porodnicke-analgezie-a-anestezie","status":"publish","type":"page","link":"https:\/\/www.lekaridnes.cz\/index.php\/vzdelavani\/vzdelavani-2026\/71-apolinarsky-kurz-porodnicke-analgezie-a-anestezie\/","title":{"rendered":"71. Apolin\u00e1\u0159sk\u00fd kurz porodnick\u00e9 analgezie a anestezie"},"content":{"rendered":"\n<p>V\u00e1\u017een\u00e9 kolegyn\u011b, v\u00e1\u017een\u00ed kolegov\u00e9,&nbsp;<\/p>\n\n\n\n<p>dovolte n\u00e1m, abychom V\u00e1s pozvali na ji\u017e tradi\u010dn\u00ed<strong>, letos ji\u017e 71. Apolin\u00e1\u0159sk\u00fd kurz porodnick\u00e9 analgezie a anestezie<\/strong>. Bude se konat&nbsp;<strong>v sobotu 28. b\u0159ezna 2026&nbsp;<\/strong>v posluch\u00e1rn\u011b (p\u0159\u00edzem\u00ed vlevo) Kliniky gynekologie, porodnictv\u00ed a neonatologie 1. LF UK a VFN v Praze, Apolin\u00e1\u0159sk\u00e1 18, Praha 2.&nbsp;<\/p>\n\n\n\n<p>Tento tradi\u010dn\u00ed postgradu\u00e1ln\u00ed kurz, kter\u00fd prob\u00edh\u00e1 ji\u017e 32 let, je zam\u011b\u0159en na nejnov\u011bj\u0161\u00ed poznatky v oblasti porodnick\u00e9 analgezie a anestezie a je ur\u010den jak pro l\u00e9ka\u0159e, tak i pro porodn\u00ed asistentky. Kurz nab\u00edz\u00ed eduka\u010dn\u00ed p\u0159edn\u00e1\u0161ky z oblasti akutn\u00ed medic\u00edny s d\u016frazem na praktick\u00e9 aspekty p\u00e9\u010de o rodi\u010dky.<\/p>\n\n\n\n<p>T\u011b\u0161\u00edme se na setk\u00e1n\u00ed s V\u00e1mi.<\/p>\n\n\n\n<p><strong>Po\u0159\u00e1d\u00e1:<\/strong><br>Sekce analgezie a intenzivn\u00ed medic\u00edny v porodnictv\u00ed p\u0159i \u010cGPS \u010cLS JEP<br>Sekce porodnick\u00e9 anestezie a analgezie p\u0159i \u010cSARIM \u010cLS JEP<br>Klinika gynekologie, porodnictv\u00ed a neonatologie 1. LF UK a VFN v Praze<\/p>\n\n\n\n<p>\u010cesk\u00e1 spole\u010dnost porodn\u00edch asistentek z.s.<br>Mother\u2013Care\u2013Centrum spol. s r.o.&nbsp;<br>Nada\u010dn\u00ed fond Vita et Futura<\/p>\n\n\n\n<p><strong>Odborn\u00fd garant:<\/strong><br>MUDr. Michal Ot\u00e1hal, Ph.D.<\/p>\n\n\n\n<p>prof. MUDr. Anton\u00edn Pa\u0159\u00edzek, CSc.<br><em>p\u0159edseda Sekce analgezie a anestezie v porodnictv\u00ed p\u0159i \u010cGPS \u010cLS JEP\u00a0<\/em><\/p>\n\n\n\n<p><strong><a href=\"https:\/\/form.fapi.cz\/?id=38638938-66ef-4795-8892-7b645ff786ed\">REGISTRACE<\/a><\/strong><\/p>\n\n\n\n<p><strong>Program<\/strong><\/p>\n\n\n\n<div data-wp-interactive=\"core\/file\" class=\"wp-block-file\"><object data-wp-bind--hidden=\"!state.hasPdfPreview\" hidden class=\"wp-block-file__embed\" data=\"https:\/\/www.lekaridnes.cz\/wp-content\/uploads\/2026\/03\/71.-Apolinarsky-kurz-porodnicke-analgezie-a-anestezie_program.pdf\" type=\"application\/pdf\" style=\"width:100%;height:600px\" aria-label=\"Vlo\u017eit z 71. Apolin\u00e1\u0159sk\u00fd kurz porodnick\u00e9 analgezie a anestezie_program.\"><\/object><a id=\"wp-block-file--media-2590d332-e735-48e0-9cd4-11b3afc993a6\" href=\"https:\/\/www.lekaridnes.cz\/wp-content\/uploads\/2026\/03\/71.-Apolinarsky-kurz-porodnicke-analgezie-a-anestezie_program.pdf\">71. Apolin\u00e1\u0159sk\u00fd kurz porodnick\u00e9 analgezie a anestezie_program<\/a><a href=\"https:\/\/www.lekaridnes.cz\/wp-content\/uploads\/2026\/03\/71.-Apolinarsky-kurz-porodnicke-analgezie-a-anestezie_program.pdf\" class=\"wp-block-file__button wp-element-button\" download aria-describedby=\"wp-block-file--media-2590d332-e735-48e0-9cd4-11b3afc993a6\">St\u00e1hnout<\/a><\/div>\n","protected":false},"excerpt":{"rendered":"<p>V\u00e1\u017een\u00e9 kolegyn\u011b, v\u00e1\u017een\u00ed kolegov\u00e9,&nbsp; dovolte n\u00e1m, abychom V\u00e1s pozvali na ji\u017e tradi\u010dn\u00ed, letos ji\u017e 71. Apolin\u00e1\u0159sk\u00fd kurz porodnick\u00e9 analgezie a anestezie. Bude se konat&nbsp;v sobotu 28. b\u0159ezna 2026&nbsp;v posluch\u00e1rn\u011b (p\u0159\u00edzem\u00ed vlevo) Kliniky gynekologie, porodnictv\u00ed a neonatologie 1. LF UK a<\/p>\n","protected":false},"author":2,"featured_media":0,"parent":6199,"menu_order":0,"comment_status":"closed","ping_status":"closed","template":"","meta":{"footnotes":""},"class_list":["post-6320","page","type-page","status-publish","hentry","","tg-column-two"],"_links":{"self":[{"href":"https:\/\/www.lekaridnes.cz\/index.php\/wp-json\/wp\/v2\/pages\/6320","targetHints":{"allow":["GET"]}}],"collection":[{"href":"https:\/\/www.lekaridnes.cz\/index.php\/wp-json\/wp\/v2\/pages"}],"about":[{"href":"https:\/\/www.lekaridnes.cz\/index.php\/wp-json\/wp\/v2\/types\/page"}],"author":[{"embeddable":true,"href":"https:\/\/www.lekaridnes.cz\/index.php\/wp-json\/wp\/v2\/users\/2"}],"replies":[{"embeddable":true,"href":"https:\/\/www.lekaridnes.cz\/index.php\/wp-json\/wp\/v2\/comments?post=6320"}],"version-history":[{"count":9,"href":"https:\/\/www.lekaridnes.cz\/index.php\/wp-json\/wp\/v2\/pages\/6320\/revisions"}],"predecessor-version":[{"id":6352,"href":"https:\/\/www.lekaridnes.cz\/index.php\/wp-json\/wp\/v2\/pages\/6320\/revisions\/6352"}],"up":[{"embeddable":true,"href":"https:\/\/www.lekaridnes.cz\/index.php\/wp-json\/wp\/v2\/pages\/6199"}],"wp:attachment":[{"href":"https:\/\/www.lekaridnes.cz\/index.php\/wp-json\/wp\/v2\/media?parent=6320"}],"curies":[{"name":"wp","href":"https:\/\/api.w.org\/{rel}","templated":true}]}}