{"id":6219,"date":"2025-12-04T18:26:20","date_gmt":"2025-12-04T17:26:20","guid":{"rendered":"https:\/\/www.lekaridnes.cz\/?page_id=6219"},"modified":"2026-01-16T08:00:15","modified_gmt":"2026-01-16T07:00:15","slug":"registrace","status":"publish","type":"page","link":"https:\/\/www.lekaridnes.cz\/index.php\/vzdelavani\/vzdelavani-2026\/obezita-a-tehotenstvi\/registrace\/","title":{"rendered":"Registrace uzav\u0159ena"},"content":{"rendered":"\n<h3 class=\"wp-block-heading\">Registra\u010dn\u00ed poplatky<\/h3>\n\n\n\n<figure class=\"wp-block-table\"><table class=\"has-fixed-layout\"><tbody><tr><th class=\"has-text-align-left\" data-align=\"left\">&nbsp;<\/th><th class=\"has-text-align-left\" data-align=\"left\">Cena K\u010d<\/th><\/tr><tr><td class=\"has-text-align-left\" data-align=\"left\">Registra\u010dn\u00ed poplatek \u2013 l\u00e9ka\u0159i i nel\u00e9ka\u0159i<\/td><td class=\"has-text-align-left\" data-align=\"left\">1 200 K\u010d<\/td><\/tr><tr><td class=\"has-text-align-left\" data-align=\"left\">Registra\u010dn\u00ed poplatek \u2013 online p\u0159\u00edstup l\u00e9ka\u0159i i nel\u00e9ka\u0159i<\/td><td class=\"has-text-align-left\" data-align=\"left\">600 K\u010d<\/td><\/tr><\/tbody><\/table><\/figure>\n\n\n\n<p>* Uveden\u00e9 ceny jsou v\u010detn\u011b DPH. DPH pro registra\u010dn\u00ed poplatek \u00fa\u010dtov\u00e1no sazbou 21%.<\/p>\n\n\n\n<h3 class=\"wp-block-heading\">Zru\u0161en\u00ed registrace a storno poplatek<\/h3>\n\n\n\n<p>Vzhledem k velmi kr\u00e1tk\u00e9 dob\u011b mezi ozn\u00e1men\u00edm kon\u00e1n\u00ed a term\u00ednem konference nen\u00ed mo\u017en\u00e9 uplatnit bezplatn\u00e9 storno.&nbsp;<strong>Storno poplatek \u010din\u00ed 100 % registra\u010dn\u00edho poplatku bez ohledu na datum zru\u0161en\u00ed \u00fa\u010dasti.<\/strong>&nbsp;V p\u0159\u00edpad\u011b, \u017ee nedojde k \u00fahrad\u011b z\u00e1lohov\u00e9 faktury ani po p\u00edsemn\u00e9 (e-mailov\u00e9) urgenci ze strany po\u0159adatele, bude \u00fa\u010dtov\u00e1na&nbsp;<strong>smluvn\u00ed pokuta ve v\u00fd\u0161i 100 % registra\u010dn\u00edho poplatku<\/strong>.<\/p>\n\n\n\n<h2 class=\"wp-block-heading\">Zp\u016fsob \u00fahrady registra\u010dn\u00edho poplatku<\/h2>\n\n\n\n<p>Platba p\u0159evodem na \u00fa\u010det. <\/p>\n\n\n\n<p>Kontakt na organiz\u00e1tora: Mother-Care-Centrum spol. s r.o., e-mail: mcchealthacademy@gmail.com<\/p>\n\n\n\n<p><\/p>\n\n\n\n<p><\/p>\n","protected":false},"excerpt":{"rendered":"<p>Registra\u010dn\u00ed poplatky &nbsp; Cena K\u010d Registra\u010dn\u00ed poplatek \u2013 l\u00e9ka\u0159i i nel\u00e9ka\u0159i 1 200 K\u010d Registra\u010dn\u00ed poplatek \u2013 online p\u0159\u00edstup l\u00e9ka\u0159i i nel\u00e9ka\u0159i 600 K\u010d * Uveden\u00e9 ceny jsou v\u010detn\u011b DPH. DPH pro registra\u010dn\u00ed poplatek \u00fa\u010dtov\u00e1no sazbou 21%. Zru\u0161en\u00ed registrace a<\/p>\n","protected":false},"author":2,"featured_media":0,"parent":6196,"menu_order":0,"comment_status":"closed","ping_status":"closed","template":"","meta":{"footnotes":""},"class_list":["post-6219","page","type-page","status-publish","hentry","","tg-column-two"],"_links":{"self":[{"href":"https:\/\/www.lekaridnes.cz\/index.php\/wp-json\/wp\/v2\/pages\/6219","targetHints":{"allow":["GET"]}}],"collection":[{"href":"https:\/\/www.lekaridnes.cz\/index.php\/wp-json\/wp\/v2\/pages"}],"about":[{"href":"https:\/\/www.lekaridnes.cz\/index.php\/wp-json\/wp\/v2\/types\/page"}],"author":[{"embeddable":true,"href":"https:\/\/www.lekaridnes.cz\/index.php\/wp-json\/wp\/v2\/users\/2"}],"replies":[{"embeddable":true,"href":"https:\/\/www.lekaridnes.cz\/index.php\/wp-json\/wp\/v2\/comments?post=6219"}],"version-history":[{"count":9,"href":"https:\/\/www.lekaridnes.cz\/index.php\/wp-json\/wp\/v2\/pages\/6219\/revisions"}],"predecessor-version":[{"id":6306,"href":"https:\/\/www.lekaridnes.cz\/index.php\/wp-json\/wp\/v2\/pages\/6219\/revisions\/6306"}],"up":[{"embeddable":true,"href":"https:\/\/www.lekaridnes.cz\/index.php\/wp-json\/wp\/v2\/pages\/6196"}],"wp:attachment":[{"href":"https:\/\/www.lekaridnes.cz\/index.php\/wp-json\/wp\/v2\/media?parent=6219"}],"curies":[{"name":"wp","href":"https:\/\/api.w.org\/{rel}","templated":true}]}}