{"id":6199,"date":"2025-12-04T17:55:37","date_gmt":"2025-12-04T16:55:37","guid":{"rendered":"https:\/\/www.lekaridnes.cz\/?page_id=6199"},"modified":"2026-03-05T12:42:45","modified_gmt":"2026-03-05T11:42:45","slug":"vzdelavani-2026","status":"publish","type":"page","link":"https:\/\/www.lekaridnes.cz\/index.php\/vzdelavani\/vzdelavani-2026\/","title":{"rendered":"Vzd\u011bl\u00e1v\u00e1n\u00ed 2026"},"content":{"rendered":"\n<p><strong>P\u0159ehled kongres\u016f, konferenc\u00ed a semin\u00e1\u0159\u016f pro l\u00e9ka\u0159e&nbsp;i nel\u00e9ka\u0159sk\u00e1 povol\u00e1n\u00ed&nbsp;na rok 2026<\/strong><\/p>\n\n\n\n<figure class=\"wp-block-table\"><table class=\"has-fixed-layout\"><tbody><tr><td class=\"has-text-align-left\" data-align=\"left\"><strong>&nbsp;2026<\/strong><\/td><td class=\"has-text-align-left\" data-align=\"left\"><strong>Popis akce<\/strong><\/td><td class=\"has-text-align-center\" data-align=\"center\"><strong>M\u00edsto kon\u00e1n\u00ed<\/strong><\/td><td class=\"has-text-align-center\" data-align=\"center\"><strong>Detail akce<\/strong><\/td><\/tr><tr><td class=\"has-text-align-left\" data-align=\"left\">16. ledna <\/td><td class=\"has-text-align-left\" data-align=\"left\">Obezita a t\u011bhotenstv\u00ed <\/td><td class=\"has-text-align-center\" data-align=\"center\">Praha <\/td><td class=\"has-text-align-center\" data-align=\"center\"><a href=\"https:\/\/www.lekaridnes.cz\/index.php\/vzdelavani\/vzdelavani-2026\/obezita-a-tehotenstvi\/\">Detail<\/a><\/td><\/tr><tr><td class=\"has-text-align-left\" data-align=\"left\">28. b\u0159ezna <\/td><td class=\"has-text-align-left\" data-align=\"left\">71. Apolin\u00e1\u0159sk\u00fd kurz porodnick\u00e9 analgezie a anestezie<\/td><td class=\"has-text-align-center\" data-align=\"center\">Praha<\/td><td class=\"has-text-align-center\" data-align=\"center\"><a href=\"https:\/\/www.lekaridnes.cz\/index.php\/vzdelavani\/vzdelavani-2026\/71-apolinarsky-kurz-porodnicke-analgezie-a-anestezie\/\" data-type=\"link\" data-id=\"https:\/\/www.lekaridnes.cz\/index.php\/vzdelavani\/vzdelavani-2026\/71-apolinarsky-kurz-porodnicke-analgezie-a-anestezie\/\">Detail<\/a><\/td><\/tr><tr><td class=\"has-text-align-left\" data-align=\"left\">9 &#8211; 11. dubna<\/td><td class=\"has-text-align-left\" data-align=\"left\">XL. Celost\u00e1tn\u00ed konference perinatologie a fetomatern\u00e1ln\u00ed medic\u00edny \u2013 \u0160temberovy dny<\/td><td class=\"has-text-align-center\" data-align=\"center\">Praha<\/td><td class=\"has-text-align-center\" data-align=\"center\"><a href=\"https:\/\/www.perinatologie.org\/\">Detail<\/a><\/td><\/tr><tr><td class=\"has-text-align-left\" data-align=\"left\">28. kv\u011btna \u2013 30. kv\u011btna<\/td><td class=\"has-text-align-left\" data-align=\"left\">Kongres \u010cGPS \u010cLS JEP s mezin\u00e1rodn\u00ed \u00fa\u010dast\u00ed<\/td><td class=\"has-text-align-center\" data-align=\"center\">Karlovy Vary<\/td><td class=\"has-text-align-center\" data-align=\"center\"><a href=\"https:\/\/www.g-agency.eu\/udalost\/kongres-cgps-cls-jep-2026\/\">Detail<\/a><\/td><\/tr><tr><td class=\"has-text-align-left\" data-align=\"left\">11. \u2013 12. prosince<\/td><td class=\"has-text-align-left\" data-align=\"left\">Kritick\u00e9 stavy v porodnictv\u00ed a Simula\u010dn\u00ed den <\/td><td class=\"has-text-align-center\" data-align=\"center\">Praha<\/td><td class=\"has-text-align-center\" data-align=\"center\">Detail<\/td><\/tr><\/tbody><\/table><\/figure>\n\n\n\n<p><\/p>\n","protected":false},"excerpt":{"rendered":"<p>P\u0159ehled kongres\u016f, konferenc\u00ed a semin\u00e1\u0159\u016f pro l\u00e9ka\u0159e&nbsp;i nel\u00e9ka\u0159sk\u00e1 povol\u00e1n\u00ed&nbsp;na rok 2026 &nbsp;2026 Popis akce M\u00edsto kon\u00e1n\u00ed Detail akce 16. ledna Obezita a t\u011bhotenstv\u00ed Praha Detail 28. b\u0159ezna 71. Apolin\u00e1\u0159sk\u00fd kurz porodnick\u00e9 analgezie a anestezie Praha Detail 9 &#8211; 11. dubna<\/p>\n","protected":false},"author":2,"featured_media":0,"parent":893,"menu_order":30,"comment_status":"closed","ping_status":"closed","template":"","meta":{"footnotes":""},"class_list":["post-6199","page","type-page","status-publish","hentry","","tg-column-two"],"_links":{"self":[{"href":"https:\/\/www.lekaridnes.cz\/index.php\/wp-json\/wp\/v2\/pages\/6199","targetHints":{"allow":["GET"]}}],"collection":[{"href":"https:\/\/www.lekaridnes.cz\/index.php\/wp-json\/wp\/v2\/pages"}],"about":[{"href":"https:\/\/www.lekaridnes.cz\/index.php\/wp-json\/wp\/v2\/types\/page"}],"author":[{"embeddable":true,"href":"https:\/\/www.lekaridnes.cz\/index.php\/wp-json\/wp\/v2\/users\/2"}],"replies":[{"embeddable":true,"href":"https:\/\/www.lekaridnes.cz\/index.php\/wp-json\/wp\/v2\/comments?post=6199"}],"version-history":[{"count":10,"href":"https:\/\/www.lekaridnes.cz\/index.php\/wp-json\/wp\/v2\/pages\/6199\/revisions"}],"predecessor-version":[{"id":6340,"href":"https:\/\/www.lekaridnes.cz\/index.php\/wp-json\/wp\/v2\/pages\/6199\/revisions\/6340"}],"up":[{"embeddable":true,"href":"https:\/\/www.lekaridnes.cz\/index.php\/wp-json\/wp\/v2\/pages\/893"}],"wp:attachment":[{"href":"https:\/\/www.lekaridnes.cz\/index.php\/wp-json\/wp\/v2\/media?parent=6199"}],"curies":[{"name":"wp","href":"https:\/\/api.w.org\/{rel}","templated":true}]}}