{"id":6196,"date":"2025-12-04T18:13:55","date_gmt":"2025-12-04T17:13:55","guid":{"rendered":"https:\/\/www.lekaridnes.cz\/?page_id=6196"},"modified":"2026-01-19T11:48:14","modified_gmt":"2026-01-19T10:48:14","slug":"obezita-a-tehotenstvi","status":"publish","type":"page","link":"https:\/\/www.lekaridnes.cz\/index.php\/vzdelavani\/vzdelavani-2026\/obezita-a-tehotenstvi\/","title":{"rendered":"Obezita a t\u011bhotenstv\u00ed"},"content":{"rendered":"\n<p><strong>V\u00e1\u017een\u00e9 kolegyn\u011b, v\u00e1\u017een\u00ed kolegov\u00e9,<\/strong><\/p>\n\n\n\n<p>dovolte n\u00e1m, abychom V\u00e1s pozvali na <strong>mezioborovou hybridn\u00ed konferenci \u201eObezita a t\u011bhotenstv\u00ed\u201c<\/strong>, kter\u00e1 se uskute\u010dn\u00ed <strong>16. ledna 2026 v L\u00e9ka\u0159sk\u00e9m dom\u011b, Sokolsk\u00e1 460\/31 v Praze.<\/strong><\/p>\n\n\n\n<p>Obezita dnes p\u0159edstavuje <strong>jedno z nejz\u00e1va\u017en\u011bj\u0161\u00edch civiliza\u010dn\u00edch onemocn\u011bn\u00ed<\/strong>, jeho\u017e prevalence st\u00e1le nar\u016fst\u00e1 nap\u0159\u00ed\u010d v\u011bkov\u00fdmi kategoriemi. V t\u011bhotenstv\u00ed je jej\u00ed v\u00fdznam je\u0161t\u011b v\u011bt\u0161\u00ed \u2013 <strong>v\u00fdrazn\u011b se pod\u00edl\u00ed na vzniku nejen z\u00e1va\u017en\u00fdch mate\u0159sk\u00fdch komplikac\u00ed<\/strong>, ovliv\u0148uje pr\u016fb\u011bh porodu, perinat\u00e1ln\u00ed v\u00fdsledky i dlouhodob\u011b <strong>po\u0161kozen\u00ed zdrav\u00ed i d\u00edt\u011bte<\/strong>.<\/p>\n\n\n\n<p>Konferenci chceme upozornit na <strong>multidisciplin\u00e1rn\u00ed problematiku<\/strong>, kter\u00e1 vy\u017eaduje t\u011bsnou spolupr\u00e1ci odborn\u00edk\u016f nap\u0159\u00ed\u010d medic\u00ednsk\u00fdmi obory: gynekologie a porodnictv\u00ed, endokrinologie, intern\u00ed medic\u00edna, anesteziologie, kardiologie, psychologie, pediatrie \u010di sportovn\u00ed medic\u00edna. Mezioborov\u00fd pohled je toti\u017e kl\u00ed\u010dov\u00fd pro spr\u00e1vn\u00e9 pochopen\u00ed zdravotn\u00edch rizik zp\u016fsoben\u00e9 obezitou v reproduk\u010dn\u00edm obdob\u00ed \u010dlov\u011bka a zvolen\u00ed optim\u00e1ln\u00edch postup\u016f zdravotn\u00ed p\u00e9\u010de.<\/p>\n\n\n\n<p>Vzd\u011bl\u00e1vac\u00ed akce je po\u0159\u00e1d\u00e1na dle <strong>Stavovsk\u00e9ho p\u0159edpisu \u010cLK \u010d. 16<\/strong> a bude za\u0159azena do kreditn\u00edho syst\u00e9mu celo\u017eivotn\u00edho vzd\u011bl\u00e1v\u00e1n\u00ed l\u00e9ka\u0159\u016f.<br><strong>V\u00fd\u0161e p\u0159id\u011blen\u00fdch kredit\u016f: 6<\/strong><\/p>\n\n\n\n<p><\/p>\n\n\n\n<p><\/p>\n","protected":false},"excerpt":{"rendered":"<p>V\u00e1\u017een\u00e9 kolegyn\u011b, v\u00e1\u017een\u00ed kolegov\u00e9, dovolte n\u00e1m, abychom V\u00e1s pozvali na mezioborovou hybridn\u00ed konferenci \u201eObezita a t\u011bhotenstv\u00ed\u201c, kter\u00e1 se uskute\u010dn\u00ed 16. ledna 2026 v L\u00e9ka\u0159sk\u00e9m dom\u011b, Sokolsk\u00e1 460\/31 v Praze. Obezita dnes p\u0159edstavuje jedno z nejz\u00e1va\u017en\u011bj\u0161\u00edch civiliza\u010dn\u00edch onemocn\u011bn\u00ed, jeho\u017e prevalence st\u00e1le<\/p>\n","protected":false},"author":2,"featured_media":0,"parent":6199,"menu_order":0,"comment_status":"closed","ping_status":"closed","template":"","meta":{"footnotes":""},"class_list":["post-6196","page","type-page","status-publish","hentry","","tg-column-two"],"_links":{"self":[{"href":"https:\/\/www.lekaridnes.cz\/index.php\/wp-json\/wp\/v2\/pages\/6196","targetHints":{"allow":["GET"]}}],"collection":[{"href":"https:\/\/www.lekaridnes.cz\/index.php\/wp-json\/wp\/v2\/pages"}],"about":[{"href":"https:\/\/www.lekaridnes.cz\/index.php\/wp-json\/wp\/v2\/types\/page"}],"author":[{"embeddable":true,"href":"https:\/\/www.lekaridnes.cz\/index.php\/wp-json\/wp\/v2\/users\/2"}],"replies":[{"embeddable":true,"href":"https:\/\/www.lekaridnes.cz\/index.php\/wp-json\/wp\/v2\/comments?post=6196"}],"version-history":[{"count":10,"href":"https:\/\/www.lekaridnes.cz\/index.php\/wp-json\/wp\/v2\/pages\/6196\/revisions"}],"predecessor-version":[{"id":6318,"href":"https:\/\/www.lekaridnes.cz\/index.php\/wp-json\/wp\/v2\/pages\/6196\/revisions\/6318"}],"up":[{"embeddable":true,"href":"https:\/\/www.lekaridnes.cz\/index.php\/wp-json\/wp\/v2\/pages\/6199"}],"wp:attachment":[{"href":"https:\/\/www.lekaridnes.cz\/index.php\/wp-json\/wp\/v2\/media?parent=6196"}],"curies":[{"name":"wp","href":"https:\/\/api.w.org\/{rel}","templated":true}]}}