{"id":6103,"date":"2025-06-19T10:13:38","date_gmt":"2025-06-19T09:13:38","guid":{"rendered":"https:\/\/www.lekaridnes.cz\/?page_id=6103"},"modified":"2026-01-19T09:44:21","modified_gmt":"2026-01-19T08:44:21","slug":"registrace","status":"publish","type":"page","link":"https:\/\/www.lekaridnes.cz\/index.php\/vzdelavani\/vzdelavani-2025\/aora-2025\/registrace\/","title":{"rendered":"Registrace"},"content":{"rendered":"\n<p><strong>Registra\u010dn\u00ed formul\u00e1\u0159<\/strong><\/p>\n\n\n\n<p>Registrace uzav\u0159ena<\/p>\n\n\n\n<p><strong>Registra\u010dn\u00ed poplatky<\/strong><\/p>\n\n\n\n<div class=\"wp-block-columns is-layout-flex wp-container-core-columns-is-layout-9d6595d7 wp-block-columns-is-layout-flex\">\n<div class=\"wp-block-column is-layout-flow wp-block-column-is-layout-flow\" style=\"flex-basis:100%\">\n<figure class=\"wp-block-table\"><table><tbody><tr><td><\/td><td class=\"has-text-align-center\" data-align=\"center\" colspan=\"2\"><strong>registrace <\/strong><br><strong>do 31. 8. 2025<\/strong><\/td><td class=\"has-text-align-center\" data-align=\"center\" colspan=\"2\"><strong>registrace <\/strong><br><strong>od 1. 9. 2025<\/strong><\/td><td class=\"has-text-align-center\" data-align=\"center\" colspan=\"2\"><strong>registrace <\/strong><br><strong>od 1. 12. 2025<\/strong><\/td><\/tr><tr><td><\/td><td class=\"has-text-align-center\" data-align=\"center\">cena bez DPH<\/td><td class=\"has-text-align-center\" data-align=\"center\">cena s DPH**<\/td><td class=\"has-text-align-center\" data-align=\"center\">cena bez DPH<\/td><td class=\"has-text-align-center\" data-align=\"center\">cena <br>s DPH**<\/td><td class=\"has-text-align-center\" data-align=\"center\">cena bez DPH<\/td><td class=\"has-text-align-center\" data-align=\"center\">cena s DPH**<\/td><\/tr><tr><td><strong>Praktick\u00e9 <br>simulace<\/strong><\/td><td class=\"has-text-align-center\" data-align=\"center\">1&nbsp;000 K\u010d<\/td><td class=\"has-text-align-center\" data-align=\"center\">1&nbsp;210 K\u010d<\/td><td class=\"has-text-align-center\" data-align=\"center\">1&nbsp;100 K\u010d<\/td><td class=\"has-text-align-center\" data-align=\"center\">1&nbsp;331K\u010d<\/td><td class=\"has-text-align-center\" data-align=\"center\">1&nbsp;200 K\u010d<\/td><td class=\"has-text-align-center\" data-align=\"center\">1&nbsp;452 K\u010d<\/td><\/tr><tr><td><strong>Konference<\/strong><\/td><td class=\"has-text-align-center\" data-align=\"center\">2&nbsp;000 K\u010d<\/td><td class=\"has-text-align-center\" data-align=\"center\">2&nbsp;420 K\u010d<\/td><td class=\"has-text-align-center\" data-align=\"center\">2&nbsp;200 K\u010d<\/td><td class=\"has-text-align-center\" data-align=\"center\">2&nbsp;662K\u010d<\/td><td class=\"has-text-align-center\" data-align=\"center\">2&nbsp;400 K\u010d<\/td><td class=\"has-text-align-center\" data-align=\"center\">2&nbsp;904 K\u010d<\/td><\/tr><tr><td><strong>Kombinace*<br>\u2013sleva 10 %<\/strong><\/td><td class=\"has-text-align-center\" data-align=\"center\">2&nbsp;700 K\u010d<\/td><td class=\"has-text-align-center\" data-align=\"center\">3&nbsp;267 K\u010d<\/td><td class=\"has-text-align-center\" data-align=\"center\">2&nbsp;970 K\u010d<\/td><td class=\"has-text-align-center\" data-align=\"center\">3&nbsp;594K\u010d<\/td><td class=\"has-text-align-center\" data-align=\"center\">3&nbsp;240 K\u010d<\/td><td class=\"has-text-align-center\" data-align=\"center\">3&nbsp;920 K\u010d<\/td><\/tr><tr><td><strong>Ob\u010derstven\u00ed <br>12. 12.<\/strong><\/td><td class=\"has-text-align-center\" data-align=\"center\">500 K\u010d<\/td><td class=\"has-text-align-center\" data-align=\"center\">560 K\u010d<\/td><td class=\"has-text-align-center\" data-align=\"center\">500 K\u010d<\/td><td class=\"has-text-align-center\" data-align=\"center\">560 K\u010d<\/td><td class=\"has-text-align-center\" data-align=\"center\">500 K\u010d<\/td><td class=\"has-text-align-center\" data-align=\"center\">560 K\u010d<\/td><\/tr><tr><td><strong>Ob\u010derstven\u00ed <br>13. 12.<\/strong><\/td><td class=\"has-text-align-center\" data-align=\"center\">500 K\u010d<\/td><td class=\"has-text-align-center\" data-align=\"center\">560 K\u010d<\/td><td class=\"has-text-align-center\" data-align=\"center\">500 K\u010d<\/td><td class=\"has-text-align-center\" data-align=\"center\">560 K\u010d<\/td><td class=\"has-text-align-center\" data-align=\"center\">500 K\u010d<\/td><td class=\"has-text-align-center\" data-align=\"center\">560 K\u010d<\/td><\/tr><\/tbody><\/table><\/figure>\n<\/div>\n<\/div>\n\n\n\n<p>* P\u0159i registraci \u00fa\u010dasti na praktick\u00fdch simulac\u00edch i konferenci z\u00edsk\u00e1te slevu 10 %                                                                                                                                              **DPH na praktick\u00e9 simulace a konferenci \u00fa\u010dtov\u00e1no sazbou 21%, DPH na ob\u010derstven\u00ed \u00fa\u010dtov\u00e1no sazbou 12%.<\/p>\n\n\n\n<p><strong>V registra\u010dn\u00edm poplatku jsou zahrnuty:<\/strong><\/p>\n\n\n\n<p>vstup na praktick\u00e9 simulace nebo konferenci, vstup na v\u00fdstavu firem, konferen\u010dn\u00ed materi\u00e1ly, studen\u00e9 n\u00e1poje o p\u0159est\u00e1vk\u00e1ch<\/p>\n\n\n\n<p><strong>Zru\u0161en\u00ed registrace a storno poplatek<\/strong><\/p>\n\n\n\n<p>Pokud \u00fa\u010dastn\u00edk p\u00edsemn\u011b zru\u0161\u00ed svou \u00fa\u010dast nejpozd\u011bji&nbsp;do 15.11.2025, vr\u00e1t\u00ed organiz\u00e1tor uhrazenou \u010d\u00e1stku bez storno poplatku. Pokud \u00fa\u010dastn\u00edk p\u00edsemn\u011b zru\u0161\u00ed svou \u00fa\u010dast nejpozd\u011bji&nbsp;do 30.11.2025, vr\u00e1t\u00ed organiz\u00e1tor uhrazenou \u010d\u00e1stku ve v\u00fd\u0161i 50 %. Po tomto datu \u010din\u00ed storno poplatek 100 % registra\u010dn\u00edho poplatku. V p\u0159\u00edpad\u011b, \u017ee nedojde k uhrazen\u00ed z\u00e1lohov\u00e9 faktury ani po p\u00edsemn\u00e9 (e-mailov\u00e9) urgenci ze strany po\u0159adatele, bude \u00fa\u010dtov\u00e1na smluvn\u00ed pokuta ve v\u00fd\u0161i 100 % registra\u010dn\u00edho poplatku.<\/p>\n\n\n\n<p><strong>Registra\u010dn\u00ed poplatek pro konferenci 13. 12. 2025 se plat\u00ed i v p\u0159\u00edpad\u011b kon\u00e1n\u00ed akce online formou.<\/strong><\/p>\n\n\n\n<p>Kontakt na organiz\u00e1tora: Mother-Care-Centrum spol. s r.o., e-mail: mcchealthacademy@gmail.com <\/p>\n\n\n\n<p><\/p>\n","protected":false},"excerpt":{"rendered":"<p>Registra\u010dn\u00ed formul\u00e1\u0159 Registrace uzav\u0159ena Registra\u010dn\u00ed poplatky registrace do 31. 8. 2025 registrace od 1. 9. 2025 registrace od 1. 12. 2025 cena bez DPH cena s DPH** cena bez DPH cena s DPH** cena bez DPH cena s DPH** Praktick\u00e9<\/p>\n","protected":false},"author":4,"featured_media":0,"parent":6097,"menu_order":-1,"comment_status":"closed","ping_status":"closed","template":"","meta":{"footnotes":""},"class_list":["post-6103","page","type-page","status-publish","hentry","","tg-column-two"],"_links":{"self":[{"href":"https:\/\/www.lekaridnes.cz\/index.php\/wp-json\/wp\/v2\/pages\/6103","targetHints":{"allow":["GET"]}}],"collection":[{"href":"https:\/\/www.lekaridnes.cz\/index.php\/wp-json\/wp\/v2\/pages"}],"about":[{"href":"https:\/\/www.lekaridnes.cz\/index.php\/wp-json\/wp\/v2\/types\/page"}],"author":[{"embeddable":true,"href":"https:\/\/www.lekaridnes.cz\/index.php\/wp-json\/wp\/v2\/users\/4"}],"replies":[{"embeddable":true,"href":"https:\/\/www.lekaridnes.cz\/index.php\/wp-json\/wp\/v2\/comments?post=6103"}],"version-history":[{"count":34,"href":"https:\/\/www.lekaridnes.cz\/index.php\/wp-json\/wp\/v2\/pages\/6103\/revisions"}],"predecessor-version":[{"id":6316,"href":"https:\/\/www.lekaridnes.cz\/index.php\/wp-json\/wp\/v2\/pages\/6103\/revisions\/6316"}],"up":[{"embeddable":true,"href":"https:\/\/www.lekaridnes.cz\/index.php\/wp-json\/wp\/v2\/pages\/6097"}],"wp:attachment":[{"href":"https:\/\/www.lekaridnes.cz\/index.php\/wp-json\/wp\/v2\/media?parent=6103"}],"curies":[{"name":"wp","href":"https:\/\/api.w.org\/{rel}","templated":true}]}}