{"id":6101,"date":"2025-06-19T10:14:45","date_gmt":"2025-06-19T09:14:45","guid":{"rendered":"https:\/\/www.lekaridnes.cz\/?page_id=6101"},"modified":"2025-12-11T16:56:52","modified_gmt":"2025-12-11T15:56:52","slug":"program","status":"publish","type":"page","link":"https:\/\/www.lekaridnes.cz\/index.php\/vzdelavani\/vzdelavani-2025\/aora-2025\/program\/","title":{"rendered":"Program"},"content":{"rendered":"\n<p><strong>P\u00e1tek 12. prosince 2025 <\/strong><\/p>\n\n\n\n<p><strong>AORA 2025<\/strong> <strong>praktick\u00e9 simulace<\/strong><\/p>\n\n\n\n<p>Praktick\u00e9 simulace <strong>krizov\u00fdch situac\u00ed<\/strong> vy\u017eaduj\u00edc\u00ed porodnicko-anesteziologick\u00e9 \u0159e\u0161en\u00ed si \u00fa\u010dastn\u00edci vyzkou\u0161\u00ed v r\u00e1mci <strong>osmi interaktivn\u00edch stanovi\u0161\u0165<\/strong> veden\u00fdch zku\u0161en\u00fdmi odborn\u00edky. P\u00e1te\u010dn\u00ed blok se bude konat ve Fyziologick\u00e9m \u00fastavu 1. l\u00e9ka\u0159sk\u00e9 fakulty UK v Praze.<\/p>\n\n\n\n<p>P\u0159edb\u011b\u017en\u00fd \u010dasov\u00fd harmonogram &#8211; 08:00 \u2013 18:00 hod.<\/p>\n\n\n\n<p> 7:30 Registrace \u00fa\u010dastn\u00edk\u016f<br> 7:50 Zah\u00e1jen\u00ed simula\u010dn\u00edho dne<br> 8:00 <strong>Stanovi\u0161t\u011b 5: Prezentace<\/strong>, prof. MUDr. Jarom\u00edr Ma\u0161ata, CSc.<br>12:00 Ob\u011bd<br>15:00 <strong>Stanovi\u0161t\u011b 4: ECMO<\/strong>, MUDr. Vojt\u011bch Weiss<br>14:45 K\u00e1va<br>18:00 Z\u00e1v\u011br simula\u010dn\u00edho dne<\/p>\n\n\n\n<p><strong>Stanovi\u0161t\u011b 1:<\/strong> Resuscitace t\u011bhotn\u00e9<br><strong>Stanovi\u0161t\u011b 2:<\/strong> Resuscitace a intubace novorozence<br><strong>Stanovi\u0161t\u011b 3:<\/strong> Obt\u00ed\u017en\u00e1 intubace t\u011bhotn\u00e9<br><strong>Stanovi\u0161t\u011b 4:<\/strong> ECMO <br><strong>Stanovi\u0161t\u011b 5:<\/strong> Z\u00e1va\u017en\u00e9 poran\u011bn\u00ed perinea<br><strong>Stanovi\u0161t\u011b 6:<\/strong> Eticky n\u00e1ro\u010dn\u00e9 situace<br><strong>Stanovi\u0161t\u011b 7:<\/strong> Dom\u00e1c\u00ed porod (pl\u00e1novan\u00fd bez pravidel)<br><strong>Stanovi\u0161t\u011b 8:<\/strong> Dom\u00e1c\u00ed porod (pl\u00e1novan\u00fd s pravidly)<\/p>\n\n\n\n<p><strong>Sobota 13. prosince 2025<\/strong><\/p>\n\n\n\n<p><strong>AORA 2025<\/strong> <strong>&#8211; p\u0159edb\u011b\u017en\u00fd \u010dasov\u00fd harmonogram a program konference <\/strong><\/p>\n\n\n\n<figure class=\"wp-block-table\"><table><tbody><tr><td>7:30<\/td><td><strong>Registrace \u00fa\u010dastn\u00edk\u016f<\/strong><\/td><td><\/td><\/tr><tr><td>8:15<\/td><td>Zah\u00e1jen\u00ed konference<\/td><td><\/td><\/tr><tr><td><\/td><td><strong>P\u0158EDN\u00c1\u0160KA JARMILY DR\u00c1BKOV\u00c9<\/strong><\/td><td><\/td><\/tr><tr><td>8:35<\/td><td>Jak m\u00edt radost z medic\u00edny<\/td><td>prof. MUDr. Vladim\u00edr \u010cern\u00fd, Ph.D., FCCM, FESAIC<\/td><\/tr><tr><td><\/td><td><strong><strong>CELOX PPH<\/strong><\/strong><\/td><td><\/td><\/tr><tr><td>9:05<\/td><td>Co je nov\u00e9ho kolem zdravotnick\u00e9ho prost\u0159edku pro l\u00e9\u010dbu P\u017dOK<\/td><td>prof. MUDr. Anton\u00edn Pa\u0159\u00edzek, CSc.<\/td><\/tr><tr><td><\/td><td><strong>I. NEUROAXI\u00c1LN\u00cd BLOK\u00c1DA V PORODNICTV\u00cd<\/strong><\/td><td><\/td><\/tr><tr><td>9:30<\/td><td>Epidur\u00e1ln\u00ed analgezie u porodu<\/td><td>prof. MUDr. Anton\u00edn Pa\u0159\u00edzek, CSc.<\/td><\/tr><tr><td>9:40<\/td><td>Postpunk\u010dn\u00ed cefalea v \u0161estined\u011bl\u00ed<\/td><td>MUDr. Pavl\u00edna Noskov\u00e1, Ph.D.<\/td><\/tr><tr><td><\/td><td>Diskuze<\/td><td><\/td><\/tr><tr><td><\/td><td><strong>II. FARMAKOLOGIE<\/strong><\/td><td><\/td><\/tr><tr><td>10:00<\/td><td>Specifika farmakoterapie u novorozenc\u016f<\/td><td>PharmDr. Josef Suchop\u00e1r<\/td><\/tr><tr><td>10:10<\/td><td>Volba lok\u00e1ln\u00edch anestetik a adjuvanci\u00ed v porodnictv\u00ed<\/td><td>doc. MUDr. Jan Bl\u00e1ha, Ph.D., MHA, LLM<\/td><\/tr><tr><td>10:20<\/td><td>Antikoagulancia a neuroaxi\u00e1ln\u00ed blok\u00e1dy<\/td><td>doc. MUDr. Jan Bl\u00e1ha, Ph.D., MHA, LLM<\/td><\/tr><tr><td><\/td><td>Diskuze<\/td><td><\/td><\/tr><tr><td>10:40<\/td><td><strong>K\u00e1va<\/strong><\/td><td><\/td><\/tr><tr><td><\/td><td><strong>KAZUISTIKY I.<\/strong><\/td><td><\/td><\/tr><tr><td>11:10<\/td><td>TMA na porodnici<\/td><td>MUDr. Nat\u00e1lie \u010cech\u00e1k<\/td><\/tr><tr><td>11:25<\/td><td>Ne\u017e\u00e1douc\u00ed efekt misoprostolu &#8211; opom\u00edjen\u00e1 str\u00e1nka porodnictv\u00ed<\/td><td>MUDr. Nela Rezb\u00e1rikov\u00e1<\/td><\/tr><tr><td>11:40<\/td><td>Obt\u00ed\u017en\u00e9 zaji\u0161t\u011bn\u00ed d\u00fdchac\u00edch cest a trombocytopenie u c\u00edsa\u0159sk\u00e9ho \u0159ezu<\/td><td>MUDr. Kl\u00e1ra Kr\u00e1lov\u00e1<\/td><\/tr><tr><td>11:55<\/td><td>Kongenit\u00e1ln\u00ed syfilis-probl\u00e9m, kter\u00fd p\u0159etrv\u00e1v\u00e1<\/td><td>MUDr. Karol\u00edna Melicharov\u00e1<\/td><\/tr><tr><td><\/td><td>Diskuze<\/td><td><\/td><\/tr><tr><td>12:15<\/td><td><strong>Ob\u011bd<\/strong><\/td><td><\/td><\/tr><tr><td><\/td><td><strong>III. (PATO) FYZIOLOGIE A PERINAT\u00c1LN\u00cd FARMAKOLOGIE V T\u011aHOTENSTV\u00cd<\/strong><\/td><td><\/td><\/tr><tr><td>13:15<\/td><td>T\u011bhotensk\u00e9 mikroangiopatie v t\u011bhotenstv\u00ed a po porodu<\/td><td>MUDr. Jarom\u00edr Gumulec<\/td><\/tr><tr><td>13:30<\/td><td>Sepse v t\u011bhotenstv\u00ed<\/td><td>prof. MUDr. Vladim\u00edr \u010cern\u00fd, Ph.D., FCCM<\/td><\/tr><tr><td><\/td><td>Diskuze<\/td><td><\/td><\/tr><tr><td><\/td><td><strong>IV. ANESTEZIE V PORODNICTV\u00cd<\/strong><\/td><td><\/td><\/tr><tr><td>14:00<\/td><td>Volba anestezie k c\u00edsa\u0159sk\u00e9mu \u0159ezu<\/td><td>MUDr. Dagmar Seidlov\u00e1, Ph.D.<\/td><\/tr><tr><td>14:15<\/td><td>Obt\u00ed\u017en\u00e1 intubace t\u011bhotn\u00e9\/rodi\u010dky<\/td><td>MUDr. Istv\u00e1n Dar\u00e1zs<\/td><\/tr><tr><td><\/td><td>Diskuze<\/td><td><\/td><\/tr><tr><td>14:45<\/td><td><strong>K\u00e1va<\/strong><\/td><td><\/td><\/tr><tr><td><\/td><td><strong>V. KOMPLIKACE REGION\u00c1LN\u00cd ANESTEZIE<\/strong><\/td><td><\/td><\/tr><tr><td>15:15<\/td><td>Neuroaxi\u00e1ln\u00ed blok\u00e1dy &#8211; \u010dasn\u00e9 komplikace<\/td><td>MUDr. Dagmar Seidlov\u00e1, Ph.D.<\/td><\/tr><tr><td>15:25<\/td><td>Neuroaxi\u00e1ln\u00ed blok\u00e1dy &#8211; pozdn\u00ed komplikace<\/td><td>MUDr. Sylva Dolensk\u00e1, FRCA<\/td><\/tr><tr><td>15:35<\/td><td>Resuscitace t\u011bhotn\u00e9\/rod\u00edc\u00ed \u017eeny (2025) \u2013 aktualizovan\u00e9 guidelines<\/td><td>MUDr. Adam Novotn\u00fd<\/td><\/tr><tr><td>15:45<\/td><td>Resuscitace novorozence (2025) \u2013 aktualizovan\u00e9 guidelines<\/td><td>MUDr. Tereza Lambersk\u00e1, Ph.D.<\/td><\/tr><tr><td><\/td><td>Diskuze<\/td><td><\/td><\/tr><tr><td><\/td><td><strong>KAZUISTIKY II.<\/strong><\/td><td><\/td><\/tr><tr><td>16:15<\/td><td>Jedn\u00e1 se skute\u010dn\u011b o HELLP syndrom?<\/td><td>MUDr. Jaroslava Karbanov\u00e1, Ph.D.<\/td><\/tr><tr><td>16:30<\/td><td>PPH &#8211; step by step<\/td><td>MUDr. Dagmar Seidlov\u00e1, Ph.D.<\/td><\/tr><tr><td>16:45<\/td><td>Detekce poporodn\u00edho poran\u011bn\u00ed sfinkteru<\/td><td>MUDr. Magdalena Ku\u010derov\u00e1<\/td><\/tr><tr><td>17:00<\/td><td>TMA a spont\u00e1nn\u00ed ruptura jater<\/td><td>MUDr. Richard \u0160pa\u010dek, Ph.D.<\/td><\/tr><tr><td>17:45<\/td><td><strong>Z\u00e1v\u011br konference<\/strong><\/td><td><\/td><\/tr><\/tbody><\/table><\/figure>\n\n\n\n<p><\/p>\n","protected":false},"excerpt":{"rendered":"<p>P\u00e1tek 12. prosince 2025 AORA 2025 praktick\u00e9 simulace Praktick\u00e9 simulace krizov\u00fdch situac\u00ed vy\u017eaduj\u00edc\u00ed porodnicko-anesteziologick\u00e9 \u0159e\u0161en\u00ed si \u00fa\u010dastn\u00edci vyzkou\u0161\u00ed v r\u00e1mci osmi interaktivn\u00edch stanovi\u0161\u0165 veden\u00fdch zku\u0161en\u00fdmi odborn\u00edky. P\u00e1te\u010dn\u00ed blok se bude konat ve Fyziologick\u00e9m \u00fastavu 1. l\u00e9ka\u0159sk\u00e9 fakulty UK v Praze.<\/p>\n","protected":false},"author":4,"featured_media":0,"parent":6097,"menu_order":0,"comment_status":"closed","ping_status":"closed","template":"","meta":{"footnotes":""},"class_list":["post-6101","page","type-page","status-publish","hentry","","tg-column-two"],"_links":{"self":[{"href":"https:\/\/www.lekaridnes.cz\/index.php\/wp-json\/wp\/v2\/pages\/6101","targetHints":{"allow":["GET"]}}],"collection":[{"href":"https:\/\/www.lekaridnes.cz\/index.php\/wp-json\/wp\/v2\/pages"}],"about":[{"href":"https:\/\/www.lekaridnes.cz\/index.php\/wp-json\/wp\/v2\/types\/page"}],"author":[{"embeddable":true,"href":"https:\/\/www.lekaridnes.cz\/index.php\/wp-json\/wp\/v2\/users\/4"}],"replies":[{"embeddable":true,"href":"https:\/\/www.lekaridnes.cz\/index.php\/wp-json\/wp\/v2\/comments?post=6101"}],"version-history":[{"count":24,"href":"https:\/\/www.lekaridnes.cz\/index.php\/wp-json\/wp\/v2\/pages\/6101\/revisions"}],"predecessor-version":[{"id":6274,"href":"https:\/\/www.lekaridnes.cz\/index.php\/wp-json\/wp\/v2\/pages\/6101\/revisions\/6274"}],"up":[{"embeddable":true,"href":"https:\/\/www.lekaridnes.cz\/index.php\/wp-json\/wp\/v2\/pages\/6097"}],"wp:attachment":[{"href":"https:\/\/www.lekaridnes.cz\/index.php\/wp-json\/wp\/v2\/media?parent=6101"}],"curies":[{"name":"wp","href":"https:\/\/api.w.org\/{rel}","templated":true}]}}