{"id":6097,"date":"2025-06-19T10:10:48","date_gmt":"2025-06-19T09:10:48","guid":{"rendered":"https:\/\/www.lekaridnes.cz\/?page_id=6097"},"modified":"2025-11-13T14:39:19","modified_gmt":"2025-11-13T13:39:19","slug":"aora-2025","status":"publish","type":"page","link":"https:\/\/www.lekaridnes.cz\/index.php\/vzdelavani\/vzdelavani-2025\/aora-2025\/","title":{"rendered":"AORA 2025"},"content":{"rendered":"\n<p>V\u00e1\u017een\u00e9 kolegyn\u011b, v\u00e1\u017een\u00ed kolegov\u00e9,<\/p>\n\n\n\n<p>dovolte mi, abych V\u00e1s pozval na ji\u017e tradi\u010dn\u00ed mezioborovou konferenci <strong>AORA 2025<\/strong>, kter\u00e1 se letos uskute\u010dn\u00ed ve dnech <strong>12. a&nbsp; 13. prosince 2025<\/strong> v Nov\u00e9 budov\u011b N\u00e1rodn\u00edho muzea v Praze.&nbsp;<\/p>\n\n\n\n<p><strong>Leto\u0161n\u00ed ro\u010dn\u00edk p\u0159in\u00e1\u0161\u00ed novinku v podob\u011b roz\u0161\u00ed\u0159en\u00e9ho programu. Prvn\u00ed den (p\u00e1tek) bude v\u011bnov\u00e1n praktick\u00fdm simulac\u00edm krizov\u00fdch situac\u00ed <\/strong>vy\u017eaduj\u00edc\u00edch porodnicko-anesteziologick\u00e9 \u0159e\u0161en\u00ed, obdobn\u011b jako p\u0159i d\u0159\u00edv\u011bj\u0161\u00edch \u00fasp\u011b\u0161n\u00fdch kurzech \u201eKritick\u00e9 stavy v porodnictv\u00ed\u201c. Simula\u010dn\u00ed bloky umo\u017en\u00ed aktivn\u00ed n\u00e1cvik zvl\u00e1d\u00e1n\u00ed urgentn\u00edch a komplikovan\u00fdch stav\u016f na hranici obou obor\u016f pod veden\u00edm zku\u0161en\u00fdch odborn\u00edk\u016f. <strong>Druh\u00fd den (sobota) bude tradi\u010dn\u011b zam\u011b\u0159en na odborn\u00e9 p\u0159edn\u00e1\u0161ky, diskuse a prezentace kazuistik<\/strong>. Konference m\u00e1 za c\u00edl poskytnout \u00fa\u010dastn\u00edk\u016fm p\u0159\u00edle\u017eitost k v\u00fdm\u011bn\u011b znalost\u00ed, diskusi nad aktu\u00e1ln\u00edmi t\u00e9maty a p\u0159edstaven\u00ed novinek z oblasti akutn\u00ed medic\u00edny v porodnictv\u00ed.<\/p>\n\n\n\n<p><strong>Konference AORA 2025<\/strong>&nbsp; je ur\u010dena pro porodn\u00edky, anesteziology, neonatology\/d\u011btsk\u00e9 l\u00e9ka\u0159e, porodn\u00ed asistentky, zdravotn\u00ed sestry a z\u00e1chran\u00e1\u0159e z \u010cesk\u00e9 a Slovensk\u00e9 republiky.&nbsp;<\/p>\n\n\n\n<p>V r\u00e1mci konference zazn\u00ed v celkem p\u011bti tematick\u00fdch bloc\u00edch mezioborov\u00e9 p\u0159edn\u00e1\u0161ky. Pro velk\u00fd z\u00e1jem budou v dal\u0161\u00edch dvou samostatn\u00fdch bloc\u00edch prezentov\u00e1ny zaj\u00edmav\u00e9 kazuistiky z oblasti akutn\u00ed medic\u00edny v porodnictv\u00ed. V\u011b\u0159\u00edme, \u017ee konference AORA 2025 p\u0159inese v\u0161em \u00fa\u010dastn\u00edk\u016fm mnoho hodnotn\u00fdch informac\u00ed a podn\u011bt\u016f pro jejich ka\u017edodenn\u00ed praxi. T\u011b\u0161\u00edme se na Va\u0161i \u00fa\u010dast a na spole\u010dn\u00e9 setk\u00e1n\u00ed v prosinci.<\/p>\n\n\n\n<p>Vzd\u011bl\u00e1vac\u00ed akce jsou po\u0159\u00e1dany dle Stavovsk\u00e9ho p\u0159edpisu \u010cLK \u010d. 16 a budou za\u0159azeny do kreditn\u00edho syst\u00e9mu celo\u017eivotn\u00edho vzd\u011bl\u00e1v\u00e1n\u00ed l\u00e9ka\u0159\u016f.&nbsp;<\/p>\n\n\n\n<p><strong>AORA v praxi 2025<\/strong> &#8211; 12. prosince 2025 &#8211; v\u00fd\u0161e p\u0159id\u011blen\u00fdch kredit\u016f 6.<\/p>\n\n\n\n<p><strong>AORA 2025<\/strong> &#8211; 13. prosince 2025 &#8211; v\u00fd\u0161e p\u0159id\u011blen\u00fdch kredit\u016f 6.<\/p>\n\n\n\n<p>T\u011b\u0161\u00edme se na spole\u010dn\u00e9 setk\u00e1n\u00ed. V\u00edce informac\u00ed o programu a registraci naleznete na na\u0161ich webov\u00fdch str\u00e1nk\u00e1ch&nbsp;v sekci&nbsp;&nbsp;Vzd\u011bl\u00e1v\u00e1n\u00ed 2025.<\/p>\n\n\n\n<p>S p\u0159\u00e1telsk\u00fdm pozdravem,<\/p>\n\n\n\n<div class=\"wp-block-group\"><div class=\"wp-block-group__inner-container is-layout-constrained wp-block-group-is-layout-constrained\">\n<p>prof. MUDr. Anton\u00edn Pa\u0159\u00edzek, CSc., p\u0159edseda Sekce analgezie a intenzivn\u00ed medic\u00edny v porodnictv\u00ed<\/p>\n\n\n\n<p><strong><a href=\"https:\/\/www.lekaridnes.cz\/index.php\/vzdelavani\/vzdelavani-2025\/aora-2025\/registrace\/\">REGISTRACE<\/a><\/strong><\/p>\n<\/div><\/div>\n\n\n\n<p><\/p>\n","protected":false},"excerpt":{"rendered":"<p>V\u00e1\u017een\u00e9 kolegyn\u011b, v\u00e1\u017een\u00ed kolegov\u00e9, dovolte mi, abych V\u00e1s pozval na ji\u017e tradi\u010dn\u00ed mezioborovou konferenci AORA 2025, kter\u00e1 se letos uskute\u010dn\u00ed ve dnech 12. a&nbsp; 13. prosince 2025 v Nov\u00e9 budov\u011b N\u00e1rodn\u00edho muzea v Praze.&nbsp; Leto\u0161n\u00ed ro\u010dn\u00edk p\u0159in\u00e1\u0161\u00ed novinku v podob\u011b<\/p>\n","protected":false},"author":4,"featured_media":0,"parent":6032,"menu_order":-1,"comment_status":"closed","ping_status":"closed","template":"","meta":{"footnotes":""},"class_list":["post-6097","page","type-page","status-publish","hentry","","tg-column-two"],"_links":{"self":[{"href":"https:\/\/www.lekaridnes.cz\/index.php\/wp-json\/wp\/v2\/pages\/6097","targetHints":{"allow":["GET"]}}],"collection":[{"href":"https:\/\/www.lekaridnes.cz\/index.php\/wp-json\/wp\/v2\/pages"}],"about":[{"href":"https:\/\/www.lekaridnes.cz\/index.php\/wp-json\/wp\/v2\/types\/page"}],"author":[{"embeddable":true,"href":"https:\/\/www.lekaridnes.cz\/index.php\/wp-json\/wp\/v2\/users\/4"}],"replies":[{"embeddable":true,"href":"https:\/\/www.lekaridnes.cz\/index.php\/wp-json\/wp\/v2\/comments?post=6097"}],"version-history":[{"count":8,"href":"https:\/\/www.lekaridnes.cz\/index.php\/wp-json\/wp\/v2\/pages\/6097\/revisions"}],"predecessor-version":[{"id":6172,"href":"https:\/\/www.lekaridnes.cz\/index.php\/wp-json\/wp\/v2\/pages\/6097\/revisions\/6172"}],"up":[{"embeddable":true,"href":"https:\/\/www.lekaridnes.cz\/index.php\/wp-json\/wp\/v2\/pages\/6032"}],"wp:attachment":[{"href":"https:\/\/www.lekaridnes.cz\/index.php\/wp-json\/wp\/v2\/media?parent=6097"}],"curies":[{"name":"wp","href":"https:\/\/api.w.org\/{rel}","templated":true}]}}