{"id":6072,"date":"2025-01-29T15:00:20","date_gmt":"2025-01-29T14:00:20","guid":{"rendered":"https:\/\/www.lekaridnes.cz\/?page_id=6072"},"modified":"2025-03-17T08:59:41","modified_gmt":"2025-03-17T07:59:41","slug":"poplatky","status":"publish","type":"page","link":"https:\/\/www.lekaridnes.cz\/index.php\/vzdelavani\/vzdelavani-2025\/70-apolinarsky-kurz-porodnicke-analgezie-a-anestezie\/poplatky\/","title":{"rendered":"Poplatky"},"content":{"rendered":"\n<h3 class=\"wp-block-heading\">Registra\u010dn\u00ed poplatky<\/h3>\n\n\n\n<figure class=\"wp-block-table\"><table class=\"has-fixed-layout\"><tbody><tr><th>&nbsp;<\/th><th>Cena K\u010d<\/th><\/tr><tr><td>Registra\u010dn\u00ed poplatek &#8211; l\u00e9ka\u0159i<\/td><td>1 500 K\u010d<\/td><\/tr><tr><td>Registra\u010dn\u00ed poplatek &#8211; porodn\u00ed asistentky, neonatologick\u00e9 a v\u0161eobecn\u00e9 sestry<\/td><td>1 200 K\u010d<\/td><\/tr><tr><td>Stravn\u00e9 &#8211; k\u00e1vov\u00e9 pauzy, ob\u011bd<\/td><td>500 K\u010d<\/td><\/tr><\/tbody><\/table><\/figure>\n\n\n\n<p>* Uveden\u00e9 ceny jsou v\u010detn\u011b DPH. DPH pro registra\u010dn\u00ed poplatek \u00fa\u010dtov\u00e1no sazbou 21%, DPH na stravn\u00e9 \u00fa\u010dtov\u00e1no sazbou 12%.<\/p>\n\n\n\n<h3 class=\"wp-block-heading\">Zru\u0161en\u00ed registrace a storno poplatek<\/h3>\n\n\n\n<p>Pokud \u00fa\u010dastn\u00edk p\u00edsemn\u011b zru\u0161\u00ed svou \u00fa\u010dast nejpozd\u011bji <strong>do 15. 3. 2025<\/strong>, vr\u00e1t\u00ed organiz\u00e1tor uhrazenou \u010d\u00e1stku bez storno poplatku. Po tomto datu \u010din\u00ed storno poplatek 100 % registra\u010dn\u00edho poplatku. V p\u0159\u00edpad\u011b, \u017ee nedojde k uhrazen\u00ed z\u00e1lohov\u00e9 faktury ani po p\u00edsemn\u00e9 (e-mailov\u00e9) urgenci ze strany po\u0159adatele, bude \u00fa\u010dtov\u00e1na smluvn\u00ed pokuta ve v\u00fd\u0161i 100 % registra\u010dn\u00edho poplatku.<\/p>\n\n\n\n<p>Registra\u010dn\u00ed poplatek pro kurz se plat\u00ed i v p\u0159\u00edpad\u011b kon\u00e1n\u00ed akce online formou.<\/p>\n\n\n\n<h2 class=\"wp-block-heading\">Zp\u016fsob \u00fahrady registra\u010dn\u00edho poplatku<\/h2>\n\n\n\n<p>Platba p\u0159evodem na \u00fa\u010det. Na z\u00e1klad\u011b proveden\u00e9 registrace v\u00e1m do 24 hodin za\u0161leme v\u00fdzvu k platb\u011b s uveden\u00fdmi platebn\u00edmi \u00fadaji pro bankovn\u00ed p\u0159evod. Po p\u0159ips\u00e1n\u00ed \u00fahrady poplatku na bankovn\u00ed \u00fa\u010det vystav\u00ed organiz\u00e1tor da\u0148ov\u00fd doklad o platb\u011b, kter\u00fd za\u0161le na kontaktn\u00ed e-mail registrovan\u00e9ho.<\/p>\n\n\n\n<h4 class=\"wp-block-heading\">Platba na m\u00edst\u011b v hotovosti.<\/h4>\n","protected":false},"excerpt":{"rendered":"<p>Registra\u010dn\u00ed poplatky &nbsp; Cena K\u010d Registra\u010dn\u00ed poplatek &#8211; l\u00e9ka\u0159i 1 500 K\u010d Registra\u010dn\u00ed poplatek &#8211; porodn\u00ed asistentky, neonatologick\u00e9 a v\u0161eobecn\u00e9 sestry 1 200 K\u010d Stravn\u00e9 &#8211; k\u00e1vov\u00e9 pauzy, ob\u011bd 500 K\u010d * Uveden\u00e9 ceny jsou v\u010detn\u011b DPH. DPH pro registra\u010dn\u00ed<\/p>\n","protected":false},"author":4,"featured_media":0,"parent":6035,"menu_order":3,"comment_status":"closed","ping_status":"closed","template":"","meta":{"footnotes":""},"class_list":["post-6072","page","type-page","status-publish","hentry","","tg-column-two"],"_links":{"self":[{"href":"https:\/\/www.lekaridnes.cz\/index.php\/wp-json\/wp\/v2\/pages\/6072","targetHints":{"allow":["GET"]}}],"collection":[{"href":"https:\/\/www.lekaridnes.cz\/index.php\/wp-json\/wp\/v2\/pages"}],"about":[{"href":"https:\/\/www.lekaridnes.cz\/index.php\/wp-json\/wp\/v2\/types\/page"}],"author":[{"embeddable":true,"href":"https:\/\/www.lekaridnes.cz\/index.php\/wp-json\/wp\/v2\/users\/4"}],"replies":[{"embeddable":true,"href":"https:\/\/www.lekaridnes.cz\/index.php\/wp-json\/wp\/v2\/comments?post=6072"}],"version-history":[{"count":2,"href":"https:\/\/www.lekaridnes.cz\/index.php\/wp-json\/wp\/v2\/pages\/6072\/revisions"}],"predecessor-version":[{"id":6087,"href":"https:\/\/www.lekaridnes.cz\/index.php\/wp-json\/wp\/v2\/pages\/6072\/revisions\/6087"}],"up":[{"embeddable":true,"href":"https:\/\/www.lekaridnes.cz\/index.php\/wp-json\/wp\/v2\/pages\/6035"}],"wp:attachment":[{"href":"https:\/\/www.lekaridnes.cz\/index.php\/wp-json\/wp\/v2\/media?parent=6072"}],"curies":[{"name":"wp","href":"https:\/\/api.w.org\/{rel}","templated":true}]}}