{"id":6051,"date":"2025-01-28T16:10:08","date_gmt":"2025-01-28T15:10:08","guid":{"rendered":"https:\/\/www.lekaridnes.cz\/?page_id=6051"},"modified":"2025-03-17T08:55:10","modified_gmt":"2025-03-17T07:55:10","slug":"program","status":"publish","type":"page","link":"https:\/\/www.lekaridnes.cz\/index.php\/vzdelavani\/vzdelavani-2025\/70-apolinarsky-kurz-porodnicke-analgezie-a-anestezie\/program\/","title":{"rendered":"Program"},"content":{"rendered":"\n<p>Program 70. Apolin\u00e1\u0159sk\u00e9ho kurzu 2025<\/p>\n\n\n\n<div data-wp-interactive=\"core\/file\" class=\"wp-block-file\"><object data-wp-bind--hidden=\"!state.hasPdfPreview\" hidden class=\"wp-block-file__embed\" data=\"https:\/\/www.lekaridnes.cz\/wp-content\/uploads\/2025\/03\/Kurz-porodnicke-analgezie-70.pdf\" type=\"application\/pdf\" style=\"width:100%;height:600px\" aria-label=\"Vlo\u017eit z Kurz porodnick\u00e9 analgezie 70..\"><\/object><a id=\"wp-block-file--media-ff1e3a04-4829-4736-8dd1-228e51ba3765\" href=\"https:\/\/www.lekaridnes.cz\/wp-content\/uploads\/2025\/03\/Kurz-porodnicke-analgezie-70.pdf\">Kurz porodnick\u00e9 analgezie 70.<\/a><a href=\"https:\/\/www.lekaridnes.cz\/wp-content\/uploads\/2025\/03\/Kurz-porodnicke-analgezie-70.pdf\" class=\"wp-block-file__button wp-element-button\" download aria-describedby=\"wp-block-file--media-ff1e3a04-4829-4736-8dd1-228e51ba3765\">St\u00e1hnout<\/a><\/div>\n","protected":false},"excerpt":{"rendered":"<p>Program 70. Apolin\u00e1\u0159sk\u00e9ho kurzu 2025<\/p>\n","protected":false},"author":2,"featured_media":0,"parent":6035,"menu_order":1,"comment_status":"closed","ping_status":"closed","template":"","meta":{"footnotes":""},"class_list":["post-6051","page","type-page","status-publish","hentry","","tg-column-two"],"_links":{"self":[{"href":"https:\/\/www.lekaridnes.cz\/index.php\/wp-json\/wp\/v2\/pages\/6051","targetHints":{"allow":["GET"]}}],"collection":[{"href":"https:\/\/www.lekaridnes.cz\/index.php\/wp-json\/wp\/v2\/pages"}],"about":[{"href":"https:\/\/www.lekaridnes.cz\/index.php\/wp-json\/wp\/v2\/types\/page"}],"author":[{"embeddable":true,"href":"https:\/\/www.lekaridnes.cz\/index.php\/wp-json\/wp\/v2\/users\/2"}],"replies":[{"embeddable":true,"href":"https:\/\/www.lekaridnes.cz\/index.php\/wp-json\/wp\/v2\/comments?post=6051"}],"version-history":[{"count":5,"href":"https:\/\/www.lekaridnes.cz\/index.php\/wp-json\/wp\/v2\/pages\/6051\/revisions"}],"predecessor-version":[{"id":6086,"href":"https:\/\/www.lekaridnes.cz\/index.php\/wp-json\/wp\/v2\/pages\/6051\/revisions\/6086"}],"up":[{"embeddable":true,"href":"https:\/\/www.lekaridnes.cz\/index.php\/wp-json\/wp\/v2\/pages\/6035"}],"wp:attachment":[{"href":"https:\/\/www.lekaridnes.cz\/index.php\/wp-json\/wp\/v2\/media?parent=6051"}],"curies":[{"name":"wp","href":"https:\/\/api.w.org\/{rel}","templated":true}]}}