{"id":5554,"date":"2024-08-09T21:36:41","date_gmt":"2024-08-09T20:36:41","guid":{"rendered":"https:\/\/www.lekaridnes.cz\/?page_id=5554"},"modified":"2026-04-24T13:59:29","modified_gmt":"2026-04-24T12:59:29","slug":"poradatele","status":"publish","type":"page","link":"https:\/\/www.lekaridnes.cz\/index.php\/vzdelavani\/vzdelavani-2026\/kriticke-stavy-v-porodnictvi-2026\/poradatele\/","title":{"rendered":"Po\u0159adatel\u00e9"},"content":{"rendered":"\n<p><br>\u2022 Sekce analgezie a intenzivn\u00ed medic\u00edny v porodnictv\u00ed p\u0159i \u010cGPS \u010cLS JEP<br>\u2022 Klinika gynekologie, porodnictv\u00ed a neonatologie 1. LF UK a VFN v Praze<br>\u2022 \u010cesk\u00e1 spole\u010dnost porodn\u00edch asistentek<br>\u2022 MCC spol. s r.o.<\/p>\n\n\n\n<p><strong>Odborn\u00fd garant<\/strong><\/p>\n<p>prof. MUDr. Anton\u00edn Pa\u0159\u00edzek, CSc.<\/p>\n<p>doc. MUDr. Jan Bl\u00e1ha, Ph.D., MHA, LL.M.<\/p>\n\n\n\n\n<p><\/p>\n\n\n\n\n\n<p>Vzd\u011bl\u00e1vac\u00ed akce je po\u0159\u00e1dan\u00e1 dle Stavovsk\u00e9ho p\u0159edpisu \u010cLK \u010d. 16 a bude za\u0159azena do kreditn\u00edho syst\u00e9mu celo\u017eivotn\u00edho vzd\u011bl\u00e1v\u00e1n\u00ed l\u00e9ka\u0159\u016f.<\/p>\n","protected":false},"excerpt":{"rendered":"<p>\u2022 Sekce analgezie a intenzivn\u00ed medic\u00edny v porodnictv\u00ed p\u0159i \u010cGPS \u010cLS JEP\u2022 Klinika gynekologie, porodnictv\u00ed a neonatologie 1. LF UK a VFN v Praze\u2022 \u010cesk\u00e1 spole\u010dnost porodn\u00edch asistentek\u2022 MCC spol. s r.o. Odborn\u00fd garant prof. MUDr. Anton\u00edn Pa\u0159\u00edzek, CSc. doc.<\/p>\n","protected":false},"author":4,"featured_media":0,"parent":6359,"menu_order":3,"comment_status":"closed","ping_status":"closed","template":"","meta":{"footnotes":""},"class_list":["post-5554","page","type-page","status-publish","hentry","","tg-column-two"],"_links":{"self":[{"href":"https:\/\/www.lekaridnes.cz\/index.php\/wp-json\/wp\/v2\/pages\/5554","targetHints":{"allow":["GET"]}}],"collection":[{"href":"https:\/\/www.lekaridnes.cz\/index.php\/wp-json\/wp\/v2\/pages"}],"about":[{"href":"https:\/\/www.lekaridnes.cz\/index.php\/wp-json\/wp\/v2\/types\/page"}],"author":[{"embeddable":true,"href":"https:\/\/www.lekaridnes.cz\/index.php\/wp-json\/wp\/v2\/users\/4"}],"replies":[{"embeddable":true,"href":"https:\/\/www.lekaridnes.cz\/index.php\/wp-json\/wp\/v2\/comments?post=5554"}],"version-history":[{"count":6,"href":"https:\/\/www.lekaridnes.cz\/index.php\/wp-json\/wp\/v2\/pages\/5554\/revisions"}],"predecessor-version":[{"id":6386,"href":"https:\/\/www.lekaridnes.cz\/index.php\/wp-json\/wp\/v2\/pages\/5554\/revisions\/6386"}],"up":[{"embeddable":true,"href":"https:\/\/www.lekaridnes.cz\/index.php\/wp-json\/wp\/v2\/pages\/6359"}],"wp:attachment":[{"href":"https:\/\/www.lekaridnes.cz\/index.php\/wp-json\/wp\/v2\/media?parent=5554"}],"curies":[{"name":"wp","href":"https:\/\/api.w.org\/{rel}","templated":true}]}}