{"id":5537,"date":"2024-08-01T09:53:38","date_gmt":"2024-08-01T08:53:38","guid":{"rendered":"https:\/\/www.lekaridnes.cz\/?page_id=5537"},"modified":"2026-04-23T13:57:59","modified_gmt":"2026-04-23T12:57:59","slug":"kriticke-stavy-v-porodnictvi-2024","status":"publish","type":"page","link":"https:\/\/www.lekaridnes.cz\/index.php\/vzdelavani\/vzdelavani-2024\/kriticke-stavy-v-porodnictvi-2024\/","title":{"rendered":"Kritick\u00e9 stavy v porodnictv\u00ed 2024"},"content":{"rendered":"\n<p>V\u00e1\u017een\u00e9 kolegyn\u011b, v\u00e1\u017een\u00ed kolegov\u00e9,<\/p>\n<p>dovolte mi, abych V\u00e1s srde\u010dn\u011b pozval na <strong>konferenci &#8222;Kritick\u00e9 stavy v porodnictv\u00ed 2024&#8220;<\/strong>, kter\u00fd se uskute\u010dn\u00ed ve dnech <strong>13. a 14. prosince 2024<\/strong> v Nov\u00e9 budov\u011b N\u00e1rodn\u00edho muzea v Praze.<\/p>\n<p>Leto\u0161n\u00ed konference bude dvoudenn\u00ed. <strong>Prvn\u00ed den, 13. prosince, bude v\u011bnov\u00e1na simulac\u00edm kritick\u00fdch stav\u016f v porodnictv\u00ed.<\/strong> Tyto simulace poskytnou \u00fa\u010dastn\u00edk\u016fm jedine\u010dnou p\u0159\u00edle\u017eitost k praktick\u00e9mu procvi\u010den\u00ed a zlep\u0161en\u00ed jejich dovednost\u00ed v re\u00e1ln\u00fdch situac\u00edch. Kapacita simula\u010dn\u00edch workshop\u016f je omezena na 100 osob, co\u017e zaji\u0161\u0165uje individu\u00e1ln\u00ed p\u0159\u00edstup a efektivn\u00ed vzd\u011bl\u00e1v\u00e1n\u00ed.<\/p>\n<p><strong>Druh\u00fd den, 14. prosince, bude zam\u011b\u0159ena na odborn\u00e9 p\u0159edn\u00e1\u0161ky, diskuse a prezentace kazuistik.<\/strong> Program konference zahrnuje p\u011bt tematick\u00fdch blok\u016f, ve kter\u00fdch zazn\u00ed mezioborov\u00e9 p\u0159edn\u00e1\u0161ky od p\u0159edn\u00edch odborn\u00edk\u016f v oboru. T\u00e9mata budou pokr\u00fdvat nejnov\u011bj\u0161\u00ed v\u011bdeck\u00e9 poznatky a praktick\u00e9 zku\u0161enosti z oblasti akutn\u00ed medic\u00edny v porodnictv\u00ed. Diskuse a panelov\u00e9 debaty poskytnou prostor pro sd\u00edlen\u00ed zku\u0161enost\u00ed a n\u00e1pad\u016f, kter\u00e9 mohou v\u00e9st k optimalizaci p\u00e9\u010de o t\u011bhotn\u00e9 \u017eeny a novorozence.<\/p>\n<p>Konference je ur\u010dena pro \u0161irok\u00e9 spektrum odborn\u00edk\u016f z oblasti porodnictv\u00ed, v\u010detn\u011b porodn\u00edk\u016f, anesteziolog\u016f, neonatolog\u016f, porodn\u00edch asistentek, zdravotn\u00edch sester a z\u00e1chran\u00e1\u0159\u016f. Celkov\u00fd po\u010det \u00fa\u010dastn\u00edk\u016f se o\u010dek\u00e1v\u00e1 kolem 400, co\u017e n\u00e1m umo\u017en\u00ed vytvo\u0159it dynamick\u00e9 prost\u0159ed\u00ed pro v\u00fdm\u011bnu znalost\u00ed a zku\u0161enost\u00ed.<\/p>\n<p>V\u011b\u0159\u00edme, \u017ee konference &#8222;Kritick\u00e9 stavy v porodnictv\u00ed 2024&#8220; p\u0159inese v\u0161em \u00fa\u010dastn\u00edk\u016fm mnoho hodnotn\u00fdch informac\u00ed a podn\u011bt\u016f pro jejich ka\u017edodenn\u00ed praxi. T\u011b\u0161\u00edme se na Va\u0161i \u00fa\u010dast a na spole\u010dn\u00e9 setk\u00e1n\u00ed v prosinci.<\/p>\n<p>V\u00edce informac\u00ed o programu a registraci naleznete na na\u0161ich webov\u00fdch str\u00e1nk\u00e1ch<a href=\"http:\/\/www.lekaridnes.cz\"> www.lekaridnes.cz<\/a> v sekci\u00a0 <a href=\"https:\/\/www.lekaridnes.cz\/index.php\/vzdelavani\/vzdelavani-2024\/\">Vzd\u011bl\u00e1v\u00e1n\u00ed 2024.<\/a><\/p>\n<p>S p\u0159\u00e1telsk\u00fdm pozdravem,<\/p>\n<p>Prof. MUDr. Anton\u00edn Pa\u0159\u00edzek, CSc.<br \/>Klinika gynekologie, porodnictv\u00ed a neonatologie 1. LF UK a VFN v Praze<br \/>Apolin\u00e1\u0159sk\u00e1 18, Praha 2<\/p>\n\n\n\n<div data-wp-interactive=\"core\/file\" class=\"wp-block-file\"><object data-wp-bind--hidden=\"!state.hasPdfPreview\" hidden class=\"wp-block-file__embed\" data=\"https:\/\/www.lekaridnes.cz\/wp-content\/uploads\/2024\/12\/Kriticke-stavy-2024-3.pdf\" type=\"application\/pdf\" style=\"width:100%;height:600px\" aria-label=\"Vlo\u017eit z Kritick\u00e9 stavy 2024.\"><\/object><a id=\"wp-block-file--media-4499e1a4-bc27-4e9a-a238-b80a2afe6d23\" href=\"https:\/\/www.lekaridnes.cz\/wp-content\/uploads\/2024\/12\/Kriticke-stavy-2024-3.pdf\">Kritick\u00e9 stavy 2024<\/a><a href=\"https:\/\/www.lekaridnes.cz\/wp-content\/uploads\/2024\/12\/Kriticke-stavy-2024-3.pdf\" class=\"wp-block-file__button wp-element-button\" download aria-describedby=\"wp-block-file--media-4499e1a4-bc27-4e9a-a238-b80a2afe6d23\">St\u00e1hnout<\/a><\/div>\n\n\n\n<div style=\"height:100px\" aria-hidden=\"true\" class=\"wp-block-spacer\"><\/div>\n\n\n\n<p><\/p>\n","protected":false},"excerpt":{"rendered":"<p>V\u00e1\u017een\u00e9 kolegyn\u011b, v\u00e1\u017een\u00ed kolegov\u00e9, dovolte mi, abych V\u00e1s srde\u010dn\u011b pozval na konferenci &#8222;Kritick\u00e9 stavy v porodnictv\u00ed 2024&#8220;, kter\u00fd se uskute\u010dn\u00ed ve dnech 13. a 14. prosince 2024 v Nov\u00e9 budov\u011b N\u00e1rodn\u00edho muzea v Praze. Leto\u0161n\u00ed konference bude dvoudenn\u00ed. Prvn\u00ed den,<\/p>\n","protected":false},"author":4,"featured_media":0,"parent":5347,"menu_order":-1,"comment_status":"closed","ping_status":"closed","template":"","meta":{"footnotes":""},"class_list":["post-5537","page","type-page","status-publish","hentry","","tg-column-two"],"_links":{"self":[{"href":"https:\/\/www.lekaridnes.cz\/index.php\/wp-json\/wp\/v2\/pages\/5537","targetHints":{"allow":["GET"]}}],"collection":[{"href":"https:\/\/www.lekaridnes.cz\/index.php\/wp-json\/wp\/v2\/pages"}],"about":[{"href":"https:\/\/www.lekaridnes.cz\/index.php\/wp-json\/wp\/v2\/types\/page"}],"author":[{"embeddable":true,"href":"https:\/\/www.lekaridnes.cz\/index.php\/wp-json\/wp\/v2\/users\/4"}],"replies":[{"embeddable":true,"href":"https:\/\/www.lekaridnes.cz\/index.php\/wp-json\/wp\/v2\/comments?post=5537"}],"version-history":[{"count":17,"href":"https:\/\/www.lekaridnes.cz\/index.php\/wp-json\/wp\/v2\/pages\/5537\/revisions"}],"predecessor-version":[{"id":6365,"href":"https:\/\/www.lekaridnes.cz\/index.php\/wp-json\/wp\/v2\/pages\/5537\/revisions\/6365"}],"up":[{"embeddable":true,"href":"https:\/\/www.lekaridnes.cz\/index.php\/wp-json\/wp\/v2\/pages\/5347"}],"wp:attachment":[{"href":"https:\/\/www.lekaridnes.cz\/index.php\/wp-json\/wp\/v2\/media?parent=5537"}],"curies":[{"name":"wp","href":"https:\/\/api.w.org\/{rel}","templated":true}]}}