{"id":5349,"date":"2024-02-05T10:51:30","date_gmt":"2024-02-05T09:51:30","guid":{"rendered":"https:\/\/www.lekaridnes.cz\/?page_id=5349"},"modified":"2024-03-12T11:16:21","modified_gmt":"2024-03-12T10:16:21","slug":"69-kurz-porodnicke-analgezie-a-anestezie","status":"publish","type":"page","link":"https:\/\/www.lekaridnes.cz\/index.php\/vzdelavani\/vzdelavani-2024\/69-kurz-porodnicke-analgezie-a-anestezie\/","title":{"rendered":"69. Apolin\u00e1\u0159sk\u00fd kurz porodnick\u00e9 analgezie a anestezie"},"content":{"rendered":"\n<p>V\u00e1\u017een\u00e9 kolegyn\u011b, v\u00e1\u017een\u00ed kolegov\u00e9,&nbsp;<\/p>\n<p>dovolte n\u00e1m, abychom V\u00e1s pozval na ji\u017e tradi\u010dn\u00ed <b>69. Apolin\u00e1\u0159sk\u00fd kurz porodnick\u00e9 analgezie a anestezie<\/b>. Letos se bude konat <b>v sobotu 6. dubna 2024 <\/b>v posluch\u00e1rn\u011b (p\u0159\u00edzem\u00ed vlevo) Kliniky gynekologie, porodnictv\u00ed a neonatologie 1. LF UK a VFN v Praze, Apolin\u00e1\u0159sk\u00e1 18, Praha 2.&nbsp;<\/p>\n<p>Intenzivn\u00ed postgradu\u00e1ln\u00ed<b> Kurz porodnick\u00e9 analgezie a anestezie <\/b>je organizov\u00e1n bez p\u0159est\u00e1vky 28 let. Za v\u00edce jak \u010dtvrtstolet\u00ed zde nalezlo vzd\u011bl\u00e1n\u00ed v\u00edce ne\u017e 3 000 l\u00e9ka\u0159\u016f (porodn\u00edci, anesteziologov\u00e9, pediat\u0159i) a porodn\u00ed asistentky z cel\u00e9 \u010cesk\u00e9 republiky a Slovenska. V r\u00e1mci kurzu zazn\u00ed eduka\u010dn\u00ed p\u0159edn\u00e1\u0161ky z akutn\u00ed medic\u00edny.&nbsp;&nbsp;<\/p>\n<p>T\u011b\u0161\u00edme se na setk\u00e1n\u00ed s V\u00e1mi.<\/p>\n<p>&nbsp;<\/p>\n<p><strong>Organiz\u00e1tor:<\/strong><br>Sekce analgezie a intenzivn\u00ed medic\u00edny v porodnictv\u00ed p\u0159i \u010cGPS \u010cLS JEP<br>Sekce porodnick\u00e9 anestezie a analgezie p\u0159i \u010cSARIM \u010cLS JEP<br>\u010cesk\u00e1 spole\u010dnost porodn\u00edch asistentek z.s.<br>Mother\u2013Care\u2013Centrum spol. s r.o.&nbsp;<\/p>\n<p><strong>Odborn\u00fd garant:<\/strong><br>prof. MUDr. Anton\u00edn Pa\u0159\u00edzek, CSc.<br><em>p\u0159edseda Sekce analgezie a anestezie v porodnictv\u00ed p\u0159i \u010cGPS \u010cLS JEP<\/em><\/p>\n<p>doc. MUDr. Jan Bl\u00e1ha, Ph.D.<br><em>p\u0159ednosta kliniky anesteziologie a resuscitace 1.LF UK a VFN v Praze&nbsp;<\/em><\/p>\n<p><a href=\"http:\/\/www.lekaridnes.cz\/wp-content\/uploads\/2024\/03\/Kurz-porodnicke-analgezie-69.pdf\"><strong>Program<\/strong><\/a><\/p>\n<p><strong>REGISTRACE <br><\/strong><\/p>\n\n<div class=\"wpcf7 no-js\" id=\"wpcf7-f2944-o1\" lang=\"cs-CZ\" dir=\"ltr\" data-wpcf7-id=\"2944\">\n<div class=\"screen-reader-response\"><p role=\"status\" aria-live=\"polite\" aria-atomic=\"true\"><\/p> <ul><\/ul><\/div>\n<form action=\"\/index.php\/wp-json\/wp\/v2\/pages\/5349#wpcf7-f2944-o1\" method=\"post\" class=\"wpcf7-form init\" aria-label=\"Kontaktn\u00ed formul\u00e1\u0159\" novalidate=\"novalidate\" data-status=\"init\">\n<fieldset class=\"hidden-fields-container\"><input type=\"hidden\" name=\"_wpcf7\" value=\"2944\" \/><input type=\"hidden\" name=\"_wpcf7_version\" value=\"6.1.5\" \/><input type=\"hidden\" name=\"_wpcf7_locale\" value=\"cs_CZ\" \/><input type=\"hidden\" name=\"_wpcf7_unit_tag\" value=\"wpcf7-f2944-o1\" \/><input type=\"hidden\" name=\"_wpcf7_container_post\" value=\"0\" \/><input type=\"hidden\" name=\"_wpcf7_posted_data_hash\" value=\"\" \/>\n<\/fieldset>\n<p><label> Va\u0161e jm\u00e9no (vy\u017eadov\u00e1no)<br \/>\n<span class=\"wpcf7-form-control-wrap\" data-name=\"your-first-name\"><input size=\"40\" maxlength=\"400\" class=\"wpcf7-form-control wpcf7-text wpcf7-validates-as-required\" aria-required=\"true\" aria-invalid=\"false\" value=\"\" type=\"text\" name=\"your-first-name\" \/><\/span> <\/label>\n<\/p>\n<p><label> Va\u0161e p\u0159\u00edjmen\u00ed (vy\u017eadov\u00e1no)<br \/>\n<span class=\"wpcf7-form-control-wrap\" data-name=\"your-second-name\"><input size=\"40\" maxlength=\"400\" class=\"wpcf7-form-control wpcf7-text wpcf7-validates-as-required\" aria-required=\"true\" aria-invalid=\"false\" value=\"\" type=\"text\" name=\"your-second-name\" \/><\/span> <\/label>\n<\/p>\n<p><label> V\u00e1\u0161 e-mail (vy\u017eadov\u00e1no)<br \/>\n<span class=\"wpcf7-form-control-wrap\" data-name=\"your-email\"><input size=\"40\" maxlength=\"400\" class=\"wpcf7-form-control wpcf7-email wpcf7-validates-as-required wpcf7-text wpcf7-validates-as-email\" aria-required=\"true\" aria-invalid=\"false\" value=\"\" type=\"email\" name=\"your-email\" \/><\/span> <\/label>\n<\/p>\n<p><label> Va\u0161e ID u \u010cLK, porodn\u00ed asistentky vypln\u00ed nuly (vy\u017eadov\u00e1no)<br \/>\n<span class=\"wpcf7-form-control-wrap\" data-name=\"text-759\"><input size=\"40\" maxlength=\"400\" class=\"wpcf7-form-control wpcf7-text wpcf7-validates-as-required\" aria-required=\"true\" aria-invalid=\"false\" value=\"ID \u010cLK\" type=\"text\" name=\"text-759\" \/><\/span> <\/label>\n<\/p>\n<p><label> Va\u0161e tel.\u010d\u00edslo (vy\u017eadov\u00e1no)<br \/>\n<span class=\"wpcf7-form-control-wrap\" data-name=\"tel-420\"><input size=\"40\" maxlength=\"400\" class=\"wpcf7-form-control wpcf7-tel wpcf7-validates-as-required wpcf7-text wpcf7-validates-as-tel\" aria-required=\"true\" aria-invalid=\"false\" value=\"\" type=\"tel\" name=\"tel-420\" \/><\/span><br \/>\n<\/label><label> Vyberte Va\u0161e pracovn\u00ed za\u0159azen\u00ed (vy\u017eadov\u00e1no)<br \/>\n<span class=\"wpcf7-form-control-wrap\" data-name=\"menu-912\"><select class=\"wpcf7-form-control wpcf7-select wpcf7-validates-as-required\" aria-required=\"true\" aria-invalid=\"false\" name=\"menu-912\"><option value=\"L\u00e9ka\u0159\">L\u00e9ka\u0159<\/option><option value=\"Nel\u00e9ka\u0159\">Nel\u00e9ka\u0159<\/option><option value=\"Nel\u00e9ka\u0159, \u010dlen \u010cSPA\">Nel\u00e9ka\u0159, \u010dlen \u010cSPA<\/option><\/select><\/span><br \/>\n<\/label><label> Adresa va\u0161eho pracovi\u0161t\u011b (vy\u017eadov\u00e1no)<br \/>\n<span class=\"wpcf7-form-control-wrap\" data-name=\"textarea-911\"><textarea cols=\"40\" rows=\"10\" maxlength=\"2000\" class=\"wpcf7-form-control wpcf7-textarea wpcf7-validates-as-required\" aria-required=\"true\" aria-invalid=\"false\" name=\"textarea-911\"><\/textarea><\/span><br \/>\n<\/label><label> Faktura\u010dn\u00ed adresa (vy\u017eadov\u00e1no)<br \/>\n<span class=\"wpcf7-form-control-wrap\" data-name=\"textarea-598\"><textarea cols=\"40\" rows=\"10\" maxlength=\"2000\" class=\"wpcf7-form-control wpcf7-textarea wpcf7-validates-as-required\" aria-required=\"true\" aria-invalid=\"false\" name=\"textarea-598\"><\/textarea><\/span><br \/>\n<input class=\"wpcf7-form-control wpcf7-submit has-spinner\" type=\"submit\" value=\"Odeslat\" \/><\/label>\n<\/p><p style=\"display: none !important;\" class=\"akismet-fields-container\" data-prefix=\"_wpcf7_ak_\"><label>&#916;<textarea name=\"_wpcf7_ak_hp_textarea\" cols=\"45\" rows=\"8\" maxlength=\"100\"><\/textarea><\/label><input type=\"hidden\" id=\"ak_js_1\" name=\"_wpcf7_ak_js\" value=\"110\"\/><script>document.getElementById( \"ak_js_1\" ).setAttribute( \"value\", ( new Date() ).getTime() );<\/script><\/p><div class=\"wpcf7-response-output\" aria-hidden=\"true\"><\/div>\n<\/form>\n<\/div>\n\n<p>&nbsp;<\/p>\n","protected":false},"excerpt":{"rendered":"","protected":false},"author":4,"featured_media":0,"parent":5347,"menu_order":0,"comment_status":"closed","ping_status":"closed","template":"","meta":{"footnotes":""},"class_list":["post-5349","page","type-page","status-publish","hentry","","tg-column-two"],"_links":{"self":[{"href":"https:\/\/www.lekaridnes.cz\/index.php\/wp-json\/wp\/v2\/pages\/5349","targetHints":{"allow":["GET"]}}],"collection":[{"href":"https:\/\/www.lekaridnes.cz\/index.php\/wp-json\/wp\/v2\/pages"}],"about":[{"href":"https:\/\/www.lekaridnes.cz\/index.php\/wp-json\/wp\/v2\/types\/page"}],"author":[{"embeddable":true,"href":"https:\/\/www.lekaridnes.cz\/index.php\/wp-json\/wp\/v2\/users\/4"}],"replies":[{"embeddable":true,"href":"https:\/\/www.lekaridnes.cz\/index.php\/wp-json\/wp\/v2\/comments?post=5349"}],"version-history":[{"count":5,"href":"https:\/\/www.lekaridnes.cz\/index.php\/wp-json\/wp\/v2\/pages\/5349\/revisions"}],"predecessor-version":[{"id":5442,"href":"https:\/\/www.lekaridnes.cz\/index.php\/wp-json\/wp\/v2\/pages\/5349\/revisions\/5442"}],"up":[{"embeddable":true,"href":"https:\/\/www.lekaridnes.cz\/index.php\/wp-json\/wp\/v2\/pages\/5347"}],"wp:attachment":[{"href":"https:\/\/www.lekaridnes.cz\/index.php\/wp-json\/wp\/v2\/media?parent=5349"}],"curies":[{"name":"wp","href":"https:\/\/api.w.org\/{rel}","templated":true}]}}