{"id":3670,"date":"2022-08-15T14:50:56","date_gmt":"2022-08-15T13:50:56","guid":{"rendered":"https:\/\/www.lekaridnes.cz\/?page_id=3670"},"modified":"2025-12-04T22:26:22","modified_gmt":"2025-12-04T21:26:22","slug":"vzdelavani-2022","status":"publish","type":"page","link":"https:\/\/www.lekaridnes.cz\/index.php\/vzdelavani\/vzdelavani-2022\/","title":{"rendered":"Vzd\u011bl\u00e1v\u00e1n\u00ed 2022"},"content":{"rendered":"","protected":false},"excerpt":{"rendered":"","protected":false},"author":4,"featured_media":0,"parent":893,"menu_order":34,"comment_status":"closed","ping_status":"closed","template":"","meta":{"footnotes":""},"class_list":["post-3670","page","type-page","status-publish","hentry","","tg-column-two"],"_links":{"self":[{"href":"https:\/\/www.lekaridnes.cz\/index.php\/wp-json\/wp\/v2\/pages\/3670","targetHints":{"allow":["GET"]}}],"collection":[{"href":"https:\/\/www.lekaridnes.cz\/index.php\/wp-json\/wp\/v2\/pages"}],"about":[{"href":"https:\/\/www.lekaridnes.cz\/index.php\/wp-json\/wp\/v2\/types\/page"}],"author":[{"embeddable":true,"href":"https:\/\/www.lekaridnes.cz\/index.php\/wp-json\/wp\/v2\/users\/4"}],"replies":[{"embeddable":true,"href":"https:\/\/www.lekaridnes.cz\/index.php\/wp-json\/wp\/v2\/comments?post=3670"}],"version-history":[{"count":1,"href":"https:\/\/www.lekaridnes.cz\/index.php\/wp-json\/wp\/v2\/pages\/3670\/revisions"}],"predecessor-version":[{"id":3671,"href":"https:\/\/www.lekaridnes.cz\/index.php\/wp-json\/wp\/v2\/pages\/3670\/revisions\/3671"}],"up":[{"embeddable":true,"href":"https:\/\/www.lekaridnes.cz\/index.php\/wp-json\/wp\/v2\/pages\/893"}],"wp:attachment":[{"href":"https:\/\/www.lekaridnes.cz\/index.php\/wp-json\/wp\/v2\/media?parent=3670"}],"curies":[{"name":"wp","href":"https:\/\/api.w.org\/{rel}","templated":true}]}}