{"id":2938,"date":"2019-12-27T11:47:09","date_gmt":"2019-12-27T10:47:09","guid":{"rendered":"http:\/\/www.lekaridnes.cz\/?page_id=2938"},"modified":"2020-03-16T10:44:20","modified_gmt":"2020-03-16T09:44:20","slug":"porodnicka-analgezie-a-anestezie-2020","status":"publish","type":"page","link":"https:\/\/www.lekaridnes.cz\/index.php\/vzdelavani\/vzdelavani-2020\/porodnicka-analgezie-a-anestezie-2020\/","title":{"rendered":"Porodnick\u00e1 analgezie a anestezie 2020"},"content":{"rendered":"\n<h3><span style=\"color: #ff0000;\">Vzhledem k z\u00e1va\u017en\u00e9 epidemiologick\u00e9 situaci v \u010cesk\u00e9 republice se kurz<b>&nbsp;ru\u0161\u00ed.<\/b><\/span><\/h3>\n<p>Porodnick\u00e1 analgezie a anestezie 2020<br>67. intenzivn\u00ed postgradu\u00e1ln\u00ed Kurz porodnick\u00e9 analgezie a anestezie<br>Tento kurz je organizov\u00e1n bez p\u0159est\u00e1vky 27 let, za v\u00edce jak \u010dtvrtstolet\u00ed zde nalezlo vzd\u011bl\u00e1n\u00ed v\u00edce ne\u017e 2.700 l\u00e9ka\u0159\u016f (porodn\u00edci, anesteziologov\u00e9, pediat\u0159i) a porodn\u00ed asistentky z cel\u00e9 \u010cesk\u00e9 republiky a Slovenska.<\/p>\n<p><strong>Praha, 28. b\u0159ezna 2020<\/strong><\/p>\n<p><strong>M\u00edsto kon\u00e1n\u00ed:<\/strong><br>Posluch\u00e1rna Gynekologicko-porodnick\u00e9 kliniky<br>1. LF UK a VFN v Praze.<br>Apolin\u00e1\u0159sk\u00e1 18, Praha 2<\/p>\n<p><strong>Z\u00e1\u0161tita:<\/strong><br>Gynekologicko \u2013 porodnick\u00e1 klinika 1. LF UK a VFN v Praze<\/p>\n<p><strong>Organiz\u00e1tor:<\/strong><br>Gynekologicko\u2013porodnick\u00e1 klinika 1. LF UK a VFN v Praze<br>Sekce analgezie a intenzivn\u00ed medic\u00edny v porodnictv\u00ed p\u0159i \u010cGPS \u010cLS JEP<br>Sekce porodnick\u00e9 anestezie a analgezie p\u0159i \u010cSARIM \u010cLS JEP<br>\u010cesk\u00e1 spole\u010dnost porodn\u00edch asistentek (\u010cSPA)<\/p>\n<p><strong>Odborn\u00fd garant:<\/strong><br>prof. MUDr. Anton\u00edn Pa\u0159\u00edzek, CSc.<br>p\u0159edseda Sekce analgezie a intenzivn\u00ed medic\u00edny v porodnictv\u00ed p\u0159i \u010cGPS \u010cLS JEP.<\/p>\n<p><strong>Program:<\/strong><\/p>\n<p><a href=\"http:\/\/www.lekaridnes.cz\/wp-content\/uploads\/2019\/12\/program-2020.pdf\">Program 2020<\/a><\/p>\n","protected":false},"excerpt":{"rendered":"","protected":false},"author":2,"featured_media":0,"parent":2934,"menu_order":1,"comment_status":"closed","ping_status":"closed","template":"","meta":{"footnotes":""},"class_list":["post-2938","page","type-page","status-publish","hentry","","tg-column-two"],"_links":{"self":[{"href":"https:\/\/www.lekaridnes.cz\/index.php\/wp-json\/wp\/v2\/pages\/2938","targetHints":{"allow":["GET"]}}],"collection":[{"href":"https:\/\/www.lekaridnes.cz\/index.php\/wp-json\/wp\/v2\/pages"}],"about":[{"href":"https:\/\/www.lekaridnes.cz\/index.php\/wp-json\/wp\/v2\/types\/page"}],"author":[{"embeddable":true,"href":"https:\/\/www.lekaridnes.cz\/index.php\/wp-json\/wp\/v2\/users\/2"}],"replies":[{"embeddable":true,"href":"https:\/\/www.lekaridnes.cz\/index.php\/wp-json\/wp\/v2\/comments?post=2938"}],"version-history":[{"count":9,"href":"https:\/\/www.lekaridnes.cz\/index.php\/wp-json\/wp\/v2\/pages\/2938\/revisions"}],"predecessor-version":[{"id":3196,"href":"https:\/\/www.lekaridnes.cz\/index.php\/wp-json\/wp\/v2\/pages\/2938\/revisions\/3196"}],"up":[{"embeddable":true,"href":"https:\/\/www.lekaridnes.cz\/index.php\/wp-json\/wp\/v2\/pages\/2934"}],"wp:attachment":[{"href":"https:\/\/www.lekaridnes.cz\/index.php\/wp-json\/wp\/v2\/media?parent=2938"}],"curies":[{"name":"wp","href":"https:\/\/api.w.org\/{rel}","templated":true}]}}