{"id":22,"date":"2016-08-01T14:44:53","date_gmt":"2016-08-01T13:44:53","guid":{"rendered":"http:\/\/lekari.3sixty.eu\/?page_id=22"},"modified":"2017-02-13T13:21:32","modified_gmt":"2017-02-13T12:21:32","slug":"sos","status":"publish","type":"page","link":"https:\/\/www.lekaridnes.cz\/index.php\/sos\/","title":{"rendered":"SOS"},"content":{"rendered":"<h3 style=\"text-align: left;\"><span style=\"color: #000080;\"><a href=\"http:\/\/www.lekaridnes.cz\/index.php\/sos\/prezentace-ze-kongresu\/\"><!--more--><\/a><\/span><a href=\"http:\/\/www.lekaridnes.cz\/index.php\/sos\/kriticke-stavy-v-porodnictvi-2016\/\"><span style=\"color: #000080;\">Kritick\u00e9 stavy v porodnictv\u00ed 2016<\/span><\/a><\/h3>\n<p>&nbsp;<\/p>\n<p><strong>Mate\u0159sk\u00e1 a perinat\u00e1ln\u00ed mortalita<\/strong><\/p>\n<p><a href=\"http:\/\/www.lekaridnes.cz\/wp-content\/uploads\/2017\/01\/01-Dolensk\u00e1.pdf\"><strong>Pro\u010d dnes matky um\u00edraj\u00ed ve Velk\u00e9 Brit\u00e1nii<\/strong><\/a>&nbsp;<br \/>\n<em>Sylva Dolensk\u00e1<\/em><\/p>\n<p><strong><a href=\"http:\/\/www.lekaridnes.cz\/wp-content\/uploads\/2017\/01\/02-Velebil.pdf\">Mate\u0159sk\u00e1 mortalita v \u010cR<\/a>&nbsp;<br \/>\n<\/strong><em>Petr Velebil<\/em><\/p>\n<p><strong><a href=\"http:\/\/www.lekaridnes.cz\/wp-content\/uploads\/2017\/01\/03-Velebil.pdf\">Perinat\u00e1ln\u00ed mortalita <\/a>&nbsp;<br \/>\n<\/strong><em>Petr Velebil<\/em><\/p>\n<p>&nbsp;<\/p>\n<p><strong>P\u0159ed\u010dasn\u00fd porod &#8211; nejz\u00e1va\u017en\u011bj\u0161\u00ed perinatologick\u00fd probl\u00e9m sou\u010dasnosti<\/strong><\/p>\n<p><strong><a href=\"http:\/\/www.lekaridnes.cz\/wp-content\/uploads\/2017\/01\/08-Koucky.pdf\">P\u0159ed\u010dasn\u00fd porod<\/a><\/strong>&nbsp;<br \/>\n<em>Michal Kouck\u00fd<\/em><\/p>\n<p><strong><a href=\"http:\/\/www.lekaridnes.cz\/wp-content\/uploads\/2017\/01\/09-Blaha.pdf\">Sepse v porodnictv\u00ed<\/a>&nbsp;&nbsp;<br \/>\n<\/strong><em>Jan Bl\u00e1ha<\/em><\/p>\n<p><strong><a href=\"http:\/\/www.lekaridnes.cz\/wp-content\/uploads\/2017\/01\/10-Sebron.pdf\">Infekce v t\u011bhotenstv\u00ed ohro\u017euj\u00edc\u00ed novorozence<\/a><\/strong>&nbsp;<br \/>\n<em>V\u00e1clav Sebro\u0148<\/em><\/p>\n<p><strong><a href=\"http:\/\/www.lekaridnes.cz\/wp-content\/uploads\/2017\/01\/11-Ad\u00e1mkova.pdf\">\u00daskal\u00ed ATB l\u00e9\u010dby v t\u011bhotenstv\u00ed a \u0161estined\u011bl\u00ed<\/a><\/strong>&nbsp;<br \/>\n<em>V\u00e1clava Ad\u00e1mkov\u00e1<\/em><\/p>\n<p>&nbsp;<\/p>\n<p><strong>Intern\u00ed choroby v t\u011bhotenstv\u00ed<\/strong><\/p>\n<p><strong><a href=\"http:\/\/www.lekaridnes.cz\/wp-content\/uploads\/2017\/01\/13-Zelinka.pdf\">L\u00e9\u010dba hypertenze v t\u011bhotenstv\u00ed<\/a>&nbsp;<br \/>\n<\/strong><em>Tom\u00e1\u0161 Zelinka<\/em><\/p>\n<p><strong><a href=\"http:\/\/www.lekaridnes.cz\/wp-content\/uploads\/2017\/01\/14-Trunecka.pdf\">Hepatopathie v t\u011bhotenstv\u00ed<\/a>&nbsp;<br \/>\n<\/strong><em>Pavel Trune\u010dka<\/em><\/p>\n<p><strong><a href=\"http:\/\/www.lekaridnes.cz\/wp-content\/uploads\/2017\/01\/15-Jindrova.pdf\">Akutn\u00ed intoxikace drogami<\/a>&nbsp;<br \/>\n<\/strong><em>Barbora Jindrov\u00e1<\/em><\/p>\n<p>&nbsp;<\/p>\n<p><strong>Plod jako pacient<\/strong><\/p>\n<p><strong><a href=\"http:\/\/www.lekaridnes.cz\/wp-content\/uploads\/2017\/01\/17-Zizka.pdf\">Hypotrofick\u00fd plod &#8211; kdy ukon\u010dit t\u011bhotenstv\u00ed?<\/a>&nbsp;<br \/>\n<\/strong><em>Zden\u011bk \u017di\u017eka<\/em><\/p>\n<p><strong><a href=\"http:\/\/www.lekaridnes.cz\/wp-content\/uploads\/2017\/01\/18_-Dystokie-ramenek-Parizek-Zahumensk_2016.pdf\">Dystokie ram\u00e9nek<\/a><\/strong><em><strong> &nbsp;<br \/>\n<\/strong>Josef Z\u00e1humensk\u00fd<\/em><\/p>\n<p><strong><a href=\"http:\/\/www.lekaridnes.cz\/wp-content\/uploads\/2017\/01\/20-\u010ciha\u0159.pdf\">Dom\u00e1c\u00ed porod<\/a>&nbsp;<br \/>\n<\/strong><em>Martin \u010ciha\u0159<\/em><\/p>\n<p><strong><a href=\"http:\/\/www.lekaridnes.cz\/wp-content\/uploads\/2017\/01\/19-Parizek-Domaci-porod.pdf\">Dom\u00e1ci porod<\/a>&nbsp;<br \/>\n<\/strong><em>Anton\u00edn Pa\u0159\u00edzek<\/em><\/p>\n<p><strong><a href=\"http:\/\/www.lekaridnes.cz\/wp-content\/uploads\/2017\/01\/21-Li\u0161ka-resusc-novor.pdf\">Resuscitace novorozence<\/a><\/strong><em><strong>&nbsp;<br \/>\n<\/strong>Karel Li\u0161ka<\/em><\/p>\n<p>&nbsp;<\/p>\n<p><strong>Peripart\u00e1ln\u00ed \u017eivot ohro\u017euj\u00edc\u00ed krv\u00e1cen\u00ed<\/strong><\/p>\n<p><strong><a href=\"http:\/\/www.lekaridnes.cz\/wp-content\/uploads\/2017\/01\/MUDr.-Pa\u0159\u00edzek-Peripart\u00e1ln\u00ed-\u017eivot-ohro\u017euj\u00edc\u00ed-krv\u00e1cen\u00ed.pdf\">Peripart\u00e1ln\u00ed \u017eivot ohro\u017euj\u00edc\u00ed krv\u00e1cen\u00ed<\/a><\/strong><em>&nbsp;<br \/>\nAnton\u00edn Pa\u0159\u00edzek<\/em><\/p>\n<p><strong><a href=\"http:\/\/www.lekaridnes.cz\/wp-content\/uploads\/2017\/01\/Parizek.pdf\">Hypotonie d\u011blo\u017en\u00ed&nbsp;<\/a><\/strong><em><strong>&nbsp;<br \/>\n<\/strong>Michal Kouck\u00fd<\/em><\/p>\n<p><a href=\"http:\/\/www.lekaridnes.cz\/wp-content\/uploads\/2017\/01\/MUDr.-Zik\u00e1n-Placenta-accreta-percreta.pdf\"><strong>Placenta accreta-percreta<\/strong><\/a>&nbsp;<br \/>\n<em>Michal Zik\u00e1n<\/em><\/p>\n<p><strong><a href=\"http:\/\/www.lekaridnes.cz\/wp-content\/uploads\/2017\/01\/29-Dr\u00e1bkov\u00e1.pdf\">Li\u0161\u00ed se kritick\u00e9 stavy t\u011bhotn\u00fdch od nezletil\u00fdch a\u017e po zral\u00fd v\u011bk?<\/a>&nbsp;<br \/>\n<\/strong><em>Jarmila Dr\u00e1bkov\u00e1<\/em><\/p>\n<p>&nbsp;<\/p>\n<p><strong>Embolick\u00e9 p\u0159\u00edhody v t\u011bhotenstv\u00ed&nbsp;<\/strong><\/p>\n<p><strong><a href=\"http:\/\/www.lekaridnes.cz\/wp-content\/uploads\/2017\/01\/Embolie-plodovou-vodou-2016.pdf\">Embolie plodovou vodou&nbsp;<\/a><\/strong><i><strong>&nbsp;<br \/>\n<\/strong>Anton\u00edn Pa\u0159\u00edzek<\/i><\/p>\n<p>&nbsp;<\/p>\n<p><strong>Fotogalerie:<\/strong><\/p>\n<div id='gallery-1' class='gallery galleryid-22 gallery-columns-3 gallery-size-medium'><figure class='gallery-item'>\n\t\t\t<div class='gallery-icon landscape'>\n\t\t\t\t<a href='https:\/\/www.lekaridnes.cz\/index.php\/vzdelavani\/vzdelavani-2016\/kriticke-stavy-v-porodnictvi-2016\/jkrl9175a\/'><img loading=\"lazy\" decoding=\"async\" width=\"300\" height=\"200\" src=\"https:\/\/www.lekaridnes.cz\/wp-content\/uploads\/2017\/01\/JKRL9175a-300x200.jpg\" class=\"attachment-medium size-medium\" alt=\"\" srcset=\"https:\/\/www.lekaridnes.cz\/wp-content\/uploads\/2017\/01\/JKRL9175a-300x200.jpg 300w, https:\/\/www.lekaridnes.cz\/wp-content\/uploads\/2017\/01\/JKRL9175a-768x512.jpg 768w, https:\/\/www.lekaridnes.cz\/wp-content\/uploads\/2017\/01\/JKRL9175a.jpg 1000w\" sizes=\"auto, (max-width: 300px) 100vw, 300px\" \/><\/a>\n\t\t\t<\/div><\/figure><figure class='gallery-item'>\n\t\t\t<div class='gallery-icon landscape'>\n\t\t\t\t<a href='https:\/\/www.lekaridnes.cz\/index.php\/vzdelavani\/vzdelavani-2016\/kriticke-stavy-v-porodnictvi-2016\/jkrl9186a\/'><img loading=\"lazy\" decoding=\"async\" width=\"300\" height=\"200\" src=\"https:\/\/www.lekaridnes.cz\/wp-content\/uploads\/2017\/01\/JKRL9186a-300x200.jpg\" class=\"attachment-medium size-medium\" alt=\"\" srcset=\"https:\/\/www.lekaridnes.cz\/wp-content\/uploads\/2017\/01\/JKRL9186a-300x200.jpg 300w, https:\/\/www.lekaridnes.cz\/wp-content\/uploads\/2017\/01\/JKRL9186a-768x512.jpg 768w, https:\/\/www.lekaridnes.cz\/wp-content\/uploads\/2017\/01\/JKRL9186a.jpg 1000w\" sizes=\"auto, (max-width: 300px) 100vw, 300px\" \/><\/a>\n\t\t\t<\/div><\/figure><figure class='gallery-item'>\n\t\t\t<div class='gallery-icon landscape'>\n\t\t\t\t<a href='https:\/\/www.lekaridnes.cz\/index.php\/vzdelavani\/vzdelavani-2016\/kriticke-stavy-v-porodnictvi-2016\/jkrl9189a\/'><img loading=\"lazy\" decoding=\"async\" width=\"300\" height=\"200\" src=\"https:\/\/www.lekaridnes.cz\/wp-content\/uploads\/2017\/01\/JKRL9189a-300x200.jpg\" class=\"attachment-medium size-medium\" alt=\"\" srcset=\"https:\/\/www.lekaridnes.cz\/wp-content\/uploads\/2017\/01\/JKRL9189a-300x200.jpg 300w, https:\/\/www.lekaridnes.cz\/wp-content\/uploads\/2017\/01\/JKRL9189a-768x512.jpg 768w, https:\/\/www.lekaridnes.cz\/wp-content\/uploads\/2017\/01\/JKRL9189a.jpg 1000w\" sizes=\"auto, (max-width: 300px) 100vw, 300px\" \/><\/a>\n\t\t\t<\/div><\/figure><figure class='gallery-item'>\n\t\t\t<div class='gallery-icon landscape'>\n\t\t\t\t<a href='https:\/\/www.lekaridnes.cz\/index.php\/vzdelavani\/vzdelavani-2016\/kriticke-stavy-v-porodnictvi-2016\/jkrl9199nn\/'><img loading=\"lazy\" decoding=\"async\" width=\"300\" height=\"200\" src=\"https:\/\/www.lekaridnes.cz\/wp-content\/uploads\/2017\/01\/JKRL9199nn-300x200.jpg\" class=\"attachment-medium size-medium\" alt=\"\" srcset=\"https:\/\/www.lekaridnes.cz\/wp-content\/uploads\/2017\/01\/JKRL9199nn-300x200.jpg 300w, https:\/\/www.lekaridnes.cz\/wp-content\/uploads\/2017\/01\/JKRL9199nn-768x512.jpg 768w, https:\/\/www.lekaridnes.cz\/wp-content\/uploads\/2017\/01\/JKRL9199nn.jpg 1000w\" sizes=\"auto, (max-width: 300px) 100vw, 300px\" \/><\/a>\n\t\t\t<\/div><\/figure><figure class='gallery-item'>\n\t\t\t<div class='gallery-icon landscape'>\n\t\t\t\t<a href='https:\/\/www.lekaridnes.cz\/index.php\/vzdelavani\/vzdelavani-2016\/kriticke-stavy-v-porodnictvi-2016\/jkrl9203a\/'><img loading=\"lazy\" decoding=\"async\" width=\"300\" height=\"200\" src=\"https:\/\/www.lekaridnes.cz\/wp-content\/uploads\/2017\/01\/JKRL9203a-300x200.jpg\" class=\"attachment-medium size-medium\" alt=\"\" srcset=\"https:\/\/www.lekaridnes.cz\/wp-content\/uploads\/2017\/01\/JKRL9203a-300x200.jpg 300w, https:\/\/www.lekaridnes.cz\/wp-content\/uploads\/2017\/01\/JKRL9203a-768x512.jpg 768w, https:\/\/www.lekaridnes.cz\/wp-content\/uploads\/2017\/01\/JKRL9203a.jpg 1000w\" sizes=\"auto, (max-width: 300px) 100vw, 300px\" \/><\/a>\n\t\t\t<\/div><\/figure><figure class='gallery-item'>\n\t\t\t<div class='gallery-icon landscape'>\n\t\t\t\t<a href='https:\/\/www.lekaridnes.cz\/index.php\/vzdelavani\/vzdelavani-2016\/kriticke-stavy-v-porodnictvi-2016\/jkrl9223a\/'><img loading=\"lazy\" decoding=\"async\" width=\"300\" height=\"200\" src=\"https:\/\/www.lekaridnes.cz\/wp-content\/uploads\/2017\/01\/JKRL9223a-300x200.jpg\" class=\"attachment-medium size-medium\" alt=\"\" srcset=\"https:\/\/www.lekaridnes.cz\/wp-content\/uploads\/2017\/01\/JKRL9223a-300x200.jpg 300w, https:\/\/www.lekaridnes.cz\/wp-content\/uploads\/2017\/01\/JKRL9223a-768x512.jpg 768w, https:\/\/www.lekaridnes.cz\/wp-content\/uploads\/2017\/01\/JKRL9223a.jpg 1000w\" sizes=\"auto, (max-width: 300px) 100vw, 300px\" \/><\/a>\n\t\t\t<\/div><\/figure><figure class='gallery-item'>\n\t\t\t<div class='gallery-icon landscape'>\n\t\t\t\t<a href='https:\/\/www.lekaridnes.cz\/index.php\/vzdelavani\/vzdelavani-2016\/kriticke-stavy-v-porodnictvi-2016\/jkrl9258a\/'><img loading=\"lazy\" decoding=\"async\" width=\"300\" height=\"200\" src=\"https:\/\/www.lekaridnes.cz\/wp-content\/uploads\/2017\/01\/JKRL9258a-300x200.jpg\" class=\"attachment-medium size-medium\" alt=\"\" srcset=\"https:\/\/www.lekaridnes.cz\/wp-content\/uploads\/2017\/01\/JKRL9258a-300x200.jpg 300w, https:\/\/www.lekaridnes.cz\/wp-content\/uploads\/2017\/01\/JKRL9258a-768x512.jpg 768w, https:\/\/www.lekaridnes.cz\/wp-content\/uploads\/2017\/01\/JKRL9258a.jpg 1000w\" sizes=\"auto, (max-width: 300px) 100vw, 300px\" \/><\/a>\n\t\t\t<\/div><\/figure><figure class='gallery-item'>\n\t\t\t<div class='gallery-icon landscape'>\n\t\t\t\t<a href='https:\/\/www.lekaridnes.cz\/index.php\/vzdelavani\/vzdelavani-2016\/kriticke-stavy-v-porodnictvi-2016\/jkrl9261a\/'><img loading=\"lazy\" decoding=\"async\" width=\"300\" height=\"200\" src=\"https:\/\/www.lekaridnes.cz\/wp-content\/uploads\/2017\/01\/JKRL9261a-300x200.jpg\" class=\"attachment-medium size-medium\" alt=\"\" srcset=\"https:\/\/www.lekaridnes.cz\/wp-content\/uploads\/2017\/01\/JKRL9261a-300x200.jpg 300w, https:\/\/www.lekaridnes.cz\/wp-content\/uploads\/2017\/01\/JKRL9261a-768x512.jpg 768w, https:\/\/www.lekaridnes.cz\/wp-content\/uploads\/2017\/01\/JKRL9261a.jpg 1000w\" sizes=\"auto, (max-width: 300px) 100vw, 300px\" \/><\/a>\n\t\t\t<\/div><\/figure><figure class='gallery-item'>\n\t\t\t<div class='gallery-icon landscape'>\n\t\t\t\t<a href='https:\/\/www.lekaridnes.cz\/index.php\/vzdelavani\/vzdelavani-2016\/kriticke-stavy-v-porodnictvi-2016\/jkrl9302a\/'><img loading=\"lazy\" decoding=\"async\" width=\"300\" height=\"200\" src=\"https:\/\/www.lekaridnes.cz\/wp-content\/uploads\/2017\/01\/JKRL9302a-300x200.jpg\" class=\"attachment-medium size-medium\" alt=\"\" srcset=\"https:\/\/www.lekaridnes.cz\/wp-content\/uploads\/2017\/01\/JKRL9302a-300x200.jpg 300w, https:\/\/www.lekaridnes.cz\/wp-content\/uploads\/2017\/01\/JKRL9302a-768x512.jpg 768w, https:\/\/www.lekaridnes.cz\/wp-content\/uploads\/2017\/01\/JKRL9302a.jpg 1000w\" sizes=\"auto, (max-width: 300px) 100vw, 300px\" \/><\/a>\n\t\t\t<\/div><\/figure><figure class='gallery-item'>\n\t\t\t<div class='gallery-icon landscape'>\n\t\t\t\t<a href='https:\/\/www.lekaridnes.cz\/index.php\/vzdelavani\/vzdelavani-2016\/kriticke-stavy-v-porodnictvi-2016\/jkrl9289a\/'><img loading=\"lazy\" decoding=\"async\" width=\"300\" height=\"200\" src=\"https:\/\/www.lekaridnes.cz\/wp-content\/uploads\/2017\/01\/JKRL9289a-300x200.jpg\" class=\"attachment-medium size-medium\" alt=\"\" srcset=\"https:\/\/www.lekaridnes.cz\/wp-content\/uploads\/2017\/01\/JKRL9289a-300x200.jpg 300w, https:\/\/www.lekaridnes.cz\/wp-content\/uploads\/2017\/01\/JKRL9289a-768x512.jpg 768w, https:\/\/www.lekaridnes.cz\/wp-content\/uploads\/2017\/01\/JKRL9289a.jpg 1000w\" sizes=\"auto, (max-width: 300px) 100vw, 300px\" \/><\/a>\n\t\t\t<\/div><\/figure><figure class='gallery-item'>\n\t\t\t<div class='gallery-icon landscape'>\n\t\t\t\t<a href='https:\/\/www.lekaridnes.cz\/index.php\/vzdelavani\/vzdelavani-2016\/kriticke-stavy-v-porodnictvi-2016\/jkrl9291a\/'><img loading=\"lazy\" decoding=\"async\" width=\"300\" height=\"200\" src=\"https:\/\/www.lekaridnes.cz\/wp-content\/uploads\/2017\/01\/JKRL9291a-300x200.jpg\" class=\"attachment-medium size-medium\" alt=\"\" srcset=\"https:\/\/www.lekaridnes.cz\/wp-content\/uploads\/2017\/01\/JKRL9291a-300x200.jpg 300w, https:\/\/www.lekaridnes.cz\/wp-content\/uploads\/2017\/01\/JKRL9291a-768x512.jpg 768w, https:\/\/www.lekaridnes.cz\/wp-content\/uploads\/2017\/01\/JKRL9291a.jpg 1000w\" sizes=\"auto, (max-width: 300px) 100vw, 300px\" \/><\/a>\n\t\t\t<\/div><\/figure><figure class='gallery-item'>\n\t\t\t<div class='gallery-icon landscape'>\n\t\t\t\t<a href='https:\/\/www.lekaridnes.cz\/index.php\/vzdelavani\/vzdelavani-2016\/kriticke-stavy-v-porodnictvi-2016\/jkrl9292a\/'><img loading=\"lazy\" decoding=\"async\" width=\"300\" height=\"200\" src=\"https:\/\/www.lekaridnes.cz\/wp-content\/uploads\/2017\/01\/JKRL9292a-300x200.jpg\" class=\"attachment-medium size-medium\" alt=\"\" srcset=\"https:\/\/www.lekaridnes.cz\/wp-content\/uploads\/2017\/01\/JKRL9292a-300x200.jpg 300w, https:\/\/www.lekaridnes.cz\/wp-content\/uploads\/2017\/01\/JKRL9292a-768x512.jpg 768w, https:\/\/www.lekaridnes.cz\/wp-content\/uploads\/2017\/01\/JKRL9292a.jpg 1000w\" sizes=\"auto, (max-width: 300px) 100vw, 300px\" \/><\/a>\n\t\t\t<\/div><\/figure><figure class='gallery-item'>\n\t\t\t<div class='gallery-icon landscape'>\n\t\t\t\t<a href='https:\/\/www.lekaridnes.cz\/index.php\/vzdelavani\/vzdelavani-2016\/kriticke-stavy-v-porodnictvi-2016\/jkrl9296a\/'><img loading=\"lazy\" decoding=\"async\" width=\"300\" height=\"200\" src=\"https:\/\/www.lekaridnes.cz\/wp-content\/uploads\/2017\/01\/JKRL9296a-300x200.jpg\" class=\"attachment-medium size-medium\" alt=\"\" srcset=\"https:\/\/www.lekaridnes.cz\/wp-content\/uploads\/2017\/01\/JKRL9296a-300x200.jpg 300w, https:\/\/www.lekaridnes.cz\/wp-content\/uploads\/2017\/01\/JKRL9296a-768x512.jpg 768w, https:\/\/www.lekaridnes.cz\/wp-content\/uploads\/2017\/01\/JKRL9296a.jpg 1000w\" sizes=\"auto, (max-width: 300px) 100vw, 300px\" \/><\/a>\n\t\t\t<\/div><\/figure><figure class='gallery-item'>\n\t\t\t<div class='gallery-icon landscape'>\n\t\t\t\t<a href='https:\/\/www.lekaridnes.cz\/index.php\/vzdelavani\/vzdelavani-2016\/kriticke-stavy-v-porodnictvi-2016\/jkrl0023a\/'><img loading=\"lazy\" decoding=\"async\" width=\"300\" height=\"200\" src=\"https:\/\/www.lekaridnes.cz\/wp-content\/uploads\/2017\/01\/JKRL0023a-300x200.jpg\" class=\"attachment-medium size-medium\" alt=\"\" srcset=\"https:\/\/www.lekaridnes.cz\/wp-content\/uploads\/2017\/01\/JKRL0023a-300x200.jpg 300w, https:\/\/www.lekaridnes.cz\/wp-content\/uploads\/2017\/01\/JKRL0023a-768x512.jpg 768w, https:\/\/www.lekaridnes.cz\/wp-content\/uploads\/2017\/01\/JKRL0023a.jpg 1000w\" sizes=\"auto, (max-width: 300px) 100vw, 300px\" \/><\/a>\n\t\t\t<\/div><\/figure><figure class='gallery-item'>\n\t\t\t<div class='gallery-icon landscape'>\n\t\t\t\t<a href='https:\/\/www.lekaridnes.cz\/index.php\/vzdelavani\/vzdelavani-2016\/kriticke-stavy-v-porodnictvi-2016\/jkrl9378a\/'><img loading=\"lazy\" decoding=\"async\" width=\"300\" height=\"200\" src=\"https:\/\/www.lekaridnes.cz\/wp-content\/uploads\/2017\/01\/JKRL9378a-300x200.jpg\" class=\"attachment-medium size-medium\" alt=\"\" srcset=\"https:\/\/www.lekaridnes.cz\/wp-content\/uploads\/2017\/01\/JKRL9378a-300x200.jpg 300w, https:\/\/www.lekaridnes.cz\/wp-content\/uploads\/2017\/01\/JKRL9378a-768x512.jpg 768w, https:\/\/www.lekaridnes.cz\/wp-content\/uploads\/2017\/01\/JKRL9378a.jpg 1000w\" sizes=\"auto, (max-width: 300px) 100vw, 300px\" \/><\/a>\n\t\t\t<\/div><\/figure>\n\t\t<\/div>\n\n<h3><span style=\"color: #000080;\"><a href=\"http:\/\/www.lekaridnes.cz\/index.php\/sos\/prezentace-ze-kongresu\/\">AORA 2015<\/a><\/span><\/h3>\n<h3><span style=\"color: #000080;\">&nbsp;<\/span><strong>Prezentace:<\/strong><\/h3>\n<p><strong><a href=\"http:\/\/www.lekaridnes.cz\/wp-content\/uploads\/2016\/08\/01-Hypertenze-v-t\u011bhotnestv\u00ed.pdf\">Hypertenze v t\u011bhotenstv\u00ed<\/a>&nbsp;<\/strong><br \/>\n<em>Michal Kouck\u00fd<\/em><\/p>\n<p><strong><a href=\"http:\/\/www.lekaridnes.cz\/wp-content\/uploads\/2016\/08\/02-Obt\u00ed\u017en\u00e1-intubace-t\u011bhotn\u00e9.pdf\">Obt\u00ed\u017en\u00e1 intubace t\u011bhotn\u00e9 a rodi\u010dky&nbsp;<\/a><\/strong><em>&nbsp;<br \/>\nPavel Herda<\/em><\/p>\n<p><strong><a href=\"http:\/\/www.lekaridnes.cz\/wp-content\/uploads\/2016\/08\/03-J\u00eddlo-a-pit\u00ed-b\u011bhem-porodu.pdf\">J\u00eddlo a pit\u00ed b\u011bhem porodu<\/a>&nbsp;<br \/>\n<\/strong>Pe<em>tr K\u0159\u00ed\u017e<\/em><\/p>\n<p><strong><a href=\"http:\/\/www.lekaridnes.cz\/wp-content\/uploads\/2016\/08\/04-Volba-lok\u00e1ln\u00ed-anestetik-a-adjuvans.pdf\">Volba lok\u00e1ln\u00ed anestetik a adjuvans<\/a>&nbsp;<br \/>\n<\/strong><em>Petr \u0160toura\u010d<\/em><\/p>\n<p><strong><a href=\"http:\/\/www.lekaridnes.cz\/wp-content\/uploads\/2016\/08\/05-Antikoagulancia-a-neuroaxi\u00e1ln\u00ed-blok\u00e1da.pdf\">Antikoagulancia a neuroaxi\u00e1ln\u00ed blok\u00e1da<\/a>&nbsp;<br \/>\n<\/strong><em>Jan Bl\u00e1ha<\/em><\/p>\n<p><strong><a href=\"http:\/\/www.lekaridnes.cz\/wp-content\/uploads\/2016\/08\/06-Epiduralni-analgezie-u-porodu.pdf\">Epidur\u00e1lni analgezie u porodu<\/a>&nbsp;<\/strong><em>&nbsp;<br \/>\nAnton\u00edn Pa\u0159\u00edzek<\/em><\/p>\n<p><strong><a href=\"http:\/\/www.lekaridnes.cz\/wp-content\/uploads\/2016\/08\/07-Vy\u0161et\u0159en\u00ed-p\u0159ed-neuroaxi\u00e1ln\u00ed-blok\u00e1dou.pdf\">Vy\u0161et\u0159en\u00ed p\u0159ed neuroaxi\u00e1ln\u00ed blok\u00e1dou&nbsp;<\/a><\/strong>&nbsp;<em>&nbsp;<br \/>\nPetr K\u0159\u00ed\u017e<\/em><\/p>\n<p><strong><a href=\"http:\/\/www.lekaridnes.cz\/wp-content\/uploads\/2016\/08\/08-Alternativy-epidur\u00e1ln\u00ed-analgezie.pdf\">Alternativy epidur\u00e1ln\u00ed analgezie&nbsp;<\/a>&nbsp;<\/strong>&nbsp;<br \/>\n<em>Pavl\u00edna Noskov\u00e1<\/em><\/p>\n<p><strong><a href=\"http:\/\/www.lekaridnes.cz\/wp-content\/uploads\/2016\/08\/09-Volba-anestezie-k-cisa\u0159sk\u00e9mu-\u0159ezu.pdf\">Volba anestezie k c\u00edsa\u0159sk\u00e9mu \u0159ezu<\/a>&nbsp;<br \/>\n<\/strong><em>Jan Bl\u00e1ha<\/em><\/p>\n<p><strong><a href=\"http:\/\/www.lekaridnes.cz\/wp-content\/uploads\/2016\/08\/10-Druhy-neuroaxi\u00e1ln\u00ed-anestezie.pdf\">Druhy neuroaxi\u00e1ln\u00ed anestezie&nbsp;<\/a><\/strong>&nbsp;<br \/>\n<em>Jaroslav Krch&nbsp;<\/em><\/p>\n<p><strong><a href=\"http:\/\/www.lekaridnes.cz\/wp-content\/uploads\/2016\/08\/11-Region\u00e1ln\u00ed-anestezie-u-z\u00e1va\u017en\u00fdch-onemocn\u011bn\u00edch.pdf\">Region\u00e1ln\u00ed anestezie u z\u00e1va\u017en\u00fdch onemocn\u011bn\u00edch<\/a>&nbsp;<\/strong><em>&nbsp;<br \/>\nJan Bl\u00e1ha<\/em><\/p>\n<p><strong><a href=\"http:\/\/www.lekaridnes.cz\/wp-content\/uploads\/2016\/08\/12-Neuroaxi\u00e1ln\u00ed-blok\u00e1dy-\u010dasn\u00e9-komplikace.pdf\">Neuroaxi\u00e1ln\u00ed blok\u00e1dy &#8211; \u010dasn\u00e9 komplikace<\/a>&nbsp;<br \/>\n<\/strong><em>Dagmar Seidlov\u00e1<\/em><\/p>\n<p><strong><a href=\"http:\/\/www.lekaridnes.cz\/wp-content\/uploads\/2016\/08\/13-Neuroaxi\u00e1ln\u00ed-blok\u00e1dy-pozdn\u00ed-komplikace.pdf\">Neuroaxi\u00e1ln\u00ed blok\u00e1dy &#8211; pozdn\u00ed komplikace&nbsp;<\/a>&nbsp;<br \/>\n<\/strong><em>Sylva Dolensk\u00e1<\/em><\/p>\n<p><strong><a href=\"http:\/\/www.lekaridnes.cz\/wp-content\/uploads\/2016\/08\/14-Postpunk\u010dn\u00ed-cefalea.pdf\">Postpunk\u010dn\u00ed cefalea<\/a>&nbsp;<br \/>\n<\/strong><em>Du\u0161an Mach<\/em><\/p>\n<p><strong><a href=\"http:\/\/www.lekaridnes.cz\/wp-content\/uploads\/2016\/08\/15-Resuscitace-t\u011bhotn\u00fdch.pdf\">Resuscitace t\u011bhotn\u00fdch&nbsp;<\/a><\/strong><em>&nbsp;<br \/>\nJarmila Dr\u00e1bkov\u00e1<\/em><\/p>\n<p>&nbsp;<\/p>\n","protected":false},"excerpt":{"rendered":"","protected":false},"author":1,"featured_media":544,"parent":0,"menu_order":0,"comment_status":"closed","ping_status":"closed","template":"","meta":{"footnotes":""},"class_list":["post-22","page","type-page","status-publish","has-post-thumbnail","hentry","","tg-column-two"],"_links":{"self":[{"href":"https:\/\/www.lekaridnes.cz\/index.php\/wp-json\/wp\/v2\/pages\/22","targetHints":{"allow":["GET"]}}],"collection":[{"href":"https:\/\/www.lekaridnes.cz\/index.php\/wp-json\/wp\/v2\/pages"}],"about":[{"href":"https:\/\/www.lekaridnes.cz\/index.php\/wp-json\/wp\/v2\/types\/page"}],"author":[{"embeddable":true,"href":"https:\/\/www.lekaridnes.cz\/index.php\/wp-json\/wp\/v2\/users\/1"}],"replies":[{"embeddable":true,"href":"https:\/\/www.lekaridnes.cz\/index.php\/wp-json\/wp\/v2\/comments?post=22"}],"version-history":[{"count":86,"href":"https:\/\/www.lekaridnes.cz\/index.php\/wp-json\/wp\/v2\/pages\/22\/revisions"}],"predecessor-version":[{"id":868,"href":"https:\/\/www.lekaridnes.cz\/index.php\/wp-json\/wp\/v2\/pages\/22\/revisions\/868"}],"wp:featuredmedia":[{"embeddable":true,"href":"https:\/\/www.lekaridnes.cz\/index.php\/wp-json\/wp\/v2\/media\/544"}],"wp:attachment":[{"href":"https:\/\/www.lekaridnes.cz\/index.php\/wp-json\/wp\/v2\/media?parent=22"}],"curies":[{"name":"wp","href":"https:\/\/api.w.org\/{rel}","templated":true}]}}