{"id":18,"date":"2016-08-01T14:44:10","date_gmt":"2016-08-01T13:44:10","guid":{"rendered":"http:\/\/lekari.3sixty.eu\/?page_id=18"},"modified":"2026-03-05T12:44:02","modified_gmt":"2026-03-05T11:44:02","slug":"kalendar-akci","status":"publish","type":"page","link":"https:\/\/www.lekaridnes.cz\/index.php\/kalendar-akci\/","title":{"rendered":"Kalend\u00e1\u0159 akc\u00ed"},"content":{"rendered":"\n<h3 class=\"wp-block-heading\"><\/h3>\n\n\n\n<!--more-->\n\n\n\n<p class=\"has-text-align-left\"><strong><span style=\"font-size: 14pt;\">P\u0159ehled kongres\u016f, konferenc\u00ed a semin\u00e1\u0159\u016f pro l\u00e9ka\u0159e&nbsp;i nel\u00e9ka\u0159sk\u00e1 povol\u00e1n\u00ed&nbsp;<\/span><\/strong><strong><span style=\"font-size: 14pt;\">na rok 2026<br><\/span><\/strong><\/p>\n\n\n\n<figure class=\"wp-block-table\"><table class=\"has-fixed-layout\"><tbody><tr><td>&nbsp;2026<\/td><td>Popis akce<\/td><td>M\u00edsto kon\u00e1n\u00ed<\/td><td>Detail akce<\/td><\/tr><tr><td>16. ledna<\/td><td>Obezita a t\u011bhotenstv\u00ed<\/td><td>Praha<\/td><td><a href=\"https:\/\/www.lekaridnes.cz\/index.php\/vzdelavani\/vzdelavani-2026\/obezita-a-tehotenstvi\/\">Detail<\/a><\/td><\/tr><tr><td>28. b\u0159ezna<\/td><td>71. Apolin\u00e1\u0159sk\u00fd kurz porodnick\u00e9 analgezie a anestezie<\/td><td>Praha<\/td><td><a href=\"https:\/\/www.lekaridnes.cz\/index.php\/vzdelavani\/vzdelavani-2026\/71-apolinarsky-kurz-porodnicke-analgezie-a-anestezie\/\">Detail<\/a><\/td><\/tr><tr><td>9 \u2013 11. dubna<\/td><td>XL. Celost\u00e1tn\u00ed konference perinatologie a fetomatern\u00e1ln\u00ed medic\u00edny \u2013 \u0160temberovy dny<\/td><td>Karlovy Vary<\/td><td><a href=\"https:\/\/www.perinatologie.org\/\">Detail<\/a><\/td><\/tr><tr><td>28. kv\u011btna \u2013 30. kv\u011btna<\/td><td>Kongres \u010cGPS \u010cLS JEP s mezin\u00e1rodn\u00ed \u00fa\u010dast\u00ed<\/td><td>Praha<\/td><td><a href=\"https:\/\/www.g-agency.eu\/udalost\/kongres-cgps-cls-jep-2026\/\">Detail<\/a><\/td><\/tr><\/tbody><\/table><\/figure>\n\n\n\n<p><\/p>\n","protected":false},"excerpt":{"rendered":"","protected":false},"author":1,"featured_media":541,"parent":0,"menu_order":0,"comment_status":"closed","ping_status":"closed","template":"","meta":{"footnotes":""},"class_list":["post-18","page","type-page","status-publish","has-post-thumbnail","hentry","","tg-column-two"],"_links":{"self":[{"href":"https:\/\/www.lekaridnes.cz\/index.php\/wp-json\/wp\/v2\/pages\/18","targetHints":{"allow":["GET"]}}],"collection":[{"href":"https:\/\/www.lekaridnes.cz\/index.php\/wp-json\/wp\/v2\/pages"}],"about":[{"href":"https:\/\/www.lekaridnes.cz\/index.php\/wp-json\/wp\/v2\/types\/page"}],"author":[{"embeddable":true,"href":"https:\/\/www.lekaridnes.cz\/index.php\/wp-json\/wp\/v2\/users\/1"}],"replies":[{"embeddable":true,"href":"https:\/\/www.lekaridnes.cz\/index.php\/wp-json\/wp\/v2\/comments?post=18"}],"version-history":[{"count":177,"href":"https:\/\/www.lekaridnes.cz\/index.php\/wp-json\/wp\/v2\/pages\/18\/revisions"}],"predecessor-version":[{"id":6342,"href":"https:\/\/www.lekaridnes.cz\/index.php\/wp-json\/wp\/v2\/pages\/18\/revisions\/6342"}],"wp:featuredmedia":[{"embeddable":true,"href":"https:\/\/www.lekaridnes.cz\/index.php\/wp-json\/wp\/v2\/media\/541"}],"wp:attachment":[{"href":"https:\/\/www.lekaridnes.cz\/index.php\/wp-json\/wp\/v2\/media?parent=18"}],"curies":[{"name":"wp","href":"https:\/\/api.w.org\/{rel}","templated":true}]}}