{"id":1754,"date":"2018-11-02T10:14:08","date_gmt":"2018-11-02T09:14:08","guid":{"rendered":"http:\/\/www.lekaridnes.cz\/?page_id=1754"},"modified":"2019-01-28T14:57:15","modified_gmt":"2019-01-28T13:57:15","slug":"predcasny-spontanni-porod-2018","status":"publish","type":"page","link":"https:\/\/www.lekaridnes.cz\/index.php\/vzdelavani\/vzdelavani-2018\/predcasny-spontanni-porod-2018\/","title":{"rendered":"Spont\u00e1nn\u00ed p\u0159ed\u010dasn\u00fd porod 2018"},"content":{"rendered":"<p><strong>Praha, 10. prosince 2018<\/strong><\/p>\n<p><strong>M\u00edsto kon\u00e1n\u00ed:<\/strong>&nbsp;<br \/>\nPosluch\u00e1rna Gynekologicko-porodnick\u00e9 kliniky<br \/>\n1. LF UK a VFN v Praze.<br \/>\nApolin\u00e1\u0159sk\u00e1 18, Praha 2<\/p>\n<p><strong>Z\u00e1\u0161tita:<br \/>\n<\/strong>Gynekologicko \u2013 porodnick\u00e1 klinika 1. LF UK a VFN v Praze<\/p>\n<p><strong>Organiz\u00e1tor:<\/strong><br \/>\n\u010cesk\u00e1 spole\u010dnost porodn\u00edch asistentek<\/p>\n<p><strong>Garanti:<\/strong><br \/>\nprof. MUDr. Anton\u00edn Pa\u0159\u00edzek, CSc.<br \/>\nprof. MUDr. Richard Plavka, CSc.<\/p>\n<p><strong>Program:<\/strong><\/p>\n<p><a href=\"http:\/\/www.lekaridnes.cz\/wp-content\/uploads\/2018\/11\/Spontanni-predcasny-porod-10_12_2018.pdf\">Spont\u00e1nn\u00ed p\u0159ed\u010dasn\u00fd porod 2018<\/a><\/p>\n<p>&nbsp;<\/p>\n","protected":false},"excerpt":{"rendered":"<p>Praha, 10. prosince 2018 M\u00edsto kon\u00e1n\u00ed:&nbsp; Posluch\u00e1rna Gynekologicko-porodnick\u00e9 kliniky 1. LF UK a VFN v Praze. Apolin\u00e1\u0159sk\u00e1 18, Praha 2 Z\u00e1\u0161tita: Gynekologicko \u2013 porodnick\u00e1 klinika 1. LF UK a VFN v Praze Organiz\u00e1tor: \u010cesk\u00e1 spole\u010dnost porodn\u00edch asistentek Garanti: prof. MUDr.<\/p>\n","protected":false},"author":3,"featured_media":0,"parent":2056,"menu_order":2,"comment_status":"closed","ping_status":"closed","template":"","meta":{"footnotes":""},"class_list":["post-1754","page","type-page","status-publish","hentry","","tg-column-two"],"_links":{"self":[{"href":"https:\/\/www.lekaridnes.cz\/index.php\/wp-json\/wp\/v2\/pages\/1754","targetHints":{"allow":["GET"]}}],"collection":[{"href":"https:\/\/www.lekaridnes.cz\/index.php\/wp-json\/wp\/v2\/pages"}],"about":[{"href":"https:\/\/www.lekaridnes.cz\/index.php\/wp-json\/wp\/v2\/types\/page"}],"author":[{"embeddable":true,"href":"https:\/\/www.lekaridnes.cz\/index.php\/wp-json\/wp\/v2\/users\/3"}],"replies":[{"embeddable":true,"href":"https:\/\/www.lekaridnes.cz\/index.php\/wp-json\/wp\/v2\/comments?post=1754"}],"version-history":[{"count":8,"href":"https:\/\/www.lekaridnes.cz\/index.php\/wp-json\/wp\/v2\/pages\/1754\/revisions"}],"predecessor-version":[{"id":2041,"href":"https:\/\/www.lekaridnes.cz\/index.php\/wp-json\/wp\/v2\/pages\/1754\/revisions\/2041"}],"up":[{"embeddable":true,"href":"https:\/\/www.lekaridnes.cz\/index.php\/wp-json\/wp\/v2\/pages\/2056"}],"wp:attachment":[{"href":"https:\/\/www.lekaridnes.cz\/index.php\/wp-json\/wp\/v2\/media?parent=1754"}],"curies":[{"name":"wp","href":"https:\/\/api.w.org\/{rel}","templated":true}]}}