{"id":15,"date":"2016-08-01T14:42:41","date_gmt":"2016-08-01T13:42:41","guid":{"rendered":"http:\/\/lekari.3sixty.eu\/?page_id=15"},"modified":"2019-04-15T09:55:59","modified_gmt":"2019-04-15T08:55:59","slug":"doporucene-postupy","status":"publish","type":"page","link":"https:\/\/www.lekaridnes.cz\/index.php\/doporucene-postupy\/","title":{"rendered":"Doporu\u010den\u00e9 postupy"},"content":{"rendered":"<h2><!--more--><\/h2>\n<h2><span style=\"color: #000080;\">Vyd\u00e1no 2019<\/span><\/h2>\n<p><span style=\"color: #000080;\"><a style=\"color: #000080;\" href=\"http:\/\/www.lekaridnes.cz\/wp-content\/uploads\/2019\/04\/2019-01-zasady-dispenzarni-pece-v-tehotenstvi-dp-cgps-cls-jep-revize.pdf\">Z\u00e1sady dispenz\u00e1rn\u00ed p\u00e9\u010de v t\u011bhotenstv\u00ed<\/a><\/span><\/p>\n<p><span style=\"color: #000080;\"><a style=\"color: #000080;\" href=\"http:\/\/www.lekaridnes.cz\/wp-content\/uploads\/2019\/04\/2019-02-poterminove-tehotenstvi-dp-cgps-cls-jep-revize.pdf\">Poterm\u00ednov\u00e9 t\u011bhotenstv\u00ed<\/a><\/span><\/p>\n<p><span style=\"color: #000080;\"><a style=\"color: #000080;\" href=\"http:\/\/www.lekaridnes.cz\/wp-content\/uploads\/2019\/04\/2019-03-pravidelna-uz-vysetreni-v-prubehu-prenatalni-pece-dp-cgps-cls-jep-revize.pdf\">Pravideln\u00e1 UZ vy\u0161et\u0159en\u00ed v pr\u016fb\u011bhu prenat\u00e1ln\u00ed p\u00e9\u010de<\/a><\/span><\/p>\n<p><span style=\"color: #000080;\"><a style=\"color: #000080;\" href=\"http:\/\/www.lekaridnes.cz\/wp-content\/uploads\/2019\/04\/2019-04-podrobne-hodnoceni-morfologie-plodu-pri-uz-vysetreni-ve-20-22-tydnu-tehotenstvi-dp-cgps-cls-jep-revize.pdf\">Podrobn\u00e9 hodnocen\u00ed morfologie plodu p\u0159i UZ vy\u0161et\u0159en\u00ed ve 20. &#8211; 22. t\u00fddnu t\u011bhotenstv\u00ed<\/a><\/span><\/p>\n<p><span style=\"color: #000080;\"><a style=\"color: #000080;\" href=\"http:\/\/www.lekaridnes.cz\/wp-content\/uploads\/2019\/04\/2019-05-gestastacni-diabetes-mellitus-dp-cgps-cls-jep-revize.pdf\">Gesta\u010dn\u00ed diabetes mellitus<\/a><\/span><\/p>\n<p><span style=\"color: #000080;\"><a style=\"color: #000080;\" href=\"http:\/\/www.lekaridnes.cz\/wp-content\/uploads\/2019\/04\/2019-05-gestastacni-diabetes-mellitus-dp-cgps-cls-jep-revize-schema.pdf\">Gesta\u010dn\u00ed diabetes mellitus sch\u00e9ma<\/a><\/span><\/p>\n<p><span style=\"color: #000080;\"><a style=\"color: #000080;\" href=\"http:\/\/www.lekaridnes.cz\/wp-content\/uploads\/2019\/04\/2019-06-management-hypertenznich-onemocneni-v-tehotenstvi-dp-cgps-cls-jep-revize.pdf\">Management hypertenzn\u00edch onemocn\u011bn\u00ed v t\u011bhotenstv\u00ed<\/a><\/span><\/p>\n<p>&nbsp;<\/p>\n<h2><span style=\"color: #000080;\">Vyd\u00e1no 2018<\/span><\/h2>\n<p><span style=\"color: #000080;\"><a style=\"color: #000080;\" href=\"http:\/\/www.lekaridnes.cz\/wp-content\/uploads\/2018\/05\/DP_Analgezie.pdf\">Analgezie u vagin\u00e1ln\u00edho porodu<\/a><\/span><\/p>\n<p><span style=\"color: #000080;\"><a style=\"color: #000080;\" href=\"http:\/\/www.lekaridnes.cz\/wp-content\/uploads\/2018\/05\/DP_P\u017dOK.pdf\">Diagnostika a l\u00e9\u010dba peripart\u00e1ln\u00edho \u017eivot ohro\u017euj\u00edc\u00edho krv\u00e1cen\u00ed<\/a><\/span><\/p>\n<p><span style=\"color: #000080;\"><a style=\"color: #000080;\" href=\"http:\/\/www.porodniasistentky.info\/wp-content\/uploads\/2018\/05\/p-2018-roztrousena-skleroza-a-tehotenstvi.pdf\">Roztrou\u0161en\u00e1 skler\u00f3za a t\u011bhotenstv\u00ed<\/a><\/span><\/p>\n<p>&nbsp;<\/p>\n<h2><span style=\"color: #000080;\">Vyd\u00e1no 2017<\/span><\/h2>\n<p><span style=\"color: #000080;\"><a style=\"color: #000080;\" href=\"http:\/\/www.lekaridnes.cz\/wp-content\/uploads\/2016\/08\/Predcasny-spontanni-porod.pdf\">P\u0159ed\u010dasn\u00fd spont\u00e1nn\u00ed porod<\/a><\/span><\/p>\n<p><span style=\"color: #000080;\"><a style=\"color: #000080;\" href=\"http:\/\/www.lekaridnes.cz\/wp-content\/uploads\/2016\/08\/Predcasny-odtok-plodove-vody-PPROM.pdf\">Pred\u010dasn\u00fd odtok plodov\u00e9 vody (PPROM)<\/a><\/span><\/p>\n<p><span style=\"color: #000080;\"><a style=\"color: #000080;\" href=\"http:\/\/www.lekaridnes.cz\/wp-content\/uploads\/2016\/08\/Intrahepatalni-cholestaza-ICP.pdf\">Intrahepat\u00e1lni cholest\u00e1za (ICP)<\/a><\/span><\/p>\n<p>&nbsp;<\/p>\n<h2><span style=\"color: #000080;\">Vyd\u00e1no 2016<\/span><\/h2>\n<p><span style=\"color: #000080;\"><a style=\"color: #000080;\" href=\"http:\/\/www.lekaridnes.cz\/wp-content\/uploads\/2016\/08\/Gestacni-diabetes-GDM.pdf\">Gesta\u010dn\u00ed diabetes (GDM)<\/a><\/span><\/p>\n<p><span style=\"color: #000080;\"><a style=\"color: #000080;\" href=\"http:\/\/www.lekaridnes.cz\/wp-content\/uploads\/2016\/08\/Hemolytick\u00e9-nemoci-plodu.pdf\">Hemolytick\u00e9 nemoci plodu<\/a><\/span><\/p>\n<p><span style=\"color: #000080;\"><a style=\"color: #000080;\" href=\"http:\/\/www.lekaridnes.cz\/wp-content\/uploads\/2016\/08\/p-2016-preindukce-a-indukce-porodu.pdf\">Preindukce a indukce porodu<\/a><\/span><\/p>\n<p><span style=\"color: #000080;\"><a style=\"color: #000080;\" href=\"http:\/\/www.lekaridnes.cz\/wp-content\/uploads\/2016\/08\/p-2016-poterminova-gravidita.pdf\">Poterm\u00ednov\u00e1 gravidita<\/a><\/span><\/p>\n<p><span style=\"color: #000080;\"><a style=\"color: #000080;\" href=\"http:\/\/www.lekaridnes.cz\/wp-content\/uploads\/2016\/08\/p-2016-porod-velkeho-plodu.pdf\">Porod velk\u00e9ho plodu<\/a><\/span><\/p>\n<p><span style=\"color: #000080;\"><a style=\"color: #000080;\" href=\"http:\/\/www.lekaridnes.cz\/wp-content\/uploads\/2016\/08\/p-2016-operacni-vaginalni-porod.pdf\">Opera\u010dn\u00ed vagin\u00e1ln\u00ed porod<\/a><\/span><\/p>\n<p><span style=\"color: #000080;\"><a style=\"color: #000080;\" href=\"http:\/\/www.lekaridnes.cz\/wp-content\/uploads\/2016\/08\/p-2016-interpretace-intrapartalniho-fetalniho-kardiotokogramu-figo-2015.pdf\">Interpretace intrapart\u00e1ln\u00edho fet\u00e1ln\u00edho kardiotokogramu FIGO 2015<\/a><\/span><\/p>\n<p><span style=\"color: #000080;\"><a style=\"color: #000080;\" href=\"http:\/\/www.lekaridnes.cz\/wp-content\/uploads\/2016\/08\/p-2016-diagnostika-a-lecba-sepse-v-souvislosti-s-tehotenstvim.pdf\">Diagnostika a l\u00e9\u010dba sepse v souvislosti s t\u011bhotenstv\u00edm<\/a><strong><a style=\"color: #000080;\" href=\"http:\/\/www.lekaridnes.cz\/wp-content\/uploads\/2016\/08\/p-2016-diagnostika-a-lecba-sepse-v-souvislosti-s-tehotenstvim.pdf\"><br \/>\n<\/a><\/strong><\/span><\/p>\n<p>&nbsp;<\/p>\n<h2><span style=\"color: #000080;\">Vyd\u00e1no 2015<\/span><\/h2>\n<p><span style=\"color: #000080;\"><a style=\"color: #000080;\" href=\"http:\/\/www.lekaridnes.cz\/wp-content\/uploads\/2016\/08\/p-2015-gestacni-diabetes-mellitus.pdf\">Gesta\u010dn\u00ed diabetes Mellitus&nbsp;<\/a><\/span><\/p>\n<p><span style=\"color: #000080;\"><a style=\"color: #000080;\" href=\"http:\/\/www.lekaridnes.cz\/wp-content\/uploads\/2016\/08\/p-2015-vyznam-vysetreni-protilatek-a-krevni-skupiny-v-tehotenstvi-1.pdf\">V\u00fdznam vy\u0161et\u0159en\u00ed protil\u00e1tek a krevn\u00ed skupiny v t\u011bhotenstv\u00ed<\/a><\/span><\/p>\n<p><span style=\"color: #000080;\"><a style=\"color: #000080;\" href=\"http:\/\/www.lekaridnes.cz\/wp-content\/uploads\/2016\/08\/p-2015-zasady-dispenzarni-pece-ve-fyziologickem-tehotenstvi.pdf\">Z\u00e1sady dispenz\u00e1rn\u00ed p\u00e9\u010de ve fyziologick\u00e9m t\u011bhotenstv\u00ed<\/a><\/span><\/p>\n<p>&nbsp;<\/p>\n<h2><span style=\"color: #000080;\">Vyd\u00e1no 2014<\/span><\/h2>\n<p><span style=\"color: #000080;\"><a style=\"color: #000080;\" href=\"http:\/\/www.lekaridnes.cz\/wp-content\/uploads\/2016\/08\/p-2014-hellp-syndrom-diagnostika-a-lecba-1.pdf\">Hellp syndrom diagnostika a l\u00e9\u010dba<\/a><\/span><\/p>\n<p><span style=\"color: #000080;\"><a style=\"color: #000080;\" href=\"http:\/\/www.lekaridnes.cz\/wp-content\/uploads\/2016\/08\/p-2014-podrobne-hodnoceni-morfologie-plodu-pri-ultrazvukovem-vysetreni-ve-20-22-tydnu-tehotenstvi.pdf\">Podrobn\u00e9 hodnocen\u00ed morfologie plodu p\u0159i ultrazvukov\u00e9m vy\u0161et\u0159en\u00ed ve 20. -22. t\u00fddnu t\u011bhotenstv\u00ed<\/a><\/span><\/p>\n<p><span style=\"color: #000080;\"><a style=\"color: #000080;\" href=\"http:\/\/www.lekaridnes.cz\/wp-content\/uploads\/2016\/08\/p-2014-tehotenska-cholestaticka-hepatoza-intrahepatic-cholestasis-of-pregnancy-icp.pdf\">T\u011bhotensk\u00e1 cholestatick\u00e1 hepatoza<\/a><\/span><\/p>\n<p><span style=\"color: #000080;\"><a style=\"color: #000080;\" href=\"http:\/\/www.lekaridnes.cz\/wp-content\/uploads\/2016\/08\/p-2014-vedeni-porod-mrtveho-plodu-1.pdf\">Veden\u00ed porodu mrtv\u00e9ho plodu<\/a><\/span><\/p>\n<p><span style=\"color: #000080;\"><a style=\"color: #000080;\" href=\"http:\/\/www.lekaridnes.cz\/wp-content\/uploads\/2016\/08\/p-2014-zakladni-a-fakultativni-vysetreni-po-porodu-mrtveho-plodu.pdf\">Z\u00e1kladn\u00ed a fakultativn\u00ed vy\u0161et\u0159en\u00ed po porodu mrtv\u00e9ho plodu<\/a><\/span><\/p>\n<p>&nbsp;<\/p>\n<h2><span style=\"color: #000080;\">Vyd\u00e1no 2013<\/span><\/h2>\n<p><span style=\"color: #000080;\"><a style=\"color: #000080;\" href=\"http:\/\/www.lekaridnes.cz\/wp-content\/uploads\/2016\/08\/p-2013-zasady-pro-poskytovani-porodni-pece-v-ceske-republice.pdf\">Z\u00e1sady pro poskytov\u00e1n\u00ed porodn\u00ed p\u00e9\u010de v \u010cesk\u00e9 republice<\/a><\/span><\/p>\n<p><span style=\"color: #000080;\"><a style=\"color: #000080;\" href=\"http:\/\/www.lekaridnes.cz\/wp-content\/uploads\/2016\/08\/p-2013-vedeni-prenatalni-pece-a-porodu-donoseneho-plodu-v-poloze-koncem-panevnim.pdf\">Veden\u00ed prenat\u00e1ln\u00ed p\u00e9\u010de a porodu dono\u0161en\u00e9ho plodu v poloze koncem p\u00e1nevn\u00edm<\/a><\/span><\/p>\n<p><span style=\"color: #000080;\"><a style=\"color: #000080;\" href=\"http:\/\/www.lekaridnes.cz\/wp-content\/uploads\/2016\/08\/p-2013-vedeni-porodu-vicecetneho-tehotenstvi.pdf\">Veden\u00ed porodu v\u00edce\u010detn\u00e9ho t\u011bhotenstv\u00ed<\/a><\/span><\/p>\n<p><span style=\"color: #000080;\"><a style=\"color: #000080;\" href=\"http:\/\/www.lekaridnes.cz\/wp-content\/uploads\/2016\/08\/p-2013-doporuceni-k-provadeni-prevence-rhd-aloimunizace-u-rhd-negativnich-zen.pdf\">Doporu\u010den\u00ed k prov\u00e1den\u00ed prevence RHD aloimunizace u RHD negativn\u00edch \u017een<\/a><\/span><\/p>\n<p><span style=\"color: #000080;\"><a style=\"color: #000080;\" href=\"http:\/\/www.lekaridnes.cz\/wp-content\/uploads\/2016\/08\/p-2013-diagnostika-a-lecba-streptokoku-skupiny-b-v-tehotenstvi.pdf\">Diagnostika a l\u00e9\u010dba streptokoka skupiny B v t\u011bhotenstv\u00ed<\/a><\/span><\/p>\n<p><span style=\"color: #000080;\"><a style=\"color: #000080;\" href=\"http:\/\/www.lekaridnes.cz\/wp-content\/uploads\/2016\/08\/p-2013-pece-o-tehotenstvi-s-intrauterinni-rustovou-retardaci-plodu.pdf\">P\u00e9\u010de o t\u011bhotenstv\u00ed s intrauterinn\u00ed r\u016fstovou retardac\u00ed plodu<\/a><\/span><\/p>\n<p><span style=\"color: #000080;\"><a style=\"color: #000080;\" href=\"http:\/\/www.lekaridnes.cz\/wp-content\/uploads\/2016\/08\/p-2013-perinatalni-infekce-a-podavani-antibiotikpodle-novych-poznatku.pdf\">Perinat\u00e1ln\u00ed infekce a pod\u00e1v\u00e1n\u00ed antibiotik podle nov\u00fdch poznatk\u016f<\/a><\/span><\/p>\n<p><span style=\"color: #000080;\"><a style=\"color: #000080;\" href=\"http:\/\/www.lekaridnes.cz\/wp-content\/uploads\/2016\/08\/p-2013-podminky-za-kterych-lze-akceptovat-porod-do-vody-na-pracovistich-ktera-se-k-takove-alternative-rozhodnou.pdf\">Podm\u00ednky za kter\u00fdch lze akceptovat porod do vody na pracovi\u0161t\u00edch, kter\u00e9 se k takov\u00e9to alternativ\u011b rozhodnou<\/a><\/span><\/p>\n<p><span style=\"color: #000080;\"><a style=\"color: #000080;\" href=\"http:\/\/www.lekaridnes.cz\/wp-content\/uploads\/2016\/08\/p-2013-pravidelna-ultrazvukova-vysetreni-v-prubehu-prenatalni-pece.pdf\">Pravideln\u00e1 ultrazvukov\u00e1 vy\u0161et\u0159en\u00ed v pr\u016fb\u011bhu prenat\u00e1ln\u00ed p\u00e9\u010de<\/a><\/span><\/p>\n<p><span style=\"color: #000080;\"><a style=\"color: #000080;\" href=\"http:\/\/www.lekaridnes.cz\/wp-content\/uploads\/2016\/08\/p-2013-prenatalni-pece-o-vicecetna-tehotenstvi.pdf\">Prenat\u00e1ln\u00ed p\u00e9\u010de o v\u00edce\u010detn\u00e1 t\u011bhotenstv\u00ed<\/a><\/span><\/p>\n<p><span style=\"color: #000080;\"><a style=\"color: #000080;\" href=\"http:\/\/www.lekaridnes.cz\/wp-content\/uploads\/2016\/08\/p-2013-soucasne-nazory-na-management-odtoku-plodove-vody.pdf\">Sou\u010dasn\u00e9 n\u00e1zory na management odtoku plodov\u00e9 vody<\/a><\/span><\/p>\n<p><span style=\"color: #000080;\"><a style=\"color: #000080;\" href=\"http:\/\/www.lekaridnes.cz\/wp-content\/uploads\/2016\/08\/p-2013-vedeni-porodu-u-tehotne-s-cisarskym-rezem-a-anamneze-ultrazvukova-vysetreni-pred-stanovenim-taktiky-vedeni-porodu.pdf\">Veden\u00ed porodu u t\u011bhotn\u00e9 s c\u00edsa\u0159sk\u00fdm \u0159ezem v anamn\u00e9ze, ultrazvukov\u00e1 vy\u0161et\u0159en\u00ed p\u0159ed stanoven\u00edm taktiky veden\u00ed porodu<\/a><\/span><\/p>\n<p>&nbsp;<\/p>\n<h2><span style=\"color: #000080;\">Vyd\u00e1no 2012<\/span><\/h2>\n<p><span style=\"color: #000080;\"><a style=\"color: #000080;\" href=\"http:\/\/www.lekaridnes.cz\/wp-content\/uploads\/2016\/08\/p-2012-aplikace-kortikosteroidu.pdf\">Aplikace kortikosteroid\u016f<\/a><\/span><\/p>\n<p><span style=\"color: #000080;\"><a style=\"color: #000080;\" href=\"http:\/\/www.lekaridnes.cz\/wp-content\/uploads\/2016\/08\/p-2012-doporuceni-k-pomoci-rodicce-pri-tlaceni-ve-druhe-dobe-porodni.pdf\">Doporu\u010den\u00ed k pomoci rodi\u010dce p\u0159i tla\u010den\u00ed ve druh\u00e9 dob\u011b porodn\u00ed<\/a><\/span><\/p>\n<p><span style=\"color: #000080;\"><a style=\"color: #000080;\" href=\"http:\/\/www.lekaridnes.cz\/wp-content\/uploads\/2016\/08\/p-2012-dystokie-ramenek.pdf\">Dystokie ram\u00e9nek<\/a><\/span><\/p>\n<p><span style=\"color: #000080;\"><a style=\"color: #000080;\" href=\"http:\/\/www.lekaridnes.cz\/wp-content\/uploads\/2016\/08\/p-2012-exrakce-plodu-klestemi.pdf\">Extrakce plodu kle\u0161t\u011bmi<\/a><\/span><\/p>\n<p><span style=\"color: #000080;\"><a style=\"color: #000080;\" href=\"http:\/\/www.lekaridnes.cz\/wp-content\/uploads\/2016\/08\/p-2012-extrakce-plodu-vakuumextrakci.pdf\">Extrakce plodu vakuumextrakc\u00ed<\/a><\/span><\/p>\n<p><span style=\"color: #000080;\"><a style=\"color: #000080;\" href=\"http:\/\/www.lekaridnes.cz\/wp-content\/uploads\/2016\/08\/p-2012-ockovani-v-tehotenstvi.pdf\">O\u010dkov\u00e1n\u00ed v t\u011bhotenstv\u00ed<\/a><\/span><\/p>\n<p><span style=\"color: #000080;\"><a style=\"color: #000080;\" href=\"http:\/\/www.lekaridnes.cz\/wp-content\/uploads\/2016\/08\/p-2012-pece-o-zeny-se-zavaznym-porodnim-poranenim-hraze.pdf\">P\u00e9\u010de o \u017eeny se z\u00e1va\u017en\u00fdm porodnick\u00fdm poran\u011bn\u00edm hr\u00e1ze<\/a><\/span><\/p>\n<p><span style=\"color: #000080;\"><a style=\"color: #000080;\" href=\"http:\/\/www.lekaridnes.cz\/wp-content\/uploads\/2016\/08\/p-2012-provadeni-extrakce-plodu-ulozeneho-v-poloze-podelne-koncem-panevnim.pdf\">Prov\u00e1d\u011bn\u00ed extrakce plodu ulo\u017een\u00e9ho v poloze pod\u00e9ln\u00e9 koncem p\u00e1nevn\u00edm<\/a><\/span><\/p>\n<p><span style=\"color: #000080;\"><a style=\"color: #000080;\" href=\"http:\/\/www.lekaridnes.cz\/wp-content\/uploads\/2016\/08\/p-2012-tokolyza.pdf\">Tokol\u00fdza<\/a><\/span><\/p>\n<p><span style=\"color: #000080;\"><a style=\"color: #000080;\" href=\"http:\/\/www.lekaridnes.cz\/wp-content\/uploads\/2016\/08\/p-2012-vedeni-porodu-u-tehotne-s-cisarskym-rezem-v-anamneze.pdf\">Veden\u00ed porodu u t\u011bhotn\u00e9 s c\u00edsa\u0159sk\u00fdm \u0159ezem v anamn\u00e9ze<\/a><\/span><\/p>\n<p>&nbsp;<\/p>\n<h2><span style=\"color: #000080;\">Vyd\u00e1no 2011<\/span><\/h2>\n<p><span style=\"color: #000080;\"><a style=\"color: #000080;\" href=\"http:\/\/www.lekaridnes.cz\/wp-content\/uploads\/2016\/08\/p-2011-peripartalni-zivot-ohrozujici-krvaceni.pdf\">Peripart\u00e1ln\u00ed \u017eivot ohro\u017euj\u00edc\u00ed krv\u00edcen\u00ed P\u017dOK<\/a><\/span><\/p>\n<p><span style=\"color: #000080;\"><a style=\"color: #000080;\" href=\"http:\/\/www.lekaridnes.cz\/wp-content\/uploads\/2016\/08\/ceska-gynekologie-2011-c-4-uhrada-anti-d.pdf\">\u010cesk\u00e1 gynekologie \u00fahrada anti \u2013 D<\/a><\/span><\/p>\n<p>&nbsp;<\/p>\n<h2><span style=\"color: #000080;\">Vyd\u00e1no 2010<\/span><\/h2>\n<p><span style=\"color: #000080;\"><a style=\"color: #000080;\" href=\"http:\/\/www.lekaridnes.cz\/wp-content\/uploads\/2016\/08\/p-2010-antitromboticke-zajisteni-tehotnych-zen-podle-rizika-tromembolicke-nemoci-ten-.pdf\">Antitrombotick\u00e9 zaji\u0161t\u011bn\u00ed t\u011bhotn\u00fdch \u017een &nbsp;podle rizika tromembolick\u00e9 nemoci TEN<\/a><\/span><\/p>\n<p><span style=\"color: #000080;\"><a style=\"color: #000080;\" href=\"http:\/\/www.lekaridnes.cz\/wp-content\/uploads\/2016\/08\/p-2010-doporucena-pece-ve-fyziologickem-puerperiu.pdf\">Doporu\u010den\u00e1 p\u00e9\u010de ve fyziologick\u00e9m puerperiu<\/a><\/span><\/p>\n<p><span style=\"color: #000080;\"><a style=\"color: #000080;\" href=\"http:\/\/www.lekaridnes.cz\/wp-content\/uploads\/2016\/08\/p-2009-hypertenze-v-gravidite.pdf\">Herpes genit\u00e1lis v gravidit\u011b<\/a><\/span><\/p>\n<p>&nbsp;<\/p>\n<h2><span style=\"color: #000080;\">Vyd\u00e1no 2009 a star\u0161\u00ed<\/span><\/h2>\n<p><span style=\"color: #000080;\"><a style=\"color: #000080;\" href=\"http:\/\/www.lekaridnes.cz\/wp-content\/uploads\/2016\/08\/p-2009-hypertenze-v-gravidite-1.pdf\">Hypertenze v gravidit\u011b<\/a><\/span><\/p>\n<p><span style=\"color: #000080;\"><a style=\"color: #000080;\" href=\"http:\/\/www.lekaridnes.cz\/wp-content\/uploads\/2016\/08\/p-2008-odborne-stanovisko-vyboru-cgps-cls-jep-a-vyboru-sekce-perinatalni-mediciny-cgps-cls-jep-k-porodum-v-domacnosti.pdf\">Odborn\u00e9 stanovisko v\u00fdboru \u010cGPS \u010cLS JEP a v\u00fdboru sekce perinat\u00e1ln\u00ed medic\u00edny \u010cGPS \u010cLS JEP k porodu v dom\u00e1cnosti<\/a><\/span><\/p>\n<p><span style=\"color: #000080;\"><a style=\"color: #000080;\" href=\"http:\/\/www.lekaridnes.cz\/wp-content\/uploads\/2016\/08\/p-1986-interpretace-fetalniho-kardiotokogramu-figo-1986.pdf\">Interpretace fet\u00e1ln\u00edho kardiotokogramu &nbsp;FIGO 1986<\/a><\/span><\/p>\n","protected":false},"excerpt":{"rendered":"","protected":false},"author":1,"featured_media":534,"parent":0,"menu_order":0,"comment_status":"closed","ping_status":"closed","template":"","meta":{"footnotes":""},"class_list":["post-15","page","type-page","status-publish","has-post-thumbnail","hentry","","tg-column-two"],"_links":{"self":[{"href":"https:\/\/www.lekaridnes.cz\/index.php\/wp-json\/wp\/v2\/pages\/15","targetHints":{"allow":["GET"]}}],"collection":[{"href":"https:\/\/www.lekaridnes.cz\/index.php\/wp-json\/wp\/v2\/pages"}],"about":[{"href":"https:\/\/www.lekaridnes.cz\/index.php\/wp-json\/wp\/v2\/types\/page"}],"author":[{"embeddable":true,"href":"https:\/\/www.lekaridnes.cz\/index.php\/wp-json\/wp\/v2\/users\/1"}],"replies":[{"embeddable":true,"href":"https:\/\/www.lekaridnes.cz\/index.php\/wp-json\/wp\/v2\/comments?post=15"}],"version-history":[{"count":23,"href":"https:\/\/www.lekaridnes.cz\/index.php\/wp-json\/wp\/v2\/pages\/15\/revisions"}],"predecessor-version":[{"id":2300,"href":"https:\/\/www.lekaridnes.cz\/index.php\/wp-json\/wp\/v2\/pages\/15\/revisions\/2300"}],"wp:featuredmedia":[{"embeddable":true,"href":"https:\/\/www.lekaridnes.cz\/index.php\/wp-json\/wp\/v2\/media\/534"}],"wp:attachment":[{"href":"https:\/\/www.lekaridnes.cz\/index.php\/wp-json\/wp\/v2\/media?parent=15"}],"curies":[{"name":"wp","href":"https:\/\/api.w.org\/{rel}","templated":true}]}}