{"id":1117,"date":"2018-03-30T11:48:33","date_gmt":"2018-03-30T10:48:33","guid":{"rendered":"http:\/\/www.lekaridnes.cz\/?page_id=1117"},"modified":"2019-01-28T14:55:28","modified_gmt":"2019-01-28T13:55:28","slug":"porodnicka-analgezie-a-anestezie-2018","status":"publish","type":"page","link":"https:\/\/www.lekaridnes.cz\/index.php\/vzdelavani\/vzdelavani-2018\/porodnicka-analgezie-a-anestezie-2018\/","title":{"rendered":"Porodnick\u00e1 analgezie a anestezie 2018"},"content":{"rendered":"<p><strong>Dne 24. 3. 2018&nbsp; prob\u011bhl &nbsp;65. intenzivn\u00ed postgradu\u00e1ln\u00ed kurz Porodnick\u00e1 analgezie a anestezie na p\u016fd\u011b Gynekologicko- porodnick\u00e9 kliniky 1. LF UK a VFN v Praze.<br \/>\n<\/strong><\/p>\n<p>65. postgradu\u00e1ln\u00edho kurzu se z\u00fa\u010dastnilo 115 \u00fa\u010dastn\u00edk\u016f z \u0159ad l\u00e9ka\u0159\u016f specialist\u016f , porodn\u00edch asistentek i studentek porodn\u00ed asistence a v pr\u016fb\u011bhu cel\u00e9ho dne se sezn\u00e1mili s posledn\u00edmi novinkami z oblasti porodnick\u00e9 analgezie a anestezie.<\/p>\n<p><strong>Tento kurz Porodnick\u00e1 analgezie a anestezie je organizov\u00e1n bez p\u0159est\u00e1vky 25 let,&nbsp;<\/strong><strong>za&nbsp;\u010dtvrtstolet\u00ed &nbsp;zde nalezlo vzd\u011bl\u00e1n\u00ed v\u00edce ne\u017e 2.600 l\u00e9ka\u0159\u016f (porodnici, anesteziologov\u00e9, pediat\u0159i)&nbsp;a porodn\u00ed asistentky&nbsp;<\/strong><strong>z cel\u00e9 \u010cesk\u00e9 republiky a Slovenska.&nbsp;&nbsp;<\/strong><\/p>\n<p><strong>Odborn\u00fd garant:<br \/>\n<\/strong>prof. MUDr. Anton\u00edn Pa\u0159\u00edzek, CSc.<br \/>\np\u0159edseda Sekce analgezie a intenzivn\u00ed medic\u00edny v porodnictv\u00ed&nbsp;p\u0159i \u010cGPS \u010cLS JEP<\/p>\n<p><strong>Program:<br \/>\n<a href=\"http:\/\/www.lekaridnes.cz\/wp-content\/uploads\/2018\/04\/Porodnicka_AA_24_brezna_2018_program-1.pdf\">Kurz porodnick\u00e9 analgezie a anestezie<\/a><br \/>\n<\/strong><\/p>\n<p><strong>Po\u0159\u00e1dali:<br \/>\n<\/strong>Gynekologicko\u2013porodnick\u00e1 klinika 1. LF UK a VFN v Praze<br \/>\nSekce analgezie a intenzivn\u00ed medic\u00edny v porodnictv\u00ed&nbsp;p\u0159i \u010cGPS \u010cLS JEP<br \/>\nSekce porodnick\u00e9 anestezie a analgezie p\u0159i \u010cSARIM \u010cLS JEP<br \/>\n\u010cesk\u00e1 spole\u010dnost porodn\u00edch asistentek (\u010cSPA)<br \/>\nAesculap Akademie<\/p>\n<p><a href=\"http:\/\/www.lekaridnes.cz\/index.php\/prednasky-porodnicka-analgezie-a-anestezie-2018\/\"><img loading=\"lazy\" decoding=\"async\" class=\"alignnone wp-image-1163\" src=\"http:\/\/www.lekaridnes.cz\/wp-content\/uploads\/2018\/04\/Untitled-design-1-300x37.png\" alt=\"\" width=\"957\" height=\"118\" srcset=\"https:\/\/www.lekaridnes.cz\/wp-content\/uploads\/2018\/04\/Untitled-design-1-300x37.png 300w, https:\/\/www.lekaridnes.cz\/wp-content\/uploads\/2018\/04\/Untitled-design-1-720x90.png 720w, https:\/\/www.lekaridnes.cz\/wp-content\/uploads\/2018\/04\/Untitled-design-1.png 728w\" sizes=\"auto, (max-width: 957px) 100vw, 957px\" \/><\/a><\/p>\n<p>&nbsp;<\/p>\n<div id='gallery-1' class='gallery galleryid-1117 gallery-columns-3 gallery-size-medium'><figure class='gallery-item'>\n\t\t\t<div class='gallery-icon landscape'>\n\t\t\t\t<a href='https:\/\/www.lekaridnes.cz\/index.php\/vzdelavani\/vzdelavani-2018\/porodnicka-analgezie-a-anestezie-2018\/28947259_1863552507002784_7163446314052736041_o\/'><img loading=\"lazy\" decoding=\"async\" width=\"300\" height=\"200\" src=\"https:\/\/www.lekaridnes.cz\/wp-content\/uploads\/2018\/03\/28947259_1863552507002784_7163446314052736041_o-300x200.jpg\" class=\"attachment-medium size-medium\" alt=\"\" srcset=\"https:\/\/www.lekaridnes.cz\/wp-content\/uploads\/2018\/03\/28947259_1863552507002784_7163446314052736041_o-300x200.jpg 300w, https:\/\/www.lekaridnes.cz\/wp-content\/uploads\/2018\/03\/28947259_1863552507002784_7163446314052736041_o-768x512.jpg 768w, https:\/\/www.lekaridnes.cz\/wp-content\/uploads\/2018\/03\/28947259_1863552507002784_7163446314052736041_o-1024x683.jpg 1024w, https:\/\/www.lekaridnes.cz\/wp-content\/uploads\/2018\/03\/28947259_1863552507002784_7163446314052736041_o.jpg 1824w\" sizes=\"auto, (max-width: 300px) 100vw, 300px\" \/><\/a>\n\t\t\t<\/div><\/figure><figure class='gallery-item'>\n\t\t\t<div class='gallery-icon landscape'>\n\t\t\t\t<a href='https:\/\/www.lekaridnes.cz\/index.php\/vzdelavani\/vzdelavani-2018\/porodnicka-analgezie-a-anestezie-2018\/29064064_1863552510336117_4188493126685065866_o\/'><img loading=\"lazy\" decoding=\"async\" width=\"300\" height=\"200\" src=\"https:\/\/www.lekaridnes.cz\/wp-content\/uploads\/2018\/03\/29064064_1863552510336117_4188493126685065866_o-300x200.jpg\" class=\"attachment-medium size-medium\" alt=\"\" srcset=\"https:\/\/www.lekaridnes.cz\/wp-content\/uploads\/2018\/03\/29064064_1863552510336117_4188493126685065866_o-300x200.jpg 300w, https:\/\/www.lekaridnes.cz\/wp-content\/uploads\/2018\/03\/29064064_1863552510336117_4188493126685065866_o-768x512.jpg 768w, https:\/\/www.lekaridnes.cz\/wp-content\/uploads\/2018\/03\/29064064_1863552510336117_4188493126685065866_o-1024x683.jpg 1024w, https:\/\/www.lekaridnes.cz\/wp-content\/uploads\/2018\/03\/29064064_1863552510336117_4188493126685065866_o.jpg 1824w\" sizes=\"auto, (max-width: 300px) 100vw, 300px\" \/><\/a>\n\t\t\t<\/div><\/figure><figure class='gallery-item'>\n\t\t\t<div class='gallery-icon landscape'>\n\t\t\t\t<a href='https:\/\/www.lekaridnes.cz\/index.php\/vzdelavani\/vzdelavani-2018\/porodnicka-analgezie-a-anestezie-2018\/29354509_1863552497002785_5582182219331332329_o\/'><img loading=\"lazy\" decoding=\"async\" width=\"300\" height=\"200\" src=\"https:\/\/www.lekaridnes.cz\/wp-content\/uploads\/2018\/03\/29354509_1863552497002785_5582182219331332329_o-300x200.jpg\" class=\"attachment-medium size-medium\" alt=\"\" srcset=\"https:\/\/www.lekaridnes.cz\/wp-content\/uploads\/2018\/03\/29354509_1863552497002785_5582182219331332329_o-300x200.jpg 300w, https:\/\/www.lekaridnes.cz\/wp-content\/uploads\/2018\/03\/29354509_1863552497002785_5582182219331332329_o-768x512.jpg 768w, https:\/\/www.lekaridnes.cz\/wp-content\/uploads\/2018\/03\/29354509_1863552497002785_5582182219331332329_o-1024x683.jpg 1024w, https:\/\/www.lekaridnes.cz\/wp-content\/uploads\/2018\/03\/29354509_1863552497002785_5582182219331332329_o.jpg 1824w\" sizes=\"auto, (max-width: 300px) 100vw, 300px\" \/><\/a>\n\t\t\t<\/div><\/figure>\n\t\t<\/div>\n\n","protected":false},"excerpt":{"rendered":"<p>Dne 24. 3. 2018&nbsp; prob\u011bhl &nbsp;65. intenzivn\u00ed postgradu\u00e1ln\u00ed kurz Porodnick\u00e1 analgezie a anestezie na p\u016fd\u011b Gynekologicko- porodnick\u00e9 kliniky 1. LF UK a VFN v Praze. 65. postgradu\u00e1ln\u00edho kurzu se z\u00fa\u010dastnilo 115 \u00fa\u010dastn\u00edk\u016f z \u0159ad l\u00e9ka\u0159\u016f specialist\u016f , porodn\u00edch asistentek i<\/p>\n","protected":false},"author":2,"featured_media":0,"parent":2056,"menu_order":0,"comment_status":"closed","ping_status":"closed","template":"","meta":{"footnotes":""},"class_list":["post-1117","page","type-page","status-publish","hentry","","tg-column-two"],"_links":{"self":[{"href":"https:\/\/www.lekaridnes.cz\/index.php\/wp-json\/wp\/v2\/pages\/1117","targetHints":{"allow":["GET"]}}],"collection":[{"href":"https:\/\/www.lekaridnes.cz\/index.php\/wp-json\/wp\/v2\/pages"}],"about":[{"href":"https:\/\/www.lekaridnes.cz\/index.php\/wp-json\/wp\/v2\/types\/page"}],"author":[{"embeddable":true,"href":"https:\/\/www.lekaridnes.cz\/index.php\/wp-json\/wp\/v2\/users\/2"}],"replies":[{"embeddable":true,"href":"https:\/\/www.lekaridnes.cz\/index.php\/wp-json\/wp\/v2\/comments?post=1117"}],"version-history":[{"count":10,"href":"https:\/\/www.lekaridnes.cz\/index.php\/wp-json\/wp\/v2\/pages\/1117\/revisions"}],"predecessor-version":[{"id":2060,"href":"https:\/\/www.lekaridnes.cz\/index.php\/wp-json\/wp\/v2\/pages\/1117\/revisions\/2060"}],"up":[{"embeddable":true,"href":"https:\/\/www.lekaridnes.cz\/index.php\/wp-json\/wp\/v2\/pages\/2056"}],"wp:attachment":[{"href":"https:\/\/www.lekaridnes.cz\/index.php\/wp-json\/wp\/v2\/media?parent=1117"}],"curies":[{"name":"wp","href":"https:\/\/api.w.org\/{rel}","templated":true}]}}