{"id":1011,"date":"2017-12-18T14:09:40","date_gmt":"2017-12-18T13:09:40","guid":{"rendered":"http:\/\/www.lekaridnes.cz\/?page_id=1011"},"modified":"2019-01-28T15:00:40","modified_gmt":"2019-01-28T14:00:40","slug":"aora-2017","status":"publish","type":"page","link":"https:\/\/www.lekaridnes.cz\/index.php\/vzdelavani\/vzdelavani-2017\/aora-2017\/","title":{"rendered":"AORA 2017"},"content":{"rendered":"<p>Tradi\u010dn\u00ed setk\u00e1n\u00ed nad bieni\u00e1ln\u00edmi novinkami \u2013 op\u011bt se 350 \u00fa\u010dastn\u00edky multidisciplin\u00e1rn\u00edho zastoupen\u00ed &#8211;&nbsp; zaplnilo historick\u00fd s\u00e1l v Nov\u00e9 budov\u011b N\u00e1rodn\u00edho muzea v <strong>Praze dne 9. prosince 2017.<\/strong><\/p>\n<p>Kongres m\u00e1 dlouholetou, ka\u017edoro\u010dn\u00ed p\u0159edv\u00e1no\u010dn\u00ed&nbsp; tradici a v\u011bnuje se v\u017edy p\u0159edev\u0161\u00edm novink\u00e1m za posledn\u00ed rok v postgradu\u00e1ln\u00edm pojet\u00ed a za\u0159azuje i v\u00edce hodinov\u00fdch sekc\u00ed s kazuistikami. Ty jsou obzvl\u00e1\u0161t\u011b obl\u00edben\u00e9; mapuj\u00ed v\u017edy zaj\u00edmav\u00e9 a pou\u010dn\u00e9 p\u0159\u00edpady, \u010dasto raritn\u00ed, s komplikacemi, n\u00e1ro\u010dn\u00fdmi na neodkladn\u00e1 \u0159e\u0161en\u00ed, s p\u0159\u00edzniv\u00fdm a bohu\u017eel i nep\u0159\u00edzniv\u00fdm vy\u00fast\u011bn\u00edm, a s rozborem a pou\u010den\u00edm pro v\u0161echny budouc\u00ed z\u00e1ludnosti na sty\u010dn\u00e9 hranici obou obor\u016f. Je doprov\u00e1zen v\u00fdstavou nov\u00fdch p\u0159\u00edpravk\u016f i technick\u00e9ho vybaven\u00ed pro porodnictv\u00ed, pro t\u011bhotn\u00e9, pro maminky, s mo\u017enost\u00ed n\u00e1kupu odborn\u00fdch kni\u017en\u00edch novinek, podpo\u0159en sponsory a v\u0161estrannou kvalitn\u00ed organizac\u00ed.<\/p>\n<p><strong>Po\u0159adatel:<br \/>\n<\/strong>Gynekologicko \u2013 porodnick\u00e1 klinika 1. LF UK a VFN v Praze<br \/>\nSekce analgezie a anestezie v porodnictv\u00ed pri \u010cGPS \u010cLS JEP<br \/>\n\u010cesk\u00e1 spole\u010dnost porodn\u00edch asistentek<br \/>\nAesculap academie<\/p>\n<p><strong>Garant:<\/strong><br \/>\nprof. MUDr. Anton\u00edn Pa\u0159\u00edzek, CSc.<br \/>\n<em>p\u0159edseda&nbsp;Sekce analgezie a anestezie v porodnictv\u00ed pri \u010cGPS \u010cLS JE<\/em>P<\/p>\n<p><strong>Z\u00e1\u0161tita:<br \/>\n<\/strong>prof. MUDr. Tom\u00e1\u0161 Zima, DrSc., MBA<br \/>\n<em>rektor Univerzity Karlovy v Praze<\/em><\/p>\n<p><a href=\"http:\/\/www.lekaridnes.cz\/index.php\/prednasky-2017\/\"><img loading=\"lazy\" decoding=\"async\" class=\"wp-image-1078 size-full aligncenter\" src=\"http:\/\/www.lekaridnes.cz\/wp-content\/uploads\/2018\/01\/AORA.jpg\" alt=\"\" width=\"728\" height=\"90\" srcset=\"https:\/\/www.lekaridnes.cz\/wp-content\/uploads\/2018\/01\/AORA.jpg 728w, https:\/\/www.lekaridnes.cz\/wp-content\/uploads\/2018\/01\/AORA-300x37.jpg 300w, https:\/\/www.lekaridnes.cz\/wp-content\/uploads\/2018\/01\/AORA-720x90.jpg 720w\" sizes=\"auto, (max-width: 728px) 100vw, 728px\" \/><\/a><\/p>\n<div id='gallery-1' class='gallery galleryid-1011 gallery-columns-3 gallery-size-medium'><figure class='gallery-item'>\n\t\t\t<div class='gallery-icon landscape'>\n\t\t\t\t<a href='https:\/\/www.lekaridnes.cz\/index.php\/vzdelavani\/vzdelavani-2017\/aora-2017\/20171209-baba6422a\/'><img loading=\"lazy\" decoding=\"async\" width=\"300\" height=\"200\" src=\"https:\/\/www.lekaridnes.cz\/wp-content\/uploads\/2017\/12\/20171209-BABA6422a-300x200.jpg\" class=\"attachment-medium size-medium\" alt=\"\" srcset=\"https:\/\/www.lekaridnes.cz\/wp-content\/uploads\/2017\/12\/20171209-BABA6422a-300x200.jpg 300w, https:\/\/www.lekaridnes.cz\/wp-content\/uploads\/2017\/12\/20171209-BABA6422a-768x512.jpg 768w, https:\/\/www.lekaridnes.cz\/wp-content\/uploads\/2017\/12\/20171209-BABA6422a.jpg 1000w\" sizes=\"auto, (max-width: 300px) 100vw, 300px\" \/><\/a>\n\t\t\t<\/div><\/figure><figure class='gallery-item'>\n\t\t\t<div class='gallery-icon landscape'>\n\t\t\t\t<a href='https:\/\/www.lekaridnes.cz\/index.php\/vzdelavani\/vzdelavani-2017\/aora-2017\/20171209-baba6431a\/'><img loading=\"lazy\" decoding=\"async\" width=\"300\" height=\"200\" src=\"https:\/\/www.lekaridnes.cz\/wp-content\/uploads\/2017\/12\/20171209-BABA6431a-300x200.jpg\" class=\"attachment-medium size-medium\" alt=\"\" srcset=\"https:\/\/www.lekaridnes.cz\/wp-content\/uploads\/2017\/12\/20171209-BABA6431a-300x200.jpg 300w, https:\/\/www.lekaridnes.cz\/wp-content\/uploads\/2017\/12\/20171209-BABA6431a-768x512.jpg 768w, https:\/\/www.lekaridnes.cz\/wp-content\/uploads\/2017\/12\/20171209-BABA6431a.jpg 1000w\" sizes=\"auto, (max-width: 300px) 100vw, 300px\" \/><\/a>\n\t\t\t<\/div><\/figure><figure class='gallery-item'>\n\t\t\t<div class='gallery-icon landscape'>\n\t\t\t\t<a href='https:\/\/www.lekaridnes.cz\/index.php\/vzdelavani\/vzdelavani-2017\/aora-2017\/20171209-baba6418a\/'><img loading=\"lazy\" decoding=\"async\" width=\"300\" height=\"200\" src=\"https:\/\/www.lekaridnes.cz\/wp-content\/uploads\/2017\/12\/20171209-BABA6418a-300x200.jpg\" class=\"attachment-medium size-medium\" alt=\"\" srcset=\"https:\/\/www.lekaridnes.cz\/wp-content\/uploads\/2017\/12\/20171209-BABA6418a-300x200.jpg 300w, https:\/\/www.lekaridnes.cz\/wp-content\/uploads\/2017\/12\/20171209-BABA6418a-768x512.jpg 768w, https:\/\/www.lekaridnes.cz\/wp-content\/uploads\/2017\/12\/20171209-BABA6418a.jpg 1000w\" sizes=\"auto, (max-width: 300px) 100vw, 300px\" \/><\/a>\n\t\t\t<\/div><\/figure><figure class='gallery-item'>\n\t\t\t<div class='gallery-icon portrait'>\n\t\t\t\t<a href='https:\/\/www.lekaridnes.cz\/index.php\/vzdelavani\/vzdelavani-2017\/aora-2017\/20171209-baba6401a\/'><img loading=\"lazy\" decoding=\"async\" width=\"200\" height=\"300\" src=\"https:\/\/www.lekaridnes.cz\/wp-content\/uploads\/2017\/12\/20171209-BABA6401a-200x300.jpg\" class=\"attachment-medium size-medium\" alt=\"\" srcset=\"https:\/\/www.lekaridnes.cz\/wp-content\/uploads\/2017\/12\/20171209-BABA6401a-200x300.jpg 200w, https:\/\/www.lekaridnes.cz\/wp-content\/uploads\/2017\/12\/20171209-BABA6401a.jpg 667w\" sizes=\"auto, (max-width: 200px) 100vw, 200px\" \/><\/a>\n\t\t\t<\/div><\/figure><figure class='gallery-item'>\n\t\t\t<div class='gallery-icon portrait'>\n\t\t\t\t<a href='https:\/\/www.lekaridnes.cz\/index.php\/vzdelavani\/vzdelavani-2017\/aora-2017\/20171209-baba7045a-2\/'><img loading=\"lazy\" decoding=\"async\" width=\"209\" height=\"300\" src=\"https:\/\/www.lekaridnes.cz\/wp-content\/uploads\/2017\/12\/20171209-BABA7045a-2-209x300.jpg\" class=\"attachment-medium size-medium\" alt=\"\" srcset=\"https:\/\/www.lekaridnes.cz\/wp-content\/uploads\/2017\/12\/20171209-BABA7045a-2-209x300.jpg 209w, https:\/\/www.lekaridnes.cz\/wp-content\/uploads\/2017\/12\/20171209-BABA7045a-2.jpg 696w\" sizes=\"auto, (max-width: 209px) 100vw, 209px\" \/><\/a>\n\t\t\t<\/div><\/figure><figure class='gallery-item'>\n\t\t\t<div class='gallery-icon portrait'>\n\t\t\t\t<a href='https:\/\/www.lekaridnes.cz\/index.php\/vzdelavani\/vzdelavani-2017\/aora-2017\/20171209-baba6510a\/'><img loading=\"lazy\" decoding=\"async\" width=\"200\" height=\"300\" src=\"https:\/\/www.lekaridnes.cz\/wp-content\/uploads\/2017\/12\/20171209-BABA6510a-200x300.jpg\" class=\"attachment-medium size-medium\" alt=\"\" srcset=\"https:\/\/www.lekaridnes.cz\/wp-content\/uploads\/2017\/12\/20171209-BABA6510a-200x300.jpg 200w, https:\/\/www.lekaridnes.cz\/wp-content\/uploads\/2017\/12\/20171209-BABA6510a.jpg 667w\" sizes=\"auto, (max-width: 200px) 100vw, 200px\" \/><\/a>\n\t\t\t<\/div><\/figure><figure class='gallery-item'>\n\t\t\t<div class='gallery-icon landscape'>\n\t\t\t\t<a href='https:\/\/www.lekaridnes.cz\/index.php\/vzdelavani\/vzdelavani-2017\/aora-2017\/20171209-baba6760a\/'><img loading=\"lazy\" decoding=\"async\" width=\"300\" height=\"185\" src=\"https:\/\/www.lekaridnes.cz\/wp-content\/uploads\/2017\/12\/20171209-BABA6760a-300x185.jpg\" class=\"attachment-medium size-medium\" alt=\"\" srcset=\"https:\/\/www.lekaridnes.cz\/wp-content\/uploads\/2017\/12\/20171209-BABA6760a-300x185.jpg 300w, https:\/\/www.lekaridnes.cz\/wp-content\/uploads\/2017\/12\/20171209-BABA6760a-768x474.jpg 768w, https:\/\/www.lekaridnes.cz\/wp-content\/uploads\/2017\/12\/20171209-BABA6760a.jpg 1000w\" sizes=\"auto, (max-width: 300px) 100vw, 300px\" \/><\/a>\n\t\t\t<\/div><\/figure><figure class='gallery-item'>\n\t\t\t<div class='gallery-icon landscape'>\n\t\t\t\t<a href='https:\/\/www.lekaridnes.cz\/index.php\/vzdelavani\/vzdelavani-2017\/aora-2017\/20171209-baba6428a\/'><img loading=\"lazy\" decoding=\"async\" width=\"300\" height=\"200\" src=\"https:\/\/www.lekaridnes.cz\/wp-content\/uploads\/2017\/12\/20171209-BABA6428a-300x200.jpg\" class=\"attachment-medium size-medium\" alt=\"\" srcset=\"https:\/\/www.lekaridnes.cz\/wp-content\/uploads\/2017\/12\/20171209-BABA6428a-300x200.jpg 300w, https:\/\/www.lekaridnes.cz\/wp-content\/uploads\/2017\/12\/20171209-BABA6428a-768x512.jpg 768w, https:\/\/www.lekaridnes.cz\/wp-content\/uploads\/2017\/12\/20171209-BABA6428a.jpg 1000w\" sizes=\"auto, (max-width: 300px) 100vw, 300px\" \/><\/a>\n\t\t\t<\/div><\/figure><figure class='gallery-item'>\n\t\t\t<div class='gallery-icon landscape'>\n\t\t\t\t<a href='https:\/\/www.lekaridnes.cz\/index.php\/vzdelavani\/vzdelavani-2016\/kriticke-stavy-v-porodnictvi-2016\/jkrl9261a\/'><img loading=\"lazy\" decoding=\"async\" width=\"300\" height=\"200\" src=\"https:\/\/www.lekaridnes.cz\/wp-content\/uploads\/2017\/01\/JKRL9261a-300x200.jpg\" class=\"attachment-medium size-medium\" alt=\"\" srcset=\"https:\/\/www.lekaridnes.cz\/wp-content\/uploads\/2017\/01\/JKRL9261a-300x200.jpg 300w, https:\/\/www.lekaridnes.cz\/wp-content\/uploads\/2017\/01\/JKRL9261a-768x512.jpg 768w, https:\/\/www.lekaridnes.cz\/wp-content\/uploads\/2017\/01\/JKRL9261a.jpg 1000w\" sizes=\"auto, (max-width: 300px) 100vw, 300px\" \/><\/a>\n\t\t\t<\/div><\/figure><figure class='gallery-item'>\n\t\t\t<div class='gallery-icon landscape'>\n\t\t\t\t<a href='https:\/\/www.lekaridnes.cz\/index.php\/vzdelavani\/vzdelavani-2017\/aora-2017\/20171209-baba6747a\/'><img loading=\"lazy\" decoding=\"async\" width=\"300\" height=\"191\" src=\"https:\/\/www.lekaridnes.cz\/wp-content\/uploads\/2018\/01\/20171209-BABA6747a-300x191.jpg\" class=\"attachment-medium size-medium\" alt=\"\" srcset=\"https:\/\/www.lekaridnes.cz\/wp-content\/uploads\/2018\/01\/20171209-BABA6747a-300x191.jpg 300w, https:\/\/www.lekaridnes.cz\/wp-content\/uploads\/2018\/01\/20171209-BABA6747a-768x490.jpg 768w, https:\/\/www.lekaridnes.cz\/wp-content\/uploads\/2018\/01\/20171209-BABA6747a.jpg 1000w\" sizes=\"auto, (max-width: 300px) 100vw, 300px\" \/><\/a>\n\t\t\t<\/div><\/figure><figure class='gallery-item'>\n\t\t\t<div class='gallery-icon landscape'>\n\t\t\t\t<a href='https:\/\/www.lekaridnes.cz\/index.php\/vzdelavani\/vzdelavani-2017\/aora-2017\/20171209-baba7010bak\/'><img loading=\"lazy\" decoding=\"async\" width=\"300\" height=\"195\" src=\"https:\/\/www.lekaridnes.cz\/wp-content\/uploads\/2018\/01\/20171209-BABA7010bak-300x195.jpg\" class=\"attachment-medium size-medium\" alt=\"\" srcset=\"https:\/\/www.lekaridnes.cz\/wp-content\/uploads\/2018\/01\/20171209-BABA7010bak-300x195.jpg 300w, https:\/\/www.lekaridnes.cz\/wp-content\/uploads\/2018\/01\/20171209-BABA7010bak-768x500.jpg 768w, https:\/\/www.lekaridnes.cz\/wp-content\/uploads\/2018\/01\/20171209-BABA7010bak.jpg 1000w\" sizes=\"auto, (max-width: 300px) 100vw, 300px\" \/><\/a>\n\t\t\t<\/div><\/figure><figure class='gallery-item'>\n\t\t\t<div class='gallery-icon landscape'>\n\t\t\t\t<a href='https:\/\/www.lekaridnes.cz\/index.php\/vzdelavani\/vzdelavani-2017\/aora-2017\/20171209-baba7053a-2\/'><img loading=\"lazy\" decoding=\"async\" width=\"300\" height=\"200\" src=\"https:\/\/www.lekaridnes.cz\/wp-content\/uploads\/2018\/01\/20171209-BABA7053a-2-300x200.jpg\" class=\"attachment-medium size-medium\" alt=\"\" srcset=\"https:\/\/www.lekaridnes.cz\/wp-content\/uploads\/2018\/01\/20171209-BABA7053a-2-300x200.jpg 300w, https:\/\/www.lekaridnes.cz\/wp-content\/uploads\/2018\/01\/20171209-BABA7053a-2-768x512.jpg 768w, https:\/\/www.lekaridnes.cz\/wp-content\/uploads\/2018\/01\/20171209-BABA7053a-2.jpg 1000w\" sizes=\"auto, (max-width: 300px) 100vw, 300px\" \/><\/a>\n\t\t\t<\/div><\/figure><figure class='gallery-item'>\n\t\t\t<div class='gallery-icon landscape'>\n\t\t\t\t<a href='https:\/\/www.lekaridnes.cz\/index.php\/vzdelavani\/vzdelavani-2017\/aora-2017\/20171209-baba6598a\/'><img loading=\"lazy\" decoding=\"async\" width=\"300\" height=\"200\" src=\"https:\/\/www.lekaridnes.cz\/wp-content\/uploads\/2018\/01\/20171209-BABA6598a-300x200.jpg\" class=\"attachment-medium size-medium\" alt=\"\" srcset=\"https:\/\/www.lekaridnes.cz\/wp-content\/uploads\/2018\/01\/20171209-BABA6598a-300x200.jpg 300w, https:\/\/www.lekaridnes.cz\/wp-content\/uploads\/2018\/01\/20171209-BABA6598a-768x512.jpg 768w, https:\/\/www.lekaridnes.cz\/wp-content\/uploads\/2018\/01\/20171209-BABA6598a.jpg 1000w\" sizes=\"auto, (max-width: 300px) 100vw, 300px\" \/><\/a>\n\t\t\t<\/div><\/figure><figure class='gallery-item'>\n\t\t\t<div class='gallery-icon landscape'>\n\t\t\t\t<a href='https:\/\/www.lekaridnes.cz\/index.php\/vzdelavani\/vzdelavani-2017\/aora-2017\/20171209-baba6617a-2\/'><img loading=\"lazy\" decoding=\"async\" width=\"300\" height=\"200\" src=\"https:\/\/www.lekaridnes.cz\/wp-content\/uploads\/2018\/01\/20171209-BABA6617a-1-300x200.jpg\" class=\"attachment-medium size-medium\" alt=\"\" srcset=\"https:\/\/www.lekaridnes.cz\/wp-content\/uploads\/2018\/01\/20171209-BABA6617a-1-300x200.jpg 300w, https:\/\/www.lekaridnes.cz\/wp-content\/uploads\/2018\/01\/20171209-BABA6617a-1-768x512.jpg 768w, https:\/\/www.lekaridnes.cz\/wp-content\/uploads\/2018\/01\/20171209-BABA6617a-1.jpg 1000w\" sizes=\"auto, (max-width: 300px) 100vw, 300px\" \/><\/a>\n\t\t\t<\/div><\/figure><figure class='gallery-item'>\n\t\t\t<div class='gallery-icon landscape'>\n\t\t\t\t<a href='https:\/\/www.lekaridnes.cz\/index.php\/vzdelavani\/vzdelavani-2017\/aora-2017\/20171209-baba6694a\/'><img loading=\"lazy\" decoding=\"async\" width=\"300\" height=\"200\" src=\"https:\/\/www.lekaridnes.cz\/wp-content\/uploads\/2018\/01\/20171209-BABA6694a-300x200.jpg\" class=\"attachment-medium size-medium\" alt=\"\" srcset=\"https:\/\/www.lekaridnes.cz\/wp-content\/uploads\/2018\/01\/20171209-BABA6694a-300x200.jpg 300w, https:\/\/www.lekaridnes.cz\/wp-content\/uploads\/2018\/01\/20171209-BABA6694a-768x512.jpg 768w, https:\/\/www.lekaridnes.cz\/wp-content\/uploads\/2018\/01\/20171209-BABA6694a.jpg 1000w\" sizes=\"auto, (max-width: 300px) 100vw, 300px\" \/><\/a>\n\t\t\t<\/div><\/figure>\n\t\t<\/div>\n\n<p>&nbsp;<\/p>\n","protected":false},"excerpt":{"rendered":"<p>Tradi\u010dn\u00ed setk\u00e1n\u00ed nad bieni\u00e1ln\u00edmi novinkami \u2013 op\u011bt se 350 \u00fa\u010dastn\u00edky multidisciplin\u00e1rn\u00edho zastoupen\u00ed &#8211;&nbsp; zaplnilo historick\u00fd s\u00e1l v Nov\u00e9 budov\u011b N\u00e1rodn\u00edho muzea v Praze dne 9. prosince 2017. Kongres m\u00e1 dlouholetou, ka\u017edoro\u010dn\u00ed p\u0159edv\u00e1no\u010dn\u00ed&nbsp; tradici a v\u011bnuje se v\u017edy p\u0159edev\u0161\u00edm novink\u00e1m za<\/p>\n","protected":false},"author":2,"featured_media":0,"parent":2067,"menu_order":0,"comment_status":"closed","ping_status":"closed","template":"","meta":{"footnotes":""},"class_list":["post-1011","page","type-page","status-publish","hentry","","tg-column-two"],"_links":{"self":[{"href":"https:\/\/www.lekaridnes.cz\/index.php\/wp-json\/wp\/v2\/pages\/1011","targetHints":{"allow":["GET"]}}],"collection":[{"href":"https:\/\/www.lekaridnes.cz\/index.php\/wp-json\/wp\/v2\/pages"}],"about":[{"href":"https:\/\/www.lekaridnes.cz\/index.php\/wp-json\/wp\/v2\/types\/page"}],"author":[{"embeddable":true,"href":"https:\/\/www.lekaridnes.cz\/index.php\/wp-json\/wp\/v2\/users\/2"}],"replies":[{"embeddable":true,"href":"https:\/\/www.lekaridnes.cz\/index.php\/wp-json\/wp\/v2\/comments?post=1011"}],"version-history":[{"count":11,"href":"https:\/\/www.lekaridnes.cz\/index.php\/wp-json\/wp\/v2\/pages\/1011\/revisions"}],"predecessor-version":[{"id":2070,"href":"https:\/\/www.lekaridnes.cz\/index.php\/wp-json\/wp\/v2\/pages\/1011\/revisions\/2070"}],"up":[{"embeddable":true,"href":"https:\/\/www.lekaridnes.cz\/index.php\/wp-json\/wp\/v2\/pages\/2067"}],"wp:attachment":[{"href":"https:\/\/www.lekaridnes.cz\/index.php\/wp-json\/wp\/v2\/media?parent=1011"}],"curies":[{"name":"wp","href":"https:\/\/api.w.org\/{rel}","templated":true}]}}