{"id":10,"date":"2016-08-01T14:35:00","date_gmt":"2016-08-01T13:35:00","guid":{"rendered":"http:\/\/lekari.3sixty.eu\/?page_id=10"},"modified":"2017-02-01T11:03:34","modified_gmt":"2017-02-01T10:03:34","slug":"aktuality","status":"publish","type":"page","link":"https:\/\/www.lekaridnes.cz\/index.php\/aktuality\/","title":{"rendered":"Obstetric Journal"},"content":{"rendered":"<p>&nbsp;<\/p>\n<div class=\"supp\">\n<p class=\"title\"><!--more--><\/p>\n<p class=\"title\"><span style=\"color: #000080;\"><strong>15. prosinec 2016<\/strong><\/span><br \/>\n<strong><span style=\"color: #000080;\"><em><a style=\"color: #000080;\" href=\"https:\/\/www.ncbi.nlm.nih.gov\/pubmed\/27960198\">Preliminary Results From the US Zika Pregnancy Registry: Untangling Risks for Congenital Anomalies.<\/a><\/em><\/span><\/strong><\/p>\n<div class=\"supp\">\n<p class=\"desc\"><span style=\"color: #000080;\">Muller WJ, Miller ES.<span class=\"jrnl\" title=\"JAMA\">JAMA<\/span>. 2016 Dec 15. doi: 10.1001\/jama.2016.18632. [Epub ahead of print] No abstract available. PMID: 27960198<\/span><\/p>\n<p class=\"title\"><strong><span style=\"color: #000080;\">13. prosince 2016<\/span><\/strong><em><strong><span style=\"color: #000080;\"><br \/>\n<\/span><\/strong><\/em><em><strong><span style=\"color: #000080;\"><a style=\"color: #000080;\" href=\"https:\/\/www.ncbi.nlm.nih.gov\/pubmed\/27959890\">Combined oral contraceptive use before the first birth and epithelial ovarian cancer risk.<\/a><\/span><\/strong><\/em><\/p>\n<div class=\"supp\">\n<p class=\"desc\"><span style=\"color: #000080;\">Cook LS, Pestak CR, Leung AC, Steed H, Nation J, Swenerton K, Gallagher R, Magliocco A, K\u00f6bel M, Brooks-Wilson A, Le N.&nbsp;<span class=\"jrnl\" title=\"British journal of cancer\">Br J Cancer<\/span>. 2016 Dec 13. doi: 10.1038\/bjc.2016.400. [Epub ahead of print] PMID: 27959890<\/span><\/p>\n<p class=\"title\"><span style=\"color: #000080;\"><strong>Listopad 2016<\/strong><em><strong><br \/>\n<a style=\"color: #000080;\" href=\"https:\/\/www.ncbi.nlm.nih.gov\/pubmed\/27959272\">Fetal Syndrome of Endocannabinoid Deficiency (FSECD) In Maternal Obesity.<\/a><\/strong><\/em><\/span><\/p>\n<div class=\"supp\">\n<p class=\"desc\"><span style=\"color: #000080;\">Schlabritz-Loutsevitch N, German N, Ventolini G, Larumbe E, Samson J.&nbsp;<span class=\"jrnl\" title=\"Medical hypotheses\">Med Hypotheses<\/span>. 2016 Nov;96:35-38. doi: 10.1016\/j.mehy.2016.09.021. PMID: 27959272<\/span><\/p>\n<\/div>\n<\/div>\n<\/div>\n<p class=\"title\"><span style=\"color: #000080;\"><strong>29. listopad 2016<\/strong><br \/>\n<\/span><span style=\"color: #000080;\"><em><strong><a style=\"color: #000080;\" href=\"https:\/\/www.ncbi.nlm.nih.gov\/pubmed\/27898677\">Collagen Fiber Orientation and Dispersion in the Upper Cervix of Non-Pregnant and Pregnant Women.<\/a><\/strong><\/em><\/span><\/p>\n<div class=\"supp\">\n<p class=\"desc\"><span style=\"color: #000080;\">Yao W, Gan Y, Myers KM, Vink JY, Wapner RJ, Hendon CP.<\/span><br \/>\n<span style=\"color: #000080;\"><span class=\"jrnl\" title=\"PloS one\">PLoS One<\/span>. 2016 Nov 29;11(11):e0166709. doi: 10.1371\/journal.pone.0166709. PMID: &nbsp;27898677<\/span><\/p>\n<p class=\"title\"><span style=\"color: #000080;\"><strong>29. listopad 2016<\/strong><br \/>\n<\/span><span style=\"color: #000080;\"><em><strong><a style=\"color: #000080;\" href=\"https:\/\/www.ncbi.nlm.nih.gov\/pubmed\/27898546\">Lateral Position for Cesarean Delivery Because of Severe Aortocaval Compression in a Patient with Marfan Syndrome: A Case Report.<\/a><\/strong><\/em><\/span><\/p>\n<div class=\"supp\">\n<p class=\"desc\"><span style=\"color: #000080;\">Coffman JC, Legg RL, Coffman CF, Moran KR.<\/span><br \/>\n<span style=\"color: #000080;\"><span class=\"jrnl\" title=\"A &amp; A case reports\">A A Case Rep<\/span>. 2016 Nov 28. [Epub ahead of print] PMID: 27898546<\/span><\/p>\n<p class=\"desc\"><span style=\"color: #000080;\"><strong>15. listopad 2016<br \/>\n<\/strong><\/span><span style=\"color: #000080;\"><em><strong><a style=\"color: #000080;\" href=\"https:\/\/www.ncbi.nlm.nih.gov\/pubmed\/27896257\">A case of spontaneous hemoperitoneum by uterine vessel rupture in pregnancy.<\/a><\/strong><\/em><\/span><\/p>\n<div class=\"supp\">\n<p class=\"desc\"><span style=\"color: #000080;\">Jang JH, Kyeong KS, Lee S, Hong SH, Ji I, Jeong EH.<\/span><br \/>\n<span style=\"color: #000080;\"><span class=\"jrnl\" title=\"Obstetrics &amp; gynecology science\">Obstet Gynecol Sci<\/span>. 2016 Nov;59(6):530-534. PMID: 27896257<\/span><\/p>\n<p class=\"desc\"><strong><span style=\"color: #000080;\">15. listopad 2016<\/span><\/strong><br \/>\n<em><strong><span style=\"color: #000080;\"><a style=\"color: #000080;\" href=\"https:\/\/www.ncbi.nlm.nih.gov\/pubmed\/27896259\">Prenatal diagnosis of spontaneous twin anemia-polycythemia sequence and postnatal examination of placental vascular anastomoses.<\/a><\/span><\/strong><\/em><\/p>\n<div class=\"rslt\">\n<div class=\"supp\">\n<p class=\"desc\"><span style=\"color: #000080;\">Bae JY, Oh JJ, Hong SY.<\/span><br \/>\n<span style=\"color: #000080;\"><span class=\"jrnl\" title=\"Obstetrics &amp; gynecology science\">Obstet Gynecol Sci<\/span>. 2016 Nov;59(6):539-543. PMID: 27896259<\/span><\/p>\n<\/div>\n<\/div>\n<\/div>\n<\/div>\n<\/div>\n<p class=\"title\"><span style=\"color: #000080;\"><strong>17. z\u00e1\u0159\u00ed 2016<br \/>\n<\/strong><em><strong><a style=\"color: #000080;\" href=\"http:\/\/www.ncbi.nlm.nih.gov\/pubmed\/27640066\">Long-term follow-up of the outcome of supracervical versus total abdominal hysterectomy.<\/a><\/strong><\/em><\/span><\/p>\n<div class=\"supp\">\n<p class=\"desc\"><span style=\"color: #000080;\">Ala-Nissil\u00e4 S, Haarala M, J\u00e4rvenp\u00e4\u00e4 T, M\u00e4kinen J.<\/span><br \/>\n<span style=\"color: #000080;\"> <span class=\"jrnl\" title=\"International urogynecology journal\">Int Urogynecol J<\/span>. 2016 Sep 17. [Epub ahead of print]&nbsp;PMID:&nbsp;27640066<\/span><\/p>\n<p class=\"title\"><span style=\"color: #000080;\"><strong>17. z\u00e1\u0159\u00ed 2016<br \/>\n<\/strong><strong><em><a style=\"color: #000080;\" href=\"http:\/\/www.ncbi.nlm.nih.gov\/pubmed\/27640065\">Factors associated with urinary incontinence in middle-aged women:a population-based household survey.<\/a><\/em><\/strong><\/span><\/p>\n<div class=\"supp\">\n<p class=\"desc\"><span style=\"color: #000080;\">Juliato CR, Baccaro LF, Pedro AO, Gabiatti JR, Lui-Filho JF, Costa-Paiva L.<\/span><br \/>\n<span style=\"color: #000080;\"> <span class=\"jrnl\" title=\"International urogynecology journal\">Int Urogynecol J<\/span>. 2016 Sep 17. [Epub ahead of print]&nbsp;PMID:&nbsp;27640065<\/span><\/p>\n<div class=\"rprt\">\n<div class=\"rslt\">\n<p class=\"title\"><span style=\"color: #000080;\"><strong>17. z\u00e1\u0159\u00ed 2016<br \/>\n<\/strong><em><strong><a style=\"color: #000080;\" href=\"http:\/\/www.ncbi.nlm.nih.gov\/pubmed\/27640064\">Paravaginal defect: anatomy, clinical findings, and imaging.<\/a><\/strong><\/em><\/span><\/p>\n<div class=\"supp\">\n<p class=\"desc\"><span style=\"color: #000080;\">Arenholt LT, Pedersen BG, Glavind K, Glavind-Kristensen M, DeLancey JO.<\/span><br \/>\n<span style=\"color: #000080;\"> <span class=\"jrnl\" title=\"International urogynecology journal\">Int Urogynecol J<\/span>. 2016 Sep 17. [Epub ahead of print]&nbsp;PMID:&nbsp;27640064&nbsp;<label class=\"ui-helper-hidden-accessible\" for=\"UidCheckBox27639998\">Select item 27639998<\/label><input id=\"UidCheckBox27639998\" name=\"EntrezSystem2.PEntrez.PubMed.Pubmed_ResultsPanel.Pubmed_RVDocSum.uid\" type=\"checkbox\" value=\"27639998\">5.<\/span><\/p>\n<\/div>\n<\/div>\n<\/div>\n<div class=\"rprt\">\n<div class=\"rslt\">\n<p class=\"title\"><span style=\"color: #000080;\"><strong>17. z\u00e1\u0159\u00ed 2016<br \/>\n<\/strong><em><strong><a style=\"color: #000080;\" href=\"http:\/\/www.ncbi.nlm.nih.gov\/pubmed\/27639998\">Carbonyl cyanide 4-(trifluoromethoxy)phenylhydrazone (FCCP) pre-exposure ensures follicle integrity during in vitro culture of ovarian tissue but not during cryopreservation in the domestic cat model.<\/a><\/strong><\/em><\/span><\/p>\n<div class=\"supp\">\n<p class=\"desc\"><span style=\"color: #000080;\">Tanpradit N, Chatdarong K, Comizzoli P.<\/span><br \/>\n<span style=\"color: #000080;\"> <span class=\"jrnl\" title=\"Journal of assisted reproduction and genetics\">J Assist Reprod Genet<\/span>. 2016 Sep 17. [Epub ahead of print]&nbsp;PMID:&nbsp;27639998&nbsp;<label class=\"ui-helper-hidden-accessible\" for=\"UidCheckBox27639877\">Select item 27639877<\/label><input id=\"UidCheckBox27639877\" name=\"EntrezSystem2.PEntrez.PubMed.Pubmed_ResultsPanel.Pubmed_RVDocSum.uid\" type=\"checkbox\" value=\"27639877\">6.<\/span><\/p>\n<\/div>\n<\/div>\n<\/div>\n<div class=\"rprt\">\n<div class=\"rslt\">\n<p class=\"title\"><span style=\"color: #000080;\"><strong>17. z\u00e1\u0159\u00ed 2016<br \/>\n<\/strong><strong><em><a style=\"color: #000080;\" href=\"http:\/\/www.ncbi.nlm.nih.gov\/pubmed\/27639877\">Mammographic extent of microcalcifications and oestrogen receptor expression affect preoperative breast carcinoma in situ size estimation.<\/a><\/em><\/strong><\/span><\/p>\n<div class=\"supp\">\n<p class=\"desc\"><span style=\"color: #000080;\">Vernet-Tomas M, Mojal S, Gamero R, Nicolau P, Rodr\u00edguez-Arana A, Plancarte F, Corominas JM, Serrano-Munne L, Carreras R, Sabadell D.<\/span><br \/>\n<span style=\"color: #000080;\"> <span class=\"jrnl\" title=\"Breast cancer (Tokyo, Japan)\">Breast Cancer<\/span>. 2016 Sep 17. [Epub ahead of print]&nbsp;PMID:&nbsp;27639877&nbsp;<label class=\"ui-helper-hidden-accessible\" for=\"UidCheckBox27639749\">Select item 27639749<\/label><input id=\"UidCheckBox27639749\" name=\"EntrezSystem2.PEntrez.PubMed.Pubmed_ResultsPanel.Pubmed_RVDocSum.uid\" type=\"checkbox\" value=\"27639749\">7.<\/span><\/p>\n<\/div>\n<\/div>\n<\/div>\n<div class=\"rprt\">\n<div class=\"rslt\">\n<p class=\"title\"><span style=\"color: #000080;\"><strong>14. z\u00e1\u0159\u00ed 2016<br \/>\n<\/strong><em><strong><a style=\"color: #000080;\" href=\"http:\/\/www.ncbi.nlm.nih.gov\/pubmed\/27639749\">Surgical Management of Benign Adnexal Masses in the Pediatric\/Adolescent Population: An 11-Year Review.<\/a><\/strong><\/em><\/span><\/p>\n<div class=\"supp\">\n<p class=\"desc\"><span style=\"color: #000080;\">Bergeron LM, Bishop KC, Hoefgen HR, Abraham MS, Tutlam NT, Merritt DF, Peipert JF.<\/span><br \/>\n<span style=\"color: #000080;\"> <span class=\"jrnl\" title=\"Journal of pediatric and adolescent gynecology\">J Pediatr Adolesc Gynecol<\/span>. 2016 Sep 14. pii: S1083-3188(16)30168-1. doi: 10.1016\/j.jpag.2016.09.002. [Epub ahead of print]&nbsp;PMID:&nbsp;27639749<\/span><\/p>\n<p><span style=\"color: #000080;\"><strong>3. srpen 2016<br \/>\n<\/strong><em><strong><a style=\"color: #000080;\" href=\"http:\/\/www.ncbi.nlm.nih.gov\/pubmed\/27640082\">Role of birth spacing, family planning services, safe abortion services and post-abortion care in reducing maternal mortality.<\/a><\/strong><\/em><\/span><\/p>\n<div class=\"supp\">\n<p class=\"desc\"><span style=\"color: #000080;\">Ganatra B, Faundes A.<\/span><br \/>\n<span style=\"color: #000080;\"> <span class=\"jrnl\" title=\"Best practice &amp; research. Clinical obstetrics &amp; gynaecology\">Best Pract Res Clin Obstet Gynaecol<\/span>. 2016 Aug 3. pii: S1521-6934(16)30068-2. doi: 10.1016\/j.bpobgyn.2016.07.008. [Epub ahead of print] Review.&nbsp;PMID:&nbsp;27640082<\/span><\/p>\n<\/div>\n<\/div>\n<\/div>\n<\/div>\n<\/div>\n<\/div>\n<\/div>\n","protected":false},"excerpt":{"rendered":"<p>&nbsp;<\/p>\n","protected":false},"author":1,"featured_media":530,"parent":0,"menu_order":6,"comment_status":"closed","ping_status":"closed","template":"","meta":{"footnotes":""},"class_list":["post-10","page","type-page","status-publish","has-post-thumbnail","hentry","","tg-column-two"],"_links":{"self":[{"href":"https:\/\/www.lekaridnes.cz\/index.php\/wp-json\/wp\/v2\/pages\/10","targetHints":{"allow":["GET"]}}],"collection":[{"href":"https:\/\/www.lekaridnes.cz\/index.php\/wp-json\/wp\/v2\/pages"}],"about":[{"href":"https:\/\/www.lekaridnes.cz\/index.php\/wp-json\/wp\/v2\/types\/page"}],"author":[{"embeddable":true,"href":"https:\/\/www.lekaridnes.cz\/index.php\/wp-json\/wp\/v2\/users\/1"}],"replies":[{"embeddable":true,"href":"https:\/\/www.lekaridnes.cz\/index.php\/wp-json\/wp\/v2\/comments?post=10"}],"version-history":[{"count":28,"href":"https:\/\/www.lekaridnes.cz\/index.php\/wp-json\/wp\/v2\/pages\/10\/revisions"}],"predecessor-version":[{"id":862,"href":"https:\/\/www.lekaridnes.cz\/index.php\/wp-json\/wp\/v2\/pages\/10\/revisions\/862"}],"wp:featuredmedia":[{"embeddable":true,"href":"https:\/\/www.lekaridnes.cz\/index.php\/wp-json\/wp\/v2\/media\/530"}],"wp:attachment":[{"href":"https:\/\/www.lekaridnes.cz\/index.php\/wp-json\/wp\/v2\/media?parent=10"}],"curies":[{"name":"wp","href":"https:\/\/api.w.org\/{rel}","templated":true}]}}